{"id":2133,"date":"2018-01-16T10:58:13","date_gmt":"2018-01-16T09:58:13","guid":{"rendered":"https:\/\/windenergietage.de\/2017\/?page_id=2133"},"modified":"2018-01-16T11:00:29","modified_gmt":"2018-01-16T10:00:29","slug":"unterstuetzter-katalog","status":"publish","type":"page","link":"https:\/\/windenergietage.de\/2017\/unterstuetzter-katalog\/","title":{"rendered":"Unterst\u00fctzter-Katalog"},"content":{"rendered":"<h4 style=\"text-align: center\"><a href=\"https:\/\/windenergietage.de\/2017\/wp-content\/uploads\/sites\/2\/2017\/10\/2017_Sponsorenkatalog.pdf\" target=\"_blank\" rel=\"noopener\">Ihre W\u00fcnsche &#8211; Alle M\u00f6glichkeiten!<\/a><\/h4>\n<h4 style=\"text-align: center\">Der Unterst\u00fctzerkatalog 2017.<\/h4>\n","protected":false},"excerpt":{"rendered":"<p>Ihre W\u00fcnsche &#8211; Alle M\u00f6glichkeiten! Der Unterst\u00fctzerkatalog 2017.<\/p>\n","protected":false},"author":2,"featured_media":0,"parent":0,"menu_order":35,"comment_status":"closed","ping_status":"closed","template":"","meta":{"_acf_changed":false,"footnotes":""},"class_list":["post-2133","page","type-page","status-publish","hentry"],"acf":[],"_links":{"self":[{"href":"https:\/\/windenergietage.de\/2017\/wp-json\/wp\/v2\/pages\/2133","targetHints":{"allow":["GET"]}}],"collection":[{"href":"https:\/\/windenergietage.de\/2017\/wp-json\/wp\/v2\/pages"}],"about":[{"href":"https:\/\/windenergietage.de\/2017\/wp-json\/wp\/v2\/types\/page"}],"author":[{"embeddable":true,"href":"https:\/\/windenergietage.de\/2017\/wp-json\/wp\/v2\/users\/2"}],"replies":[{"embeddable":true,"href":"https:\/\/windenergietage.de\/2017\/wp-json\/wp\/v2\/comments?post=2133"}],"version-history":[{"count":2,"href":"https:\/\/windenergietage.de\/2017\/wp-json\/wp\/v2\/pages\/2133\/revisions"}],"predecessor-version":[{"id":2135,"href":"https:\/\/windenergietage.de\/2017\/wp-json\/wp\/v2\/pages\/2133\/revisions\/2135"}],"wp:attachment":[{"href":"https:\/\/windenergietage.de\/2017\/wp-json\/wp\/v2\/media?parent=2133"}],"curies":[{"name":"wp","href":"https:\/\/api.w.org\/{rel}","templated":true}]}}