{"id":525,"date":"2016-05-31T15:41:26","date_gmt":"2016-05-31T13:41:26","guid":{"rendered":"http:\/\/www.go-seminare.de\/?page_id=525"},"modified":"2018-02-13T17:32:02","modified_gmt":"2018-02-13T16:32:02","slug":"agb","status":"publish","type":"page","link":"https:\/\/windenergietage.de\/2017\/agb\/","title":{"rendered":"AGB"},"content":{"rendered":"<p><strong>1. Anmeldung:<\/strong><br \/>\nDie Anmeldung ist verbindlich. Sie erhalten nach Eingang Ihrer Anmeldung eine Eingangsbest\u00e4tigung zugesandt.<\/p>\n<p><strong>2. Zahlung:<\/strong><br \/>\nDie Teilnahmegeb\u00fchren sind mit Erhalt der Rechnung ohne Abzug zur Zahlung f\u00e4llig. Veranstaltungseinlass kann nur gew\u00e4hrt werden, wenn die Zahlung drei Tage vor Beginn der Veranstaltung eingegangen ist.<\/p>\n<p><strong>3. R\u00fccktritt:<\/strong><br \/>\nDer R\u00fccktritt ist schriftlich (per Brief, Fax, E-Mail) zu erkl\u00e4ren. Geht uns die R\u00fccktrittserkl\u00e4rung sp\u00e4testens 14 Tage vor dem Veranstaltungstermin zu, wird keine Geb\u00fchr erhoben, bei einer Stornierung im Zeitraum von 13 bis 8 Tagen erheben wir eine Bearbeitungsgeb\u00fchr von 50%. Bei sp\u00e4teren Absagen (ab 7 Tagen vor Veranstaltungsbeginn) wird die volle Teilnahmegeb\u00fchr berechnet. Die Anmeldung eines Ersatzteilnehmers ist bis vor Beginn der Veranstaltung m\u00f6glich; eine eigene Anmeldung des Ersatzteilnehmers ist erforderlich. Ein teilweiser R\u00fccktritt von einer Veranstaltung sowie eine teilweise Ersatzteilnahme sind nicht m\u00f6glich.<\/p>\n<p><strong>4. Absage\/\u00c4nderungen:<\/strong><br \/>\nBei Absage der Veranstaltung wegen zu geringer Teilnehmerzahl (sp\u00e4testens 14 Tage vor Beginn oder infolge h\u00f6herer Gewalt wird die Teilnahmegeb\u00fchr erstattet. Absagen oder notwendige \u00c4nderungen, insbesondere ein Referentenwechsel, werden Ihnen so rechtzeitig wie m\u00f6glich mitgeteilt. Programm\u00e4nderungen bleiben ausdr\u00fccklich vorbehalten, soweit der Gesamtcharakter der Veranstaltung gewahrt wird. Referentenwechsel, unwesentliche \u00c4nderungen im Veranstaltungsablauf oder eine zumutbare Verlegung des Veranstaltungsorts berechtigen nicht zur Preisminderung oder zum R\u00fccktritt vom Vertrag. F\u00fcr vergebliche Aufwendungen oder sonstige Nachteile, die dem Vertragspartner durch die Absage entstehen, kommen wir (au\u00dfer in F\u00e4llen von Vorsatz und grober Fahrl\u00e4ssigkeit) nicht auf.<\/p>\n<p><strong>5. Leistungsumfang:<\/strong><br \/>\nDie Veranstaltungsgeb\u00fchr umfasst, soweit nicht anders angegeben, die Teilnahme an der Tagung, die Veranstaltungsunterlagen, die Veranstaltungsgetr\u00e4nke sowie die Pausenbewirtung.<\/p>\n<p><strong>6. Arbeitsmittel:<\/strong><br \/>\nDie Veranstaltungsunterlagen werden den Teilnehmern vor Ort zur Verf\u00fcgung gestellt, sofern die Referenten diese freigeben Spreewind ist nicht f\u00fcr die Inhalte verantwortlich.<\/p>\n","protected":false},"excerpt":{"rendered":"<p>1. Anmeldung: Die Anmeldung ist verbindlich. Sie erhalten nach Eingang Ihrer Anmeldung eine Eingangsbest\u00e4tigung zugesandt. 2. Zahlung: Die Teilnahmegeb\u00fchren sind mit Erhalt der Rechnung ohne Abzug zur Zahlung f\u00e4llig. Veranstaltungseinlass&#8230;<\/p>\n","protected":false},"author":1,"featured_media":0,"parent":0,"menu_order":801,"comment_status":"closed","ping_status":"closed","template":"","meta":{"_acf_changed":false,"footnotes":""},"class_list":["post-525","page","type-page","status-publish","hentry"],"acf":[],"_links":{"self":[{"href":"https:\/\/windenergietage.de\/2017\/wp-json\/wp\/v2\/pages\/525","targetHints":{"allow":["GET"]}}],"collection":[{"href":"https:\/\/windenergietage.de\/2017\/wp-json\/wp\/v2\/pages"}],"about":[{"href":"https:\/\/windenergietage.de\/2017\/wp-json\/wp\/v2\/types\/page"}],"author":[{"embeddable":true,"href":"https:\/\/windenergietage.de\/2017\/wp-json\/wp\/v2\/users\/1"}],"replies":[{"embeddable":true,"href":"https:\/\/windenergietage.de\/2017\/wp-json\/wp\/v2\/comments?post=525"}],"version-history":[{"count":2,"href":"https:\/\/windenergietage.de\/2017\/wp-json\/wp\/v2\/pages\/525\/revisions"}],"predecessor-version":[{"id":2157,"href":"https:\/\/windenergietage.de\/2017\/wp-json\/wp\/v2\/pages\/525\/revisions\/2157"}],"wp:attachment":[{"href":"https:\/\/windenergietage.de\/2017\/wp-json\/wp\/v2\/media?parent=525"}],"curies":[{"name":"wp","href":"https:\/\/api.w.org\/{rel}","templated":true}]}}