{"id":535,"date":"2016-05-31T15:54:16","date_gmt":"2016-05-31T13:54:16","guid":{"rendered":"http:\/\/www.go-seminare.de\/?page_id=535"},"modified":"2018-01-30T09:53:12","modified_gmt":"2018-01-30T08:53:12","slug":"anreise-uebernachtung","status":"publish","type":"page","link":"https:\/\/windenergietage.de\/2017\/anreise-uebernachtung\/","title":{"rendered":"Anreise \/ \u00dcbernachtung"},"content":{"rendered":"<p><strong>Unser Veranstaltungsort:<\/strong><br \/>\n<a href=\"https:\/\/www.hohe-duene.de\/\" target=\"_blank\" rel=\"noopener noreferrer\">Yachthafenresidenz H\u00f6he D\u00fcne<\/a><br \/>\nAm Yachthafen 1 in 18119 Rostock-Warnem\u00fcnde<br \/>\n<a href=\"https:\/\/t.hohe-duene.de\/f\/25\/anfahrt.pdf\" target=\"_blank\" rel=\"noopener noreferrer\">Anfahrtsbeschreibung<\/a><\/p>\n<p><strong>\u00dcbernachtungen:<\/strong><\/p>\n<p><a href=\"http:\/\/www.yhd.de\/\" target=\"_blank\" rel=\"noopener noreferrer\"><strong>Yachthafenresidenz Hohe D\u00fcne<\/strong><\/a> ~ Am Yachthafen 1 ~ 18119 Rostock-Warnem\u00fcnde,<br \/>\n<span style=\"color: #ff0000;\"><strong>IST AUSGEBUCHT!<\/strong><\/span><\/p>\n<p>Wir richten einen Schiffstransfer vom Tagungshotel nach Warnem\u00fcnde ein,<br \/>\nFahrzeit 5 Minuten. Vom Anleger Alter Leuchtturm in Warnem\u00fcnde erreichen<\/p>\n<p>Sie erreichen fast alle Hotels in f\u00fcnf Minuten Fu\u00dfweg.<\/p>\n<p>&nbsp;<\/p>\n<p><span style=\"color: #000000;\"><strong>Weitere Hotels in der N\u00e4he:<\/strong><\/span><\/p>\n<p><a href=\"http:\/\/www.hotel-neptun.de\/\" target=\"_blank\" rel=\"noopener noreferrer\"><strong>Hotel NEPTUN<\/strong><\/a> ~ Seestra\u00dfe 19 ~ 18119 Rostock-Warnem\u00fcnde,<br \/>\nTelefon +49 381\/ 777 0 oder<br \/>\nper Email <a href=\"mailto:reservierung@hotel-neptun.de\">reservierung@hotel-neptun.de<\/a>, Stichwort: <span style=\"color: #000000;\"><strong>Windenergie<\/strong><\/span><br \/>\nab 185,00 \u20ac pro Nacht im Einzelzimmer inkl. Fr\u00fchst\u00fcck oder<br \/>\nab 199,00 \u20ac pro Nacht im Doppelzimmer inkl. Fr\u00fchst\u00fcck (Mindestaufenthalt 2 N\u00e4chte)<br \/>\nNutzen Sie gern das <a href=\"https:\/\/windenergietage.de\/wp-content\/uploads\/sites\/2\/2017\/02\/Hotel_Neptun_Windenergietage2017.pdf\" target=\"_blank\" rel=\"noopener noreferrer\">Buchungsformular.<\/a> Vorab k\u00f6nnen Sie dem Hotel au\u00dferdem Ihre <a href=\"https:\/\/windenergietage.de\/wp-content\/uploads\/sites\/2\/2016\/08\/Hotel_Neptun_G\u00e4ste-Wunschliste.pdf\" target=\"_blank\" rel=\"noopener noreferrer\">\u201eWunschliste\u201c<\/a> zukommen lassen.<\/p>\n<div class=\"clear line\"><\/div>\n<p><strong><u>Strandhafer Aparthotel <\/u><\/strong>~ Am Stolteraer Ring 1 ~ 18119 Rostock-Warnem\u00fcnde,<br \/>\nTelefon +49 381\/ 3756570 oder per Email <a href=\"mailto:info@hotel-strandhafer.de\"><u>info@hotel-strandhafer.de<\/u><\/a>,<br \/>\nStichwort: <strong>Windenergie<\/strong><\/p>\n<p>ab 158,00 \u20ac f\u00fcr <strong>2 N\u00e4chte<\/strong> im Einzelzimmer inkl. Fr\u00fchst\u00fcck<br \/>\nab 178,00 \u20ac f\u00fcr <strong>2 N\u00e4chte<\/strong> im Doppelzimmer inkl. Fr\u00fchst\u00fcck<br \/>\nab 178,00 \u20ac f\u00fcr <strong>2 N\u00e4chte<\/strong> in 2-Raum FeWo<\/p>\n<div class=\"clear line\"><\/div>\n<p><strong><u>Landhotel Ostseetraum <\/u><\/strong>~Stolteraer Weg 34a ~18119 Rostock-Diedrichshagen,<br \/>\nTelefon +49 381\/ 5191848 oder per Email <a href=\"mailto:info@ostseetraum.de\"><u>info@ostseetraum.de<\/u><\/a><u>,<\/u><\/p>\n<p>Stichwort: <strong>Windenergie<\/strong><\/p>\n<p>ab 49,00 \u20ac <strong>pro Nacht <\/strong>im Einzelzimmer inkl. Fr\u00fchst\u00fcck<br \/>\nab 69,00 \u20ac <strong>pro Nacht<\/strong> im Doppelzimmer inkl. Fr\u00fchst\u00fcck<br \/>\nab 69,00 \u20ac <strong>pro Nacht<\/strong> im Appartement inkl. Fr\u00fchst\u00fcck<\/p>\n<div class=\"clear line\"><\/div>\n<p><a href=\"http:\/\/www.ajaresorts.de\/standorte\/warnemuende\/\" target=\"_blank\" rel=\"noopener noreferrer\"><strong>a-ja Warnem\u00fcnde. Das Resort.<\/strong><\/a> ~ Zur Promenade 2 ~ 18119 Rostock-Warnem\u00fcnde,<br \/>\nTelefon +49 40\/ 696352580 oder<br \/>\nper Email <a href=\"mailto:reservierung@ajaresorts.de\">reservierung@ajaresorts.de<\/a>, Stichwort: <span style=\"color: #000000;\"><strong>Windenergie<\/strong><\/span><br \/>\n<span style=\"color: #000000;\"> 119,00 \u20ac pro Nacht im Einzelzimmer inkl. Fr\u00fchst\u00fcck oder<\/span><br \/>\n<span style=\"color: #000000;\"> 188,00 \u20ac pro Nacht im Doppelzimmer inkl. Fr\u00fchst\u00fcck<\/span><\/p>\n<div class=\"clear line\"><\/div>\n<p><span style=\"color: #000000;\"><strong><a style=\"color: #000000;\" href=\"http:\/\/www.strandresort.de\/\" target=\"_blank\" rel=\"noopener noreferrer\">StrandResort Markgrafenheide<\/a><\/strong> ~ Budentannenweg 10 ~ 18146 Markgrafenheide,<\/span><br \/>\n<span style=\"color: #000000;\"> Telefon +49 381\/ 778 91 777 oder<\/span><br \/>\n<span style=\"color: #000000;\"> per Email <a href=\"mailto:info@strandresort.de\">info@strandresort.de<\/a>, Stichwort: <strong>Windenergie<\/strong><\/span><br \/>\n<span style=\"color: #000000;\"> ab 70,00 \u20ac pro Person inkl. Fr\u00fchst\u00fcck im D\u00fcnenhaus bei Doppelbelegung<\/span><\/p>\n<div class=\"clear line\"><\/div>\n<p><strong><u>Hotel Stolteraa <\/u><\/strong>~ Strandweg 17 ~ 18119 Rostock-Warnem\u00fcnde<\/p>\n<p>Telefon +49 381\/ 54320 oder per Email <a href=\"mailto:info@hotel-stolteraa.de\"><strong><u>info@hotel-stolteraa.de<\/u><\/strong><\/a><\/p>\n<p><strong>Buchung bitte zwingend \u00fcber Herrn Trybull<\/strong><\/p>\n<p>Stichwort: <strong>Windenergie<\/strong><\/p>\n<p>ab 79,00 \u20ac <strong>pro Nacht<\/strong> im Einzelzimmer inkl. Fr\u00fchst\u00fcck<\/p>\n<p>ab 95,00 \u20ac <strong>pro Nacht<\/strong> im Doppelzimmer inkl. Fr\u00fchst\u00fcck<\/p>\n<div class=\"clear line\"><\/div>\n<p><strong><u>Landidyll Hotel Ostseeland<\/u><\/strong> ~ Stolteraer Weg 47 ~ 18119 Rostock-Diedrichshagen<br \/>\nTelefon +49 381\/ 548320 oder per Email <a href=\"mailto:info@hotel-ostseeland.de\"><strong><u><span style=\"color: #0066cc;\">info@hotel-ostseeland.de<\/span><\/u><\/strong><\/a><\/p>\n<p>Stichwort: <strong>Windenergie<\/strong><\/p>\n<p>ab 62,00 \u20ac <strong>pro Nacht<\/strong> im Einzelzimmer inkl. Fr\u00fchst\u00fcck<br \/>\nab 71,00 \u20ac <strong>pro Nacht<\/strong> im Doppelzimmer inkl. Fr\u00fchst\u00fcck<br \/>\nab 86,00 \u20ac <strong>pro Nacht<\/strong> im Appartement inkl. Fr\u00fchst\u00fcck<\/p>\n<div class=\"clear line\"><\/div>\n<p><a href=\"http:\/\/www.parkhotel-seeblick.de\/\">PARKHOTEL SEEBLICK<\/a> ~ Strandweg 12 a ~ 18119 Rostock-Warnem\u00fcnde<br \/>\nTelefon +49 381\/ 519 550<\/p>\n<p>Stichwort: <strong>Windenergie<\/strong><\/p>\n<p>8 Appartements \u2013 Seeblick (darunter 4 App Seeseite 1.Etage; 2 App mit Schr\u00e4ge im Wohnbereich;<br \/>\n2 Galeriewohnungen-&gt;Treppe zum Schlafbereich, getrennte Betten, kleiner Austritt)<\/p>\n<p>zum Preis von je Euro 97,90 \/ pro \u00dcbernachtung<\/p>\n<p>13 Appartements \u2013 S\u00fcdseite (darunter 1 1-Raum-App, Bett neben K\u00fcche; 2 Galeriewohnungen-&gt;Treppe zum Schlafbereich, getrennte Betten, kleiner Austritt)<\/p>\n<p>zum Preis von je Euro 86,90 \/ pro \u00dcbernachtung<\/p>\n<p>Unsere Appartementpreise verstehen sich inklusive Mehrwertsteuer (exklusive Kurtaxe) und freier Schwimmbadnutzung. Gegen eine Geb\u00fchr bestehen die M\u00f6glichkeiten der Nutzung von Sauna und Internet. Die Kosten f\u00fcr die Teilnahme am Fr\u00fchst\u00fccksb\u00fcfett im Hotel betragen Euro 11,00 pro Tag und Person<\/p>\n<div class=\"clear line\"><\/div>\n<p style=\"text-align: left;\"><strong><a href=\"http:\/\/www.hotel-hasenheide.de\/\">Hotel \u201eAn der Hasenheide\u201c <\/a><\/strong>~An der Hasenheide 1~ 18182 Bentwisch,<br \/>\nTelefon +49 381\/ 0381 65 43 oder<\/p>\n<p style=\"text-align: left;\">per Email <a href=\"mailto:info@hotel-hasenheide.de\"><u>info@hotel-hasenheide.de<\/u><\/a><\/p>\n<p style=\"text-align: left;\">Das Hotel ist nur f\u00fcr zwei N\u00e4chte buchbar.<\/p>\n<p style=\"text-align: left;\">Stichwort: <span style=\"color: #000000;\"><strong>Windenergietage<\/strong><\/span><br \/>\n65,00 \u20ac pro Nacht im Einzelzimmer inkl. Fr\u00fchst\u00fcck oder<br \/>\n85,00 \u20ac pro Nacht im Doppelzimmer inkl. Fr\u00fchst\u00fcck<\/p>\n<p style=\"text-align: left;\">weitere Hotels folgen<\/p>\n<p><span style=\"color: #ff0000;\">Folgende Hotels sind ausgebucht, ggf. noch Zimmer durch Stornierungen:<\/span><\/p>\n<p><a href=\"http:\/\/www.hanse-hotel.de\/\">Best Western Hanse Hotel <\/a>~ Parkstr. 51 ~ 18119 Rostock-Warnem\u00fcnde<br \/>\nStichwort Windenergie<br \/>\nTelefon: +49 381\/ 545 \u2013 0<br \/>\n112 EUR pro Nacht bei Einzelbelegung<br \/>\n145 EUR pro Nacht bei Doppelbelegung<\/p>\n<p><span style=\"color: #000000;\"><strong><a style=\"color: #000000;\" href=\"http:\/\/www.warnemuender-hof.de\/\" target=\"_blank\" rel=\"noopener noreferrer\">Ringhotel Warnem\u00fcnder Hof<\/a><\/strong> ~ Stolteraer Weg 8 ~ 18119 Rostock Warnem\u00fcnde,<\/span><br \/>\n<span style=\"color: #000000;\"> Telefon +49 381\/54 30 402 oder via <a href=\"https:\/\/windenergietage.de\/wp-admin\/upload.php?item=899\">Buchungsformular per Fax<\/a> oder<\/span><br \/>\n<span style=\"color: #000000;\"> per Email <a href=\"mailto:bankett@warnemuender-hof.de\">bankett@warnemuender-hof.de<\/a>, Stichwort: <strong>Windenergie<\/strong><\/span> 98<br \/>\n<span style=\"color: #000000;\"> 98,00 \u20ac pro Nacht im Einzelzimmer inkl. Fr\u00fchst\u00fcck oder<\/span><br \/>\n119,00 \u20ac pro Nacht im Doppelzimmer inkl. Fr\u00fchst\u00fcck<\/p>\n<p><a href=\"http:\/\/www.hotel-susewind.de\/\"><u><strong>Hotel Susewind<\/strong> <\/u><\/a>~ Warnem\u00fcnder Stra\u00dfe 1 ~ 18146 Rostock-Markgrafenheide, Telefon +49 381\/ 609570 oder mit diesem <a href=\"https:\/\/windenergietage.de\/wp-content\/uploads\/sites\/2\/2016\/08\/Kontingentsabfrage_Hotel_Susewind_2017.pdf\"><u>Buchungsformular<\/u><\/a> Stichwort: <strong>Windenergie<\/strong> 115,00 \u20ac pro Nacht im Einzelzimmer inkl. Fr\u00fchst\u00fcck oder 145,00 \u20ac pro Nacht im Doppelzimmer inkl. Fr\u00fchst\u00fcck (Mindestaufenthalt 2 N\u00e4chte)<\/p>\n<p><a href=\"http:\/\/www.hotel-am-alten-strom.de\/\"><strong><u>Hotel \u201eAm Alten Strom\u201c<\/u><\/strong><\/a> ~ Am Strom 60\/61 ~ 18119 Rostock-Warnem\u00fcnde, Telefon +49 381\/ 548230 oder per Email <a href=\"mailto:info@hotel-am-alten-strom.de\"><u>info@hotel-am-alten-strom.de<\/u><\/a> Stichwort: <strong>Windenergie<\/strong> 90,00 \u20ac pro Nacht im Einzelzimmer inkl. Fr\u00fchst\u00fcck (Mindestaufenthalt 2 N\u00e4chte), Tiefgaragenstellplatz (nur nach vorheriger Buchung) 7,50\u20ac pro Nacht<\/p>\n<p>&nbsp;<\/p>\n","protected":false},"excerpt":{"rendered":"<p>Unser Veranstaltungsort: Yachthafenresidenz H\u00f6he D\u00fcne Am Yachthafen 1 in 18119 Rostock-Warnem\u00fcnde Anfahrtsbeschreibung \u00dcbernachtungen: Yachthafenresidenz Hohe D\u00fcne ~ Am Yachthafen 1 ~ 18119 Rostock-Warnem\u00fcnde, IST AUSGEBUCHT! Wir richten einen Schiffstransfer vom&#8230;<\/p>\n","protected":false},"author":1,"featured_media":0,"parent":0,"menu_order":40,"comment_status":"closed","ping_status":"closed","template":"","meta":{"_acf_changed":false,"footnotes":""},"class_list":["post-535","page","type-page","status-publish","hentry"],"acf":[],"_links":{"self":[{"href":"https:\/\/windenergietage.de\/2017\/wp-json\/wp\/v2\/pages\/535","targetHints":{"allow":["GET"]}}],"collection":[{"href":"https:\/\/windenergietage.de\/2017\/wp-json\/wp\/v2\/pages"}],"about":[{"href":"https:\/\/windenergietage.de\/2017\/wp-json\/wp\/v2\/types\/page"}],"author":[{"embeddable":true,"href":"https:\/\/windenergietage.de\/2017\/wp-json\/wp\/v2\/users\/1"}],"replies":[{"embeddable":true,"href":"https:\/\/windenergietage.de\/2017\/wp-json\/wp\/v2\/comments?post=535"}],"version-history":[{"count":2,"href":"https:\/\/windenergietage.de\/2017\/wp-json\/wp\/v2\/pages\/535\/revisions"}],"predecessor-version":[{"id":2147,"href":"https:\/\/windenergietage.de\/2017\/wp-json\/wp\/v2\/pages\/535\/revisions\/2147"}],"wp:attachment":[{"href":"https:\/\/windenergietage.de\/2017\/wp-json\/wp\/v2\/media?parent=535"}],"curies":[{"name":"wp","href":"https:\/\/api.w.org\/{rel}","templated":true}]}}