{"id":1180,"date":"2017-09-08T11:55:42","date_gmt":"2017-09-08T09:55:42","guid":{"rendered":"https:\/\/windenergietage.de\/?page_id=1180"},"modified":"2018-11-05T15:20:46","modified_gmt":"2018-11-05T14:20:46","slug":"standplan","status":"publish","type":"page","link":"https:\/\/windenergietage.de\/2018\/standplan\/","title":{"rendered":"Standplan \/ Aussteller"},"content":{"rendered":"<p><a href=\"https:\/\/windenergietage.de\/2018\/wp-content\/uploads\/sites\/3\/2018\/11\/Plan_2018_137.pdf\">Den Standplan 2018 f\u00fcr das Van der Valk Resort Linstow finden Sie hier.<\/a> (Stand 05.11.2018)<\/p>\n<p><img loading=\"lazy\" decoding=\"async\" class=\"alignnone size-medium wp-image-2425 aligncenter\" src=\"https:\/\/windenergietage.de\/2018\/wp-content\/uploads\/sites\/3\/2018\/07\/STANDPLAN_klein-288x300.jpg\" alt=\"\" width=\"288\" height=\"300\" srcset=\"https:\/\/windenergietage.de\/2018\/wp-content\/uploads\/sites\/3\/2018\/07\/STANDPLAN_klein-288x300.jpg 288w, https:\/\/windenergietage.de\/2018\/wp-content\/uploads\/sites\/3\/2018\/07\/STANDPLAN_klein.jpg 750w\" sizes=\"auto, (max-width: 288px) 100vw, 288px\" \/><\/p>\n<p style=\"text-align: left\">Wir versuchen immer, alle Standplatzw\u00fcnsche zu erf\u00fcllen.<\/p>\n<p><a href=\"https:\/\/windenergietage.de\/2018\/wp-content\/uploads\/sites\/3\/2018\/10\/2018_Ausstellerinformationen.pdf\" target=\"_blank\" rel=\"noopener\"><strong>AUSSTELLERINFORMATIONEN<\/strong><\/a> Anlieferung, Aufbau und Abbau<\/p>\n<p><b>ALLE ST\u00c4NDE:<\/b><span class=\"Apple-converted-space\">\u00a0<\/span><br \/>\nAufbau am 06.11.2018 ab 08:00 Uhr<br \/>\nAbbau 08.11.2018 ab 15:00 Uhr<\/p>\n<p><b>VALKENSAAL Stand 42 bis 126:<span class=\"Apple-converted-space\">\u00a0<\/span><\/b><br \/>\nAufbau ab 04.11.2018 ab 08:00 Uhr m\u00f6glich<\/p>\n<p><b>BEREICH AUTOSCOOTER Stand 140 bis 172:<\/b><span class=\"Apple-converted-space\">\u00a0<\/span><br \/>\nAufbau ab 05.11.2018 ab 08:00 Uhr m\u00f6glich<\/p>\n<p><strong>Speditionslieferungen und Pakete<\/strong> bitte ab dem 28.10.2018 an:<\/p>\n<p>Van der Valk Resort Linstow<br \/>\n27. Windenergietage<br \/>\nHerrn Markus Friederichs<br \/>\nKrakower Chaussee 1<br \/>\nD-18292 Linstow<span class=\"Apple-converted-space\">\u00a0<\/span><br \/>\nHandy M. Friederichs: +49 151 50654444<\/p>\n<p><strong>Abbau<\/strong> am 08.11.2018 ab 15:00 Uhr, unser Team ist Ihnen gern behilflich.<\/p>\n<p><strong>Ausstattung:<span class=\"Apple-converted-space\">\u00a0<\/span><\/strong>Stehtische, Barhocker, Tische und St\u00fchle sowie Strom erhalten Sie vor Ort von Spreewind. Diese sind im Standpreis enthalten, eine Bestellung ist nicht notwendig.<\/p>\n","protected":false},"excerpt":{"rendered":"<p>Den Standplan 2018 f\u00fcr das Van der Valk Resort Linstow finden Sie hier. (Stand 05.11.2018) Wir versuchen immer, alle Standplatzw\u00fcnsche zu erf\u00fcllen. AUSSTELLERINFORMATIONEN Anlieferung, Aufbau und Abbau ALLE ST\u00c4NDE:\u00a0 Aufbau&#8230;<\/p>\n","protected":false},"author":2,"featured_media":0,"parent":0,"menu_order":20,"comment_status":"closed","ping_status":"closed","template":"","meta":{"_acf_changed":false,"footnotes":""},"class_list":["post-1180","page","type-page","status-publish","hentry"],"acf":[],"_links":{"self":[{"href":"https:\/\/windenergietage.de\/2018\/wp-json\/wp\/v2\/pages\/1180","targetHints":{"allow":["GET"]}}],"collection":[{"href":"https:\/\/windenergietage.de\/2018\/wp-json\/wp\/v2\/pages"}],"about":[{"href":"https:\/\/windenergietage.de\/2018\/wp-json\/wp\/v2\/types\/page"}],"author":[{"embeddable":true,"href":"https:\/\/windenergietage.de\/2018\/wp-json\/wp\/v2\/users\/2"}],"replies":[{"embeddable":true,"href":"https:\/\/windenergietage.de\/2018\/wp-json\/wp\/v2\/comments?post=1180"}],"version-history":[{"count":113,"href":"https:\/\/windenergietage.de\/2018\/wp-json\/wp\/v2\/pages\/1180\/revisions"}],"predecessor-version":[{"id":3178,"href":"https:\/\/windenergietage.de\/2018\/wp-json\/wp\/v2\/pages\/1180\/revisions\/3178"}],"wp:attachment":[{"href":"https:\/\/windenergietage.de\/2018\/wp-json\/wp\/v2\/media?parent=1180"}],"curies":[{"name":"wp","href":"https:\/\/api.w.org\/{rel}","templated":true}]}}