{"id":1191,"date":"2017-09-11T12:42:10","date_gmt":"2017-09-11T10:42:10","guid":{"rendered":"https:\/\/windenergietage.de\/?page_id=1191"},"modified":"2018-10-29T18:09:11","modified_gmt":"2018-10-29T17:09:11","slug":"hotelliste","status":"publish","type":"page","link":"https:\/\/windenergietage.de\/2018\/hotelliste\/","title":{"rendered":"Anreise \/ \u00dcbernachtung"},"content":{"rendered":"<p><span style=\"color: #ff0000\">Noch freie Zimmer im Gut Pohnsdorf:<\/span><\/p>\n<p><a href=\"https:\/\/gut-pohnstorf.de\/\" target=\"_blank\" rel=\"noopener\"><strong>Gut Pohnstorf <\/strong><\/a>(30 Minuten vom Tagungshotel entfernt &#8211; Shuttlem\u00f6glichkeit)<br \/>\nPohnstorf 17, 17166 Alt S\u00fchrkow;\u00a0<a href=\"mailto:info@gut-pohnstorf.de\">info@gut-pohnstorf.de<\/a><\/p>\n<p>Einzelzimmer mit eigenem Bad inkl. Fr\u00fchst\u00fcck und Shuttle: \u20ac 130\/Gast und Nacht (Mindestaufenthalt 2 N\u00e4chte)<br \/>\nEinzelzimmer in Ferienwohnung inkl. Fr\u00fchst\u00fcck und Shuttle: \u20ac 110\/Gast und Nacht (Mindestaufenthalt 2 N\u00e4chte)<\/p>\n<p>Elektromobilisten willkommen: Vier Ladepunkte mit Strom aus 100% Windkraft<\/p>\n<p><strong><a href=\"https:\/\/windenergietage.de\/2018\/wp-content\/uploads\/sites\/3\/2018\/09\/Gut_Pohnstorf_deutsch.pdf\" target=\"_blank\" rel=\"noopener\">BUCHUNGSFORMULAR deutsch<\/a><\/strong><br \/>\n<strong><a href=\"https:\/\/windenergietage.de\/2018\/wp-content\/uploads\/sites\/3\/2018\/09\/Gut_Pohnstorf_englisch.pdf\" target=\"_blank\" rel=\"noopener\">BUCHUNGSFORMULAR englisch<\/a><\/strong><\/p>\n<div class=\"clear line\"><\/div>\n<p><span style=\"color: #ff0000\"><strong>Alle\u00a0anderen Kontingente sind ausgebucht, bei HRS.de oder booking.com finden Sie unter Eingabe der Orte Linstow oder Fleesensee freie Unterk\u00fcnfte.<\/strong><\/span><\/p>\n<p>&nbsp;<\/p>\n<p><strong><a href=\"https:\/\/schlosshotel-fleesensee.com\/\" target=\"_blank\" rel=\"noopener\">Schlosshotel Fleesensee<\/a><\/strong>* (20 Minuten vom Tagungshotel entfernt)<br \/>\n17213 G\u00f6hren-Lebbin, Telefon +49 (0)39932 80100<\/p>\n<p>Einzelzimmer ab 154 \u20ac pro Nacht<br \/>\nDoppelzimmer ab 174 \u20ac pro Nacht<br \/>\nBuchung unter dem Stichwort Windenergietage<\/p>\n<p><span style=\"color: #ff0000\">ausgebucht<\/span><\/p>\n<p>&nbsp;<\/p>\n<p><strong>Tagungshotel:<a href=\"https:\/\/linstow.vandervalk.de\" target=\"_blank\" rel=\"noopener\"> Van der Valk Resort Linstow<\/a><br \/>\n<\/strong>Krakower Chaussee 1 in 18292 Linstow<\/p>\n<p><a href=\"https:\/\/windenergietage.de\/wp-content\/uploads\/sites\/3\/2017\/09\/Lageplan_VdV_A4.pdf\" target=\"_blank\" rel=\"noopener\">Lageplan des Resorts.<\/a><\/p>\n<p><strong><span style=\"color: #ff0000\">Das Tagungsresort ist mit 1250 Zimmern ausgebucht.<\/span><\/strong><\/p>\n<p><a href=\"https:\/\/windenergietage.de\/wp-content\/uploads\/sites\/3\/2017\/12\/Anmeldung_VdV2018_4.pdf\" target=\"_blank\" rel=\"noopener\">Van der Valk Naturresort Drewitz*\u00a0zur\u00a0Zimmerbuchung<\/a>\u00a0&#8211; <span style=\"color: #ff0000\">ausgebucht<\/span><\/p>\n<p><a href=\"https:\/\/windenergietage.de\/wp-content\/uploads\/sites\/3\/2017\/12\/Anmeldung_VdV2018_4.pdf\" target=\"_blank\" rel=\"noopener\">Van der Valk Resort Golfhotel Serrahn* <\/a><span style=\"color: #ff0000\">ausgebucht<\/span><a href=\"https:\/\/windenergietage.de\/wp-content\/uploads\/sites\/3\/2017\/12\/Anmeldung_VdV2018_4.pdf\" target=\"_blank\" rel=\"noopener\"><br \/>\nSeehotel Krakow am See*\u00a0<\/a><span style=\"color: #ff0000\">ausgebucht<\/span><\/p>\n<p>*Transfer durch Spreewind<\/p>\n<div class=\"clear line\"><\/div>\n<p><a href=\"http:\/\/www.dorfhotel.com\" target=\"_blank\" rel=\"noopener\">Dorfhotel Fleesensee<\/a>* (20 Minuten vom Tagungshotel entfernt)<br \/>\n17213 G\u00f6hren-Lebbin, Telefon +49 (0)39932 80300<\/p>\n<p>Einzelzimmer 87 \u20ac pro Nacht inkl. Fr\u00fchst\u00fcck (Mindestaufenthalt 2 N\u00e4chte)<br \/>\nDoppelzimmer 115 \u20ac pro Nacht inkl. Fr\u00fchst\u00fcck\u00a0(Mindestaufenthalt 2 N\u00e4chte)<br \/>\nBuchung unter dem Stichwort Windenergietage<\/p>\n<div class=\"clear line\"><\/div>\n<p><a href=\"http:\/\/www.tui.com\/hotels\/tui-blue-fleesensee-135478\/hotelinformation\/\"><strong>TUI BLUE Fleesensee<\/strong><\/a><strong>*<\/strong> (20 Minuten vom Tagungshotel entfernt)<br \/>\n17213 G\u00f6hren-Lebbin, Telefon +49 (0)39932 4700<\/p>\n<p>Einzelzimmer 109 \u20ac pro Nacht<br \/>\nDoppelzimmer 129 \u20ac pro Nacht<br \/>\nBuchung unter dem Stichwort <span style=\"color: #ff0000\">Windenergietage<\/span><\/p>\n<p><span style=\"color: #ff0000\">ausgebucht<\/span><\/p>\n<div class=\"clear line\"><\/div>\n<p><a href=\"http:\/\/www.gutshaus-zietlitz.de\"><strong>Gutshaus Zietlitz<\/strong><\/a><strong>*<\/strong> (5 Minuten vom Tagungshotel entfernt) &#8211; <span style=\"color: #ff0000\">ausgebucht<\/span><br \/>\nSerrahner Stra\u00dfe 2; D-18292 Linstow-Dobbin OT Zietlitz Tel: +49 38457-22243 Fax: +49 38457-51376 Mail: <a href=\"mailto:info@gutshaus-zietlitz.de\">info@gutshaus-zietlitz.de<\/a><\/p>\n<p>Einzelzimmer inkl. Fr\u00fchst\u00fcck (nur buchbar f\u00fcr 2 N\u00e4chte)\u00a0\u00a0\u00a0\u00a0\u00a0\u00a0\u00a0\u00a0\u00a0\u00a0\u00a0 118,00\u20ac pro Nacht<br \/>\nDoppelzimmer inkl. Fr\u00fchst\u00fcck (nur buchbar f\u00fcr 2 N\u00e4chte)\u00a0\u00a0\u00a0\u00a0\u00a0\u00a0\u00a0\u00a0\u00a0\u00a0\u00a0 196,00\u20ac pro Nacht<br \/>\nBuchung unter dem Stichwort <span style=\"color: #ff0000\">Windenergietage<\/span><\/p>\n<div class=\"clear line\"><\/div>\n<p><a href=\"http:\/\/www.gutshaus-linstow.de\" target=\"_blank\" rel=\"noopener\"><strong>Gutshaus Linstow<\/strong><\/a>* (5 Minuten vom Tagungshotel entfernt) &#8211; <span style=\"color: #ff0000\">ausgebucht <\/span><br \/>\nHofstra\u00dfe 15; D-18292 Linstow Tel: +49 38457-51751 Mail: <a href=\"mailto:info@gutshaus-linstow.de\">info@gutshaus-linstow.de<\/a><\/p>\n<p>Einzelzimmer inkl. Fr\u00fchst\u00fcck\u00a0\u00a0\u00a0\u00a0\u00a0\u00a0\u00a0\u00a0\u00a0\u00a0\u00a0 \u00a0\u00a0\u00a0\u00a0\u00a0\u00a0\u00a0\u00a0\u00a0\u00a0\u00a0 \u00a0\u00a0\u00a0\u00a0\u00a0\u00a0\u00a0\u00a0\u00a0\u00a0\u00a0 \u00a0\u00a0\u00a0\u00a0\u00a0\u00a0\u00a0\u00a0\u00a0\u00a0\u00a0 \u00a0\u00a0\u00a0\u00a0\u00a0\u00a0\u00a0\u00a0\u00a0\u00a0\u00a0 60,00\u20ac pro Nacht<br \/>\nBuchung unter dem Stichwort <span style=\"color: #ff0000\">Windenergietage<\/span><\/p>\n<div class=\"clear line\"><\/div>\n<p><a href=\"http:\/\/www.alte-poststation-bornkrug.de\" target=\"_blank\" rel=\"noopener\"><strong>Alte Poststation Bornkrug<\/strong><\/a>* (5 Minuten vom Tagungshotel entfernt) &#8211; <span style=\"color: #ff0000\">ausgebucht<\/span><br \/>\nBornkrug 14; 18292 Dobbin-Linstow; Tel: +49 38457-503727, Mail: info@alte-poststation-bornkrug.de<\/p>\n<p>Einzelzimmer \u00a0 \u00a0 \u00a0 \u00a0 \u00a0 \u00a0 \u00a0 \u00a0 \u00a0 \u00a0 \u00a0 \u00a0 \u00a0 \u00a0 \u00a0 \u00a0 \u00a0 \u00a0 \u00a0 \u00a0 \u00a0 \u00a0 \u00a0 \u00a0 \u00a0 \u00a0 \u00a0 \u00a0 \u00a0 \u00a0 \u00a0 \u00a0 \u00a0 \u00a0 \u00a0 \u00a0 \u00a0 \u00a0 \u00a0 \u00a0 \u00a0 \u00a0ab 40,00\u20ac pro Nacht<br \/>\nBuchung unter dem Stichwort <span style=\"color: #ff0000\">Windenergietage<\/span><\/p>\n<div class=\"clear line\"><\/div>\n<p><a href=\"http:\/\/www.landwind.de\" target=\"_blank\" rel=\"noopener\"><b>Landwind Ferien<\/b><\/a> (10 Minuten vom Tagungshotel entfernt)<br \/>\nJ\u00f6rnbergweg 21, D-18292 Krakow am See; Tel: +49 38457-519110, Mail: info@landwind.de<\/p>\n<p>Einzelzimmer \u00a0 \u00a0 \u00a0 \u00a0 \u00a0 \u00a0 \u00a0 \u00a0 \u00a0 \u00a0 \u00a0 \u00a0 \u00a0 \u00a0 \u00a0 \u00a0 \u00a0 \u00a0 \u00a0 \u00a0 \u00a0 \u00a0 \u00a0 \u00a0 \u00a0 \u00a0 \u00a0 \u00a0 \u00a0 \u00a0 \u00a0 \u00a0 \u00a0 \u00a0 \u00a0 \u00a0 \u00a0 \u00a0 \u00a0 \u00a0 \u00a0 \u00a0ab 57,00\u20ac pro Nacht<br \/>\nMindestaufenthalt 2 N\u00e4chte; Buchung unter dem Stichwort <span style=\"color: #ff0000\">Windenergietage<\/span><\/p>\n<div class=\"clear line\"><\/div>\n<p>Hotels, Pensionen und Ferienh\u00e4user in Krakow am See* (5 \u2013 10 Minuten vom Tagungshotel entfernt)<\/p>\n<p>Verzeichnis unter: <a href=\"http:\/\/www.krakow-am-see.de\/de\/unterkunft\/index.php\">http:\/\/www.krakow-am-see.de\/de\/unterkunft\/index.php<\/a><\/p>\n<div class=\"clear line\"><\/div>\n<p><strong>SHUTTLESERVICE<\/strong><\/p>\n<p>*am 6. und 7.11. Transferfahrten durch Spreewind<\/p>\n<p>*am 8.11. bilden Sie bitte Fahrgemeinschaften zum Tagungshotel, vom Tagungshotel wird es einen Transfer zum Bahnhof Langhagen geben.<\/p>\n<p>Transferzeiten zum TUI BLUE Fleesensee und Schlo\u00dfhotel Fleesensee:<\/p>\n<p>6.11. ab 15:00 \u2013 01:30 Uhr letzte Abfahrt am Van der Valk Linstow<br \/>\n7.11. ab 8:15 &#8211; 10:00 Uhr letzte Abfahrt ab Schlo\u00df Fleesensee<\/p>\n<p>und 22:00 \u2013 03:00 Uhr letzte Abfahrt am Van der Valk Linstow<\/p>\n<div class=\"clear line\"><\/div>\n<p><strong>ANREISE MIT DEM FLUGZEUG<\/strong><\/p>\n<p><span style=\"color: #000000\">Nach Rostock-Laage<\/span> mit bmi regional &#8211; Montag bis Freitag<\/p>\n<p>M\u00fcnchen Abflug: 06:50 Uhr und 14:05 Uhr &#8211; Ankunft: 08:15 Uhr und 15:30 Uhr<br \/>\nStuttgart Abflug: 18:00 Uhr &#8211; Ankunft: 19:25 Uhr<\/p>\n<p>Ab Rostock-Laage mit bmi regional &#8211; Montag bis Freitag<\/p>\n<p>Nach M\u00fcnchen Abflug: 08:45 Uhr und 19:55 Uhr &#8211; Ankunft: 10:10 Uhr und 21:20 Uhr<br \/>\nNach Stuttgart Abflug: 16:00 Uhr &#8211; Ankunft: 17:25 Uhr<\/p>\n<div class=\"clear line\"><\/div>\n<p><strong>ANREISE MIT DER BAHN &#8211; Zielbahnhof Langhagen<\/strong><\/p>\n<p><a href=\"http:\/\/www.bahn.de\" target=\"_blank\" rel=\"noopener\">www.bahn.de<\/a><\/p>\n<div class=\"clear line\"><\/div>\n<p><a href=\"https:\/\/windenergietage.de\/2019\/hotelliste\/\" target=\"_blank\" rel=\"noopener\">Buchen Sie jetzt Ihre Zimmer f\u00fcr die 28. Windenergietage vom 05.-07. November 2019 im Kongresshotel Potsdam<\/a><\/p>\n","protected":false},"excerpt":{"rendered":"<p>Noch freie Zimmer im Gut Pohnsdorf: Gut Pohnstorf (30 Minuten vom Tagungshotel entfernt &#8211; Shuttlem\u00f6glichkeit) Pohnstorf 17, 17166 Alt S\u00fchrkow;\u00a0info@gut-pohnstorf.de Einzelzimmer mit eigenem Bad inkl. Fr\u00fchst\u00fcck und Shuttle: \u20ac 130\/Gast&#8230;<\/p>\n","protected":false},"author":2,"featured_media":0,"parent":0,"menu_order":30,"comment_status":"closed","ping_status":"closed","template":"","meta":{"_acf_changed":false,"footnotes":""},"class_list":["post-1191","page","type-page","status-publish","hentry"],"acf":[],"_links":{"self":[{"href":"https:\/\/windenergietage.de\/2018\/wp-json\/wp\/v2\/pages\/1191","targetHints":{"allow":["GET"]}}],"collection":[{"href":"https:\/\/windenergietage.de\/2018\/wp-json\/wp\/v2\/pages"}],"about":[{"href":"https:\/\/windenergietage.de\/2018\/wp-json\/wp\/v2\/types\/page"}],"author":[{"embeddable":true,"href":"https:\/\/windenergietage.de\/2018\/wp-json\/wp\/v2\/users\/2"}],"replies":[{"embeddable":true,"href":"https:\/\/windenergietage.de\/2018\/wp-json\/wp\/v2\/comments?post=1191"}],"version-history":[{"count":39,"href":"https:\/\/windenergietage.de\/2018\/wp-json\/wp\/v2\/pages\/1191\/revisions"}],"predecessor-version":[{"id":2790,"href":"https:\/\/windenergietage.de\/2018\/wp-json\/wp\/v2\/pages\/1191\/revisions\/2790"}],"wp:attachment":[{"href":"https:\/\/windenergietage.de\/2018\/wp-json\/wp\/v2\/media?parent=1191"}],"curies":[{"name":"wp","href":"https:\/\/api.w.org\/{rel}","templated":true}]}}