{"id":2612,"date":"2018-10-01T17:39:49","date_gmt":"2018-10-01T15:39:49","guid":{"rendered":"https:\/\/windenergietage.de\/2018\/?page_id=2612"},"modified":"2018-10-30T11:51:16","modified_gmt":"2018-10-30T10:51:16","slug":"shuttles","status":"publish","type":"page","link":"https:\/\/windenergietage.de\/2018\/shuttles\/","title":{"rendered":"Bustransfer"},"content":{"rendered":"<p><strong>Bustransfer (kostenfrei) zum Bahnhof Langhagen, Flughafen Rostock-Laage und<br \/>\nzu folgenden Hotels in der Umgebung <\/strong><strong>und Unterk\u00fcnften in Krakow am See<br \/>\n(im Gebiet des <a href=\"https:\/\/windenergietage.de\/2018\/wp-content\/uploads\/sites\/3\/2018\/10\/2018_Haltestellen_Krakow.pdf\" target=\"_blank\" rel=\"noopener\">STADTPLANS KRAKOW<\/a>)<\/strong><\/p>\n<p>Alte Poststation<br \/>\nDorfhotel Flessensee<br \/>\nGutshaus Linstow<br \/>\nGutshaus Zietlitz<br \/>\nSchlo\u00dfhotel Fleesensee<br \/>\nTUI Flessensee<br \/>\nVan der Valk Naturresort Drewitzer See<br \/>\nVan der Valk Hotel Serrahn<\/p>\n<p>F\u00fcr alle anderen Unterk\u00fcnfte stehen Taxen am Hotel bereit<br \/>\nund f\u00fcr Fahrten au\u00dferhalb der Zeiten.<\/p>\n<div class=\"clear line\"><\/div>\n<p><a href=\"https:\/\/windenergietage.de\/2018\/wp-content\/uploads\/sites\/3\/2018\/10\/2018_Busfahrplan_Schoeller1.pdf\" target=\"_blank\" rel=\"noopener\"><strong>\u00dcbersicht der Bustransfers f\u00fcr die An- und Abreise zum Van der Valk Resort Linstow powered by SCH\u00d6LLER SI<\/strong><\/a><\/p>\n<div class=\"clear line\"><\/div>\n<p><strong>ANREISE MIT DER BAHN &#8211; Zielbahnhof Langhagen \/\/\u00a0<\/strong><a href=\"http:\/\/www.bahn.de\/\" target=\"_blank\" rel=\"noopener\">www.bahn.de<\/a><\/p>\n<p><a href=\"https:\/\/windenergietage.de\/2018\/wp-content\/uploads\/sites\/3\/2018\/10\/2018_Bustransfer_WT27_Bahnhof.pdf\" target=\"_blank\" rel=\"noopener\"><strong>Transfer vom und zum Bahnhof Langhagen (Z\u00fcge aus\/von Rostock und Berlin) zum und vom Van der Valk Linstow (als PDF-Datei)<\/strong><\/a><\/p>\n<p><strong>Bustransfer am Dienstag, 06.11.2018<\/strong><\/p>\n<p>Ab Langhagen f\u00fcr Z\u00fcge aus Berlin:<br \/>\n10:42 Uhr \/\/ 12:42 Uhr \/\/ 14:42 Uhr \/\/ 16:42 Uhr \/\/ 18:42 Uhr \/\/ 20:42 Uhr \/\/22:42 Uhr \/\/ 0:39 Uhr<\/p>\n<p>Ab Langhagen f\u00fcr Z\u00fcge aus Rostock:<br \/>\n11:13 Uhr \/\/ 13:13 Uhr \/\/ 15:13 Uhr \/\/ 17:13 Uhr \/\/ 19:13 Uhr \/\/ 21:13 Uhr \/\/ 23:13 Uhr<\/p>\n<p>Die Busse nach Langhagen fahren jeweils 20 Minuten vorher am Van der Valk Linstow ab.<\/p>\n<p><strong>Bustransfer am Mittwoch, 07.11.2018<\/strong><\/p>\n<p>Ab Langhagen nach Linstow f\u00fcr Z\u00fcge aus Berlin:<br \/>\n08:42 Uhr \/\/ 10:42 Uhr \/\/ 12:42 Uhr \/\/ 14:42 Uhr \/\/ 16:42 Uhr \/\/ 18:42 Uhr \/\/ 20:42 Uhr \/\/22:42 Uhr \/\/ 0:39 Uhr<\/p>\n<p>Ab Langhagen nach Linstow f\u00fcr Z\u00fcge aus Rostock:<br \/>\n07:13 Uhr \/\/ 09:13 Uhr \/\/ 11:13 Uhr \/\/ 13:13 Uhr \u00a0\/\/ 15:13 Uhr \/\/ 17:13 Uhr \/\/ 19:13 Uhr \/\/ 21:13 Uhr \/\/ 23:13 Uhr<\/p>\n<p>Die Busse nach Langhagen fahren jeweils 20 Minuten vorher am Van der Valk Linstow ab.<\/p>\n<p><strong>Bustransfer am Donnerstag, 08.11.2018<\/strong><\/p>\n<p>Ab Langhagen nach Linstow f\u00fcr Z\u00fcge aus Berlin:<br \/>\n08:42 Uhr \/\/ 10:42 Uhr \/\/ 12:42 Uhr \/\/ 14:42 Uhr \/\/ 16:42 Uhr<\/p>\n<p>Ab Langhagen nach Linstow f\u00fcr Z\u00fcge aus Rostock:<br \/>\n07:13 Uhr \/\/ 09:13 Uhr \/\/ 11:13 Uhr \/\/ 13:13 Uhr \u00a0\/\/ 15:13 Uhr \/\/ 17:13 Uhr<\/p>\n<p>Die Busse nach Langhagen fahren jeweils 20 Minuten vorher am Van der Valk Linstow ab.<\/p>\n<div class=\"clear line\"><\/div>\n<p><strong>ANREISE MIT DEM FLUGZEUG VON\/NACH ROSTOCK-LAAGE AB\/NACH M\u00dcNCHEN UND STUTTGART<\/strong><\/p>\n<p><b>Dienstag, 06.11.2018<\/b><br \/>\nTransfer ab Rostock-Laage zum Van der Valk Linstow am 06.11. um 17:25 Uhr (Ankunft aus M\u00fcnchen)<\/p>\n<p><strong>Mittwoch, 07.11.2018\u00a0<\/strong><br \/>\nTransfer zum Flughafen Rostock-Laage: 14:30 Uhr ab Linstow f\u00fcr Abflug nach Stuttgart um 16:00 Uhr<br \/>\nTransfer zum Flughafen Rostock-Laage: 16:25 Uhr ab Linstow f\u00fcr Abflug nach M\u00fcnchen um 17:55 Uhr<\/p>\n<p>Transfer nach Linstow: ca. 08:15 Uhr und 15:30 Uhr ab Flughafen Rostock-Laage Ankunft aus M\u00fcnchen<br \/>\nTransfer nach Linstow: ca. 19:20 Uhr ab Flughafen Rostock-Laage Ankunft aus Stuttgart<\/p>\n<p><strong>Donnerstag, 08.11.2018\u00a0<\/strong><br \/>\nTransfer zum Flughafen Rostock-Laage: 07:15 Uhr ab Linstow f\u00fcr Abflug nach M\u00fcnchen um 08:45Uhr<br \/>\nTransfer zum Flughafen Rostock-Laage: 16:25 Uhr ab Linstow f\u00fcr Abflug nach M\u00fcnchen um 17:55 Uhr<\/p>\n<div class=\"clear line\"><\/div>\n<p><strong>BUSTRANSFER ZUM FLUGHAFEN BERLIN-TEGEL<br \/>\nNur am Donnerstag 08.11.2018<\/strong><\/p>\n<p>Abfahrt am Van der Valk Linstow um 15:30 Uhr und 18:30 Uhr<\/p>\n<p>Fahrzeit ca. 1 \u00be Stunde<\/p>\n<div class=\"clear line\"><\/div>\n<p>Transferzeiten\u00a0<a href=\"https:\/\/windenergietage.de\/2018\/wp-content\/uploads\/sites\/3\/2018\/10\/2018_Bustransfer_WT27_Fleesensee.pdf\" target=\"_blank\" rel=\"noopener\"><strong>TUI BLUE Fleesensee und Schlo\u00dfhotel Fleesensee (jeweils 10min sp\u00e4ter) und Dorfhotel Fleesensee (als PDF-Datei)<\/strong><\/a><\/p>\n<p>6.11. ab 13:30 \u2013 02:30 Uhr; letzte Abfahrt 02:30 Uhr am Van der Valk Linstow<\/p>\n<p>7.11. ab 8:00 &#8211; 09:00 Uhr; letzte Abfahrt 09:00 Uhr ab Schlo\u00df Fleesensee<\/p>\n<p>und 16:30 \u2013 03:30 Uhr; letzte Abfahrt 03:30 Uhr am Van der Valk Linstow<\/p>\n<p>8.11. ab 08:30 &#8211; 09:30 Uhr; letzte Abfahrt 09:30 Uhr ab Schlo\u00df Fleesensee<\/p>\n<div class=\"clear line\"><\/div>\n<p>Transferzeiten<a href=\"https:\/\/windenergietage.de\/2018\/wp-content\/uploads\/sites\/3\/2018\/10\/2018_Bustransfer_WT27_Drewitz.pdf\" target=\"_blank\" rel=\"noopener\">\u00a0<strong>Van der Valk Drewitzer See \u2013 Alte Poststation \u2013 Gutshaus Linstow \u2013 Van der Valk Linstow (als PDF-Datei)<\/strong><\/a><\/p>\n<p>6.11. ab 13:00 &#8211; 02:00 Uhr st\u00fcndlich ab Van der Valk Linstow &#8211; 5min bis Gutshaus &#8211; 10min bis Alte Poststation &#8211; 20min bis Drewitzer See &#8211; R\u00fcckfahrt 13:30 &#8211; 01:30 Uhr ab Drewitzer See<\/p>\n<p>7.11. ab 08:00 &#8211; 10:30 Uhr halbst\u00fcndlich ab Van der Valk Drewitzer See &#8211; 10min bis Alte Poststation &#8211; 15min bis Gutshaus &#8211; 20min bis Van der Valk Linstow &#8211; R\u00fcckfahrt 08:30 &#8211; 10:30 Uhr ab Van der Valk Linstow<\/p>\n<p>7.11.\u00a0ab 14:00 &#8211; 03:00 Uhr st\u00fcndlich ab Van der Valk Linstow &#8211; 5min bis Gutshaus &#8211; 10min bis Alte Poststation &#8211; 20min bis Drewitzer See &#8211; R\u00fcckfahrt 14:30 &#8211; 02:30 Uhr ab Drewitzer See<\/p>\n<p>8.11.\u00a0ab 08:00 &#8211; 10:30 Uhr halbst\u00fcndlich ab Van der Valk Drewitzer See &#8211; 10min bis Alte Poststation &#8211; 15min bis Gutshaus &#8211; 20min bis Van der Valk Linstow<\/p>\n<div class=\"clear line\"><\/div>\n<p>Transferzeiten nach Bedarf\u00a0<strong>Van der Valk Golfhotel Serrahn &#8211; Gutshaus Zietlitz<\/strong>: mit freundlicher\u00a0Unterst\u00fctzung von<\/p>\n<p><a href=\"http:\/\/www.seilpartner-windkraft.com\" target=\"_blank\" rel=\"noopener\"><img loading=\"lazy\" decoding=\"async\" class=\"alignnone size-medium wp-image-2784\" src=\"https:\/\/windenergietage.de\/2018\/wp-content\/uploads\/sites\/3\/2018\/10\/seilpartner-300x75.jpg\" alt=\"\" width=\"300\" height=\"75\" srcset=\"https:\/\/windenergietage.de\/2018\/wp-content\/uploads\/sites\/3\/2018\/10\/seilpartner-300x75.jpg 300w, https:\/\/windenergietage.de\/2018\/wp-content\/uploads\/sites\/3\/2018\/10\/seilpartner.jpg 474w\" sizes=\"auto, (max-width: 300px) 100vw, 300px\" \/><\/a><\/p>\n<p>6.11. ab 14:00 \u2013 02:30 Uhr nach Bedarf<\/p>\n<p>7.11. ab 8:15 &#8211; 09:30 Uhr<br \/>\nund 14:00 \u2013 03:30 Uhr nach Bedarf<\/p>\n<p>8.11. ab 08:30 &#8211; 09:45 Uhr<\/p>\n<div class=\"clear line\"><\/div>\n<p>Transferzeiten nach Bedarf\u00a0<strong>Krakow am See<\/strong>\u00a0<a href=\"https:\/\/windenergietage.de\/2018\/wp-content\/uploads\/sites\/3\/2018\/10\/Haltestellen_Krakow.pdf\" target=\"_blank\" rel=\"noopener\">(alle Stra\u00dfen im anliegenden <strong>PLAN<\/strong> werden angefahren)<\/a><\/p>\n<p>6.11. ab 14:00 \u2013 02:30 Uhr nach Bedarf<\/p>\n<p>7.11. ab 8.15 &#8211; 9:45 Uhr und ab 14:00 &#8211; 03:30 Uhr nach Bedarf<\/p>\n<p>8.11. ab 08:15 &#8211; 09:45 Uhr nach Bedarf<\/p>\n<p>&nbsp;<\/p>\n<p>&nbsp;<\/p>\n","protected":false},"excerpt":{"rendered":"<p>Bustransfer (kostenfrei) zum Bahnhof Langhagen, Flughafen Rostock-Laage und zu folgenden Hotels in der Umgebung und Unterk\u00fcnften in Krakow am See (im Gebiet des STADTPLANS KRAKOW) Alte Poststation Dorfhotel Flessensee Gutshaus&#8230;<\/p>\n","protected":false},"author":2,"featured_media":0,"parent":0,"menu_order":0,"comment_status":"closed","ping_status":"closed","template":"","meta":{"_acf_changed":false,"footnotes":""},"class_list":["post-2612","page","type-page","status-publish","hentry"],"acf":[],"_links":{"self":[{"href":"https:\/\/windenergietage.de\/2018\/wp-json\/wp\/v2\/pages\/2612","targetHints":{"allow":["GET"]}}],"collection":[{"href":"https:\/\/windenergietage.de\/2018\/wp-json\/wp\/v2\/pages"}],"about":[{"href":"https:\/\/windenergietage.de\/2018\/wp-json\/wp\/v2\/types\/page"}],"author":[{"embeddable":true,"href":"https:\/\/windenergietage.de\/2018\/wp-json\/wp\/v2\/users\/2"}],"replies":[{"embeddable":true,"href":"https:\/\/windenergietage.de\/2018\/wp-json\/wp\/v2\/comments?post=2612"}],"version-history":[{"count":33,"href":"https:\/\/windenergietage.de\/2018\/wp-json\/wp\/v2\/pages\/2612\/revisions"}],"predecessor-version":[{"id":2797,"href":"https:\/\/windenergietage.de\/2018\/wp-json\/wp\/v2\/pages\/2612\/revisions\/2797"}],"wp:attachment":[{"href":"https:\/\/windenergietage.de\/2018\/wp-json\/wp\/v2\/media?parent=2612"}],"curies":[{"name":"wp","href":"https:\/\/api.w.org\/{rel}","templated":true}]}}