{"id":679,"date":"2016-09-19T13:08:53","date_gmt":"2016-09-19T11:08:53","guid":{"rendered":"http:\/\/www.windenergietage.de\/?page_id=679"},"modified":"2018-10-08T21:32:06","modified_gmt":"2018-10-08T19:32:06","slug":"unterstuetzerkatalog","status":"publish","type":"page","link":"https:\/\/windenergietage.de\/2018\/unterstuetzerkatalog\/","title":{"rendered":"Sponsoring"},"content":{"rendered":"<p><a href=\"https:\/\/windenergietage.de\/2018\/wp-content\/uploads\/sites\/3\/2018\/10\/2018_WT27_Unterstuetzerkatalog_16.pdf\" target=\"_blank\" rel=\"noopener\">Unterst\u00fctzerkatalog: Ihre W\u00fcnsche &#8211; ALLE M\u00f6glichkeiten\u00a0als PDF<\/a><\/p>\n<p>&nbsp;<\/p>\n","protected":false},"excerpt":{"rendered":"<p>Unterst\u00fctzerkatalog: Ihre W\u00fcnsche &#8211; ALLE M\u00f6glichkeiten\u00a0als PDF &nbsp;<\/p>\n","protected":false},"author":2,"featured_media":0,"parent":0,"menu_order":0,"comment_status":"closed","ping_status":"closed","template":"","meta":{"_acf_changed":false,"footnotes":""},"class_list":["post-679","page","type-page","status-publish","hentry"],"acf":[],"_links":{"self":[{"href":"https:\/\/windenergietage.de\/2018\/wp-json\/wp\/v2\/pages\/679","targetHints":{"allow":["GET"]}}],"collection":[{"href":"https:\/\/windenergietage.de\/2018\/wp-json\/wp\/v2\/pages"}],"about":[{"href":"https:\/\/windenergietage.de\/2018\/wp-json\/wp\/v2\/types\/page"}],"author":[{"embeddable":true,"href":"https:\/\/windenergietage.de\/2018\/wp-json\/wp\/v2\/users\/2"}],"replies":[{"embeddable":true,"href":"https:\/\/windenergietage.de\/2018\/wp-json\/wp\/v2\/comments?post=679"}],"version-history":[{"count":14,"href":"https:\/\/windenergietage.de\/2018\/wp-json\/wp\/v2\/pages\/679\/revisions"}],"predecessor-version":[{"id":2663,"href":"https:\/\/windenergietage.de\/2018\/wp-json\/wp\/v2\/pages\/679\/revisions\/2663"}],"wp:attachment":[{"href":"https:\/\/windenergietage.de\/2018\/wp-json\/wp\/v2\/media?parent=679"}],"curies":[{"name":"wp","href":"https:\/\/api.w.org\/{rel}","templated":true}]}}