{"id":1191,"date":"2017-09-11T12:42:10","date_gmt":"2017-09-11T10:42:10","guid":{"rendered":"https:\/\/windenergietage.de\/?page_id=1191"},"modified":"2019-10-29T14:08:44","modified_gmt":"2019-10-29T13:08:44","slug":"hotelliste","status":"publish","type":"page","link":"https:\/\/windenergietage.de\/2019\/hotelliste\/","title":{"rendered":"\u00dcbernachtung"},"content":{"rendered":"<p><strong>Tagungshotel:\u00a0<a href=\"http:\/\/www.kongresshotel-potsdam.de\" target=\"_blank\" rel=\"noopener noreferrer\">Kongresshotel Potsdam<\/a><br \/>\n<\/strong>Am Luftschiffhafen 1 in 14471 Potsdam<\/p>\n<p>nur buchbar f\u00fcr 2 N\u00e4chte<\/p>\n<p><span style=\"color: #ff0000\">Das Tagungshotel ist ausgebucht.<\/span><\/p>\n<div class=\"clear line\"><\/div>\n<p><span style=\"color: #ff0000\">Freie Zimmer; bei HRS.de oder booking.com<\/p>\n<p><\/span><div class=\"clear line\"><\/div><\/p>\n<p><a href=\"http:\/\/www.resort-schwielowsee.com\/\" target=\"_blank\" rel=\"noopener noreferrer\">Precise Resort am Schwielowsee<\/a> (10 Minuten vom Tagungshotel entfernt)<br \/>\nAm Schwielowsee 117, 14542 Werder \/Havel, Telefon +49 (0)3327 5696 0<\/p>\n<p>Einzelzimmer 159 \u20ac pro Nacht inkl. Fr\u00fchst\u00fcck<br \/>\nDoppelzimmer 199 \u20ac pro Nacht inkl. Fr\u00fchst\u00fcck<\/p>\n<p><span style=\"color: #ff0000\">ausgebucht<\/span><\/p>\n<div class=\"clear line\"><\/div>\n<p><a href=\"https:\/\/windenergietage.de\/2019\/veranstaltungen\/05-07-november-2019\/05-november-2019\/\" target=\"_blank\" rel=\"noopener noreferrer\">NH Hotel Potsdam<\/a> (15 Minuten vom Tagungshotel entfernt)<br \/>\nFriedrich-Ebert-Stra\u00dfe 88, 14467 Potsdam<\/p>\n<p>Einzelzimmer 119 \u20ac pro Nacht inkl. Fr\u00fchst\u00fcck<br \/>\nDoppelzimmer 129 \u20ac pro Nacht inkl. Fr\u00fchst\u00fcck<br \/>\nBuchung unter dem Stichwort <strong>Windenergietage<\/strong><\/p>\n<p><span style=\"color: #ff0000\">ausgebucht<\/span><\/p>\n<div class=\"clear line\"><\/div>\n<p><a href=\"http:\/\/www.inselhotel-potsdam.de\/\" target=\"_blank\" rel=\"noopener noreferrer\">INSELHOTEL Potsdam<\/a> (20 Minuten vom Tagungshotel entfernt)<br \/>\nHermannswerder 30, 14473 Potsdam, Telefon +49 (0)331 23200<\/p>\n<p>Einzelzimmer 130 \u20ac pro Nacht inkl. Fr\u00fchst\u00fcck (Mindestaufenthalt 2 N\u00e4chte)<br \/>\nDoppelzimmer 160 \u20ac pro Nacht inkl. Fr\u00fchst\u00fcck\u00a0(Mindestaufenthalt 2 N\u00e4chte)<br \/>\nBuchung unter dem Stichwort <strong>Windenergietage<\/strong><\/p>\n<p><span style=\"color: #ff0000\">ausgebucht<\/span><\/p>\n<div class=\"clear line\"><\/div>\n<p><a href=\"http:\/\/www.bayrisches-haus.de\/\" target=\"_blank\" rel=\"noopener noreferrer\">Hotel Bayrisches Haus Potsdam<\/a> (10 Minuten vom Tagungshotel entfernt)<br \/>\nIm Wildpark \/ Elisenweg 2, 14471 Potsdam, Telefon +49 (0)331-5505 160,\u00a0<a href=\"mailto:kontakt@geliti.de\">stein@bayrisches-haus.de<\/a><\/p>\n<p>Einzelzimmer 149 \u20ac pro Nacht inkl. Fr\u00fchst\u00fcck<br \/>\nDoppelzimmer 179 \u20ac pro Nacht inkl. Fr\u00fchst\u00fcck<\/p>\n<p>Buchung unter dem Stichwort <strong>Windenergietage<\/strong><\/p>\n<p><span style=\"color: #ff0000\">ausgebucht<\/span><\/p>\n<div class=\"clear line\"><\/div>\n<p><a href=\"http:\/\/www.potsdam-hotel-am-jaegertor.de\/de\" target=\"_blank\" rel=\"noopener noreferrer\">Hotel am J\u00e4gertor Potsdam<\/a> (5 Minuten vom Tagungshotel entfernt)<br \/>\nHegelallee 11, 14467 Potsdam, Telefon +49 (0)331-20 11 100,\u00a0<a href=\"mailto:info@hotel-am-jaegertor.de\">info@hotel-am-jaegertor.de<\/a><\/p>\n<p>Einzelzimmer 119 \u20ac pro Nacht inkl. Fr\u00fchst\u00fcck<br \/>\nDoppelzimmer 156 \u20ac pro Nacht inkl. Fr\u00fchst\u00fcck<br \/>\nBuchung unter dem Stichwort <strong>Windenergietage<\/strong><\/p>\n<p><span style=\"color: #ff0000\">ausgebucht<\/span><\/p>\n<div class=\"clear line\"><\/div>\n<p align=\"LEFT\"><a href=\"http:\/\/www.schlossgartenhotel-potsdam.de\">Schlossgarten Hotel<\/a> Am Park von Sanssouci (5 Minuten vom Tagungshotel entfernt)<br \/>\nGeschwister-Scholl-Str.41a 14471 Potsdam Telefon: +49 (0)331 971700, <a href=\"https:\/\/windenergietage.de\/2019\/wp-admin\/service@schlossgartenhotel-potsdam.de\">service@schlossgartenhotel-potsdam.de<\/a><br \/>\nEinzelzimmer 95 \u20ac inkl. Fr\u00fchst\u00fcck<br \/>\nDoppelzimmer 127 \u20ac inkl. Fr\u00fchst\u00fcck<\/p>\n<p>Buchung unter dem Stichwort <strong>Windenergietage<\/strong><\/p>\n<p><span style=\"color: #ff0000\">ausgebucht<\/span><\/p>\n<div class=\"clear line\"><\/div>\n<p><a href=\"https:\/\/www.mercure-potsdam.com\/\" target=\"_blank\" rel=\"noopener noreferrer\">Mercure Hotel Potsdam City<\/a> (15 Minuten vom Tagungshotel entfernt)<br \/>\nLange Br\u00fccke, 14467 Potsdam, Telefon +49 (0)331 2722,\u00a0<a href=\"mailto:info@mercure-hotel-potsdam.de\">info@mercure-hotel-potsdam.de<\/a><\/p>\n<p>Einzelzimmer 104 \u20ac pro Nacht inkl. Fr\u00fchst\u00fcck<br \/>\nDoppelzimmer 129 \u20ac pro Nacht inkl. Fr\u00fchst\u00fcck<br \/>\nBuchung unter dem Stichwort <strong>Windenergietage<\/strong><\/p>\n<p><span style=\"color: #ff0000\">ausgebucht<\/span><\/p>\n<div class=\"clear line\"><\/div>\n<p><a href=\"http:\/\/www.landhotel-potsdam.de\" target=\"_blank\" rel=\"noopener noreferrer\">Landhotel Potsdam<\/a> (10 Minuten vom Tagungshotel entfernt)<br \/>\nReiherbergstra\u00dfe 33, 14476 Potsdam\/Golm, Telefon +49 (0)331 601190<\/p>\n<p>Einzelzimmer ab 99 \u20ac pro Nacht (Fr\u00fchst\u00fcck f\u00fcr 9,00\u20ac pro Person und Nacht zubuchbar)<br \/>\nDoppelzimmer ab 119 \u20ac pro Nacht\u00a0(Fr\u00fchst\u00fcck f\u00fcr 9,00\u20ac pro Person und Nacht zubuchbar)<br \/>\nBuchung unter dem Stichwort <strong>Windenergietage<\/strong><\/p>\n<p><span style=\"color: #ff0000\">ausgebucht<\/span><\/p>\n<div class=\"clear line\"><\/div>\n<p><a href=\"http:\/\/www.potsdam.arcona.de\/\" target=\"_blank\" rel=\"noopener noreferrer\">arcona HOTEL AM HAVELUFER<\/a> (5 Minuten vom Tagungshotel entfernt)<br \/>\nZeppelinstra\u00dfe 136, 14471 Potsdam, Telefon +49 (0)331 9815 557<\/p>\n<p>Einzelzimmer ab 105 \u20ac pro Nacht inkl. Fr\u00fchst\u00fcck (Mindestaufenthalt 2 N\u00e4chte)<br \/>\nDoppelzimmer ab 115 \u20ac pro Nacht inkl. Fr\u00fchst\u00fcck\u00a0(Mindestaufenthalt 2 N\u00e4chte)<br \/>\nBuchung unter dem Stichwort <strong>Windenergietage 2019<\/strong><\/p>\n<p><span style=\"color: #ff0000\">ausgebucht<\/span><\/p>\n<div class=\"clear line\"><\/div>\n<p><a href=\"http:\/\/www.seminaris.de\/\" target=\"_blank\" rel=\"noopener noreferrer\">SEMINARIS SeeHotel Potsdam<\/a> (5 Minuten vom Tagungshotel entfernt)<br \/>\nAn der Pirschende 40, 14471 Potsdam, Telefon +49 (0)331 9090 0<\/p>\n<p>Einzelzimmer 135 \u20ac pro Nacht inkl. Fr\u00fchst\u00fcck<br \/>\nDoppelzimmer 165 \u20ac pro Nacht inkl. Fr\u00fchst\u00fcck<br \/>\nBuchung unter dem Stichwort <strong>Windenergie<\/strong><\/p>\n<p><span style=\"color: #ff0000\">ausgebucht<\/span><\/p>\n<div class=\"clear line\"><\/div>\n<p><a href=\"http:\/\/www.potsdam.steigenberger.de\/\" target=\"_blank\" rel=\"noopener noreferrer\">Steigenberger Hotel Sanssouci Potsdam<\/a>\u00a0(10 Minuten vom Tagungshotel entfernt)<br \/>\nAllee nach Sanssouci 1, 14471 Potsdam, Telefon +49 (0)331 9091 905<\/p>\n<p>Einzelzimmer ab 115 \u20ac pro Nacht inkl. Fr\u00fchst\u00fcck (Mindestaufenthalt 2 N\u00e4chte)<br \/>\nDoppelzimmer ab 135 \u20ac pro Nacht inkl. Fr\u00fchst\u00fcck\u00a0(Mindestaufenthalt 2 N\u00e4chte)<br \/>\nBuchung unter dem Stichwort <strong>Windenergietage 2019<\/strong><\/p>\n<p><span style=\"color: #ff0000\">ausgebucht<\/span><\/p>\n<div class=\"clear line\"><\/div>\n<p><a href=\"https:\/\/www.geliti.de\/\" target=\"_blank\" rel=\"noopener noreferrer\">Landhaus Geliti<\/a> (10 Minuten vom Tagungshotel entfernt)<br \/>\nWentorfstra\u00dfe 2, Schwielowsee OT Geltow, Telefon +49 (0)3327-597 0,\u00a0<a href=\"mailto:kontakt@geliti.de\">kontakt@geliti.de<\/a><\/p>\n<p>Einzelzimmer 99 \u20ac pro Nacht inkl. Fr\u00fchst\u00fcck<br \/>\nDoppelzimmer 119 \u20ac pro Nacht inkl. Fr\u00fchst\u00fcck<br \/>\nBuchung unter dem Stichwort <strong>Windenergietage<\/strong><\/p>\n<p><span style=\"color: #ff0000\">ausgebucht<\/span><\/p>\n<div class=\"clear line\"><\/div>\n<p><a href=\"https:\/\/www.wyndhamgardenpotsdam.com\/de\" target=\"_blank\" rel=\"noopener noreferrer\">Wyndham Garden Potsdam<\/a> (5 Minuten vom Tagungshotel entfernt)<br \/>\nForststra\u00dfe 80, 14471 Potsdam, Telefon +49 (0)331 98 120,\u00a0<a href=\"mailto:reservation.berlin@grandcityhotels.com\">reservation.berlin@grandcityhotels.com<\/a><\/p>\n<p>Einzelzimmer 99 \u20ac pro Nacht inkl. Fr\u00fchst\u00fcck<br \/>\nDoppelzimmer 119 \u20ac pro Nacht inkl. Fr\u00fchst\u00fcck<br \/>\nBuchung unter dem Stichwort <strong>Windenergietage<\/strong><\/p>\n<p><span style=\"color: #ff0000\">ausgebucht<\/span><\/p>\n<p>&nbsp;<\/p>\n<p>&nbsp;<\/p>\n","protected":false},"excerpt":{"rendered":"<p>Tagungshotel:\u00a0Kongresshotel Potsdam Am Luftschiffhafen 1 in 14471 Potsdam nur buchbar f\u00fcr 2 N\u00e4chte Das Tagungshotel ist ausgebucht. Freie Zimmer; bei HRS.de oder booking.com Precise Resort am Schwielowsee (10 Minuten vom&#8230;<\/p>\n","protected":false},"author":2,"featured_media":0,"parent":0,"menu_order":30,"comment_status":"closed","ping_status":"closed","template":"","meta":{"_acf_changed":false,"footnotes":""},"class_list":["post-1191","page","type-page","status-publish","hentry"],"acf":[],"_links":{"self":[{"href":"https:\/\/windenergietage.de\/2019\/wp-json\/wp\/v2\/pages\/1191","targetHints":{"allow":["GET"]}}],"collection":[{"href":"https:\/\/windenergietage.de\/2019\/wp-json\/wp\/v2\/pages"}],"about":[{"href":"https:\/\/windenergietage.de\/2019\/wp-json\/wp\/v2\/types\/page"}],"author":[{"embeddable":true,"href":"https:\/\/windenergietage.de\/2019\/wp-json\/wp\/v2\/users\/2"}],"replies":[{"embeddable":true,"href":"https:\/\/windenergietage.de\/2019\/wp-json\/wp\/v2\/comments?post=1191"}],"version-history":[{"count":89,"href":"https:\/\/windenergietage.de\/2019\/wp-json\/wp\/v2\/pages\/1191\/revisions"}],"predecessor-version":[{"id":3440,"href":"https:\/\/windenergietage.de\/2019\/wp-json\/wp\/v2\/pages\/1191\/revisions\/3440"}],"wp:attachment":[{"href":"https:\/\/windenergietage.de\/2019\/wp-json\/wp\/v2\/media?parent=1191"}],"curies":[{"name":"wp","href":"https:\/\/api.w.org\/{rel}","templated":true}]}}