{"id":3175,"date":"2019-09-22T21:45:09","date_gmt":"2019-09-22T19:45:09","guid":{"rendered":"https:\/\/windenergietage.de\/2019\/?page_id=3175"},"modified":"2019-10-28T10:25:55","modified_gmt":"2019-10-28T09:25:55","slug":"downloads","status":"publish","type":"page","link":"https:\/\/windenergietage.de\/2019\/downloads\/","title":{"rendered":"Downloads"},"content":{"rendered":"<p>Das Logo der Windenergietage zum Download.<\/p>\n<p><img loading=\"lazy\" decoding=\"async\" class=\"alignnone size-full wp-image-3176\" src=\"https:\/\/windenergietage.de\/2019\/wp-content\/uploads\/sites\/4\/2019\/09\/Logo_WINDENERGIETAGE-04.jpg\" alt=\"\" width=\"510\" height=\"340\" srcset=\"https:\/\/windenergietage.de\/2019\/wp-content\/uploads\/sites\/4\/2019\/09\/Logo_WINDENERGIETAGE-04.jpg 510w, https:\/\/windenergietage.de\/2019\/wp-content\/uploads\/sites\/4\/2019\/09\/Logo_WINDENERGIETAGE-04-300x200.jpg 300w\" sizes=\"auto, (max-width: 510px) 100vw, 510px\" \/><\/p>\n<p><a href=\"https:\/\/windenergietage.de\/2019\/wp-content\/uploads\/sites\/4\/2019\/09\/Logo_WINDENERGIETAGE-04G.jpg\" target=\"_blank\" rel=\"noopener noreferrer\">Logo gro\u00df, Format jpg<\/a><\/p>\n<p><a href=\"https:\/\/windenergietage.de\/2019\/wp-content\/uploads\/sites\/4\/2019\/09\/Logo_WINDENERGIETAGE-04.jpg\" target=\"_blank\" rel=\"noopener noreferrer\">Logo klein, Format jpg<\/a><\/p>\n<p><a href=\"https:\/\/windenergietage.de\/2019\/wp-content\/uploads\/sites\/4\/2019\/09\/Logo_WINDENERGIETAGE-04.pdf\" target=\"_blank\" rel=\"noopener noreferrer\">Logo, Format pdf<\/a><\/p>\n<p><a href=\"https:\/\/windenergietage.de\/2019\/wp-content\/uploads\/sites\/4\/2019\/09\/Banner_windmesse_WT_928x110.jpg\" target=\"_blank\" rel=\"noopener noreferrer\">Emailbanner ohne Stand<\/a><\/p>\n<p><a href=\"https:\/\/windenergietage.de\/2019\/wp-content\/uploads\/sites\/4\/2019\/09\/Banner_Email_WT_728x90_mit_Stand_blanko-1.jpg\" target=\"_blank\" rel=\"noopener noreferrer\">Emailbanner mit Stand<\/a><\/p>\n<p><a href=\"https:\/\/windenergietage.de\/2019\/wp-content\/uploads\/sites\/4\/2019\/10\/2019_Referenteninformation.pdf\" target=\"_blank\" rel=\"noopener noreferrer\">Informationen f\u00fcr Referenten<\/a><\/p>\n<p><a href=\"https:\/\/windenergietage.de\/2019\/wp-content\/uploads\/sites\/4\/2019\/10\/2019_Checkliste_Eigenforen.pdf\" target=\"_blank\" rel=\"noopener noreferrer\">Hinweise f\u00fcr Organisatoren von eigenen Foren<\/a><\/p>\n","protected":false},"excerpt":{"rendered":"<p>Das Logo der Windenergietage zum Download. Logo gro\u00df, Format jpg Logo klein, Format jpg Logo, Format pdf Emailbanner ohne Stand Emailbanner mit Stand Informationen f\u00fcr Referenten Hinweise f\u00fcr Organisatoren von&#8230;<\/p>\n","protected":false},"author":5,"featured_media":0,"parent":0,"menu_order":0,"comment_status":"closed","ping_status":"closed","template":"","meta":{"_acf_changed":false,"footnotes":""},"class_list":["post-3175","page","type-page","status-publish","hentry"],"acf":[],"_links":{"self":[{"href":"https:\/\/windenergietage.de\/2019\/wp-json\/wp\/v2\/pages\/3175","targetHints":{"allow":["GET"]}}],"collection":[{"href":"https:\/\/windenergietage.de\/2019\/wp-json\/wp\/v2\/pages"}],"about":[{"href":"https:\/\/windenergietage.de\/2019\/wp-json\/wp\/v2\/types\/page"}],"author":[{"embeddable":true,"href":"https:\/\/windenergietage.de\/2019\/wp-json\/wp\/v2\/users\/5"}],"replies":[{"embeddable":true,"href":"https:\/\/windenergietage.de\/2019\/wp-json\/wp\/v2\/comments?post=3175"}],"version-history":[{"count":9,"href":"https:\/\/windenergietage.de\/2019\/wp-json\/wp\/v2\/pages\/3175\/revisions"}],"predecessor-version":[{"id":3426,"href":"https:\/\/windenergietage.de\/2019\/wp-json\/wp\/v2\/pages\/3175\/revisions\/3426"}],"wp:attachment":[{"href":"https:\/\/windenergietage.de\/2019\/wp-json\/wp\/v2\/media?parent=3175"}],"curies":[{"name":"wp","href":"https:\/\/api.w.org\/{rel}","templated":true}]}}