{"id":544,"date":"2016-05-31T16:01:20","date_gmt":"2016-05-31T14:01:20","guid":{"rendered":"http:\/\/www.go-seminare.de\/?page_id=544"},"modified":"2019-10-31T04:42:46","modified_gmt":"2019-10-31T03:42:46","slug":"anmeldung","status":"publish","type":"page","link":"https:\/\/windenergietage.de\/2019\/anmeldung\/","title":{"rendered":"Anmeldung"},"content":{"rendered":"<h4><span style=\"color: #ff0000\">Die Windenergietage 2019 sind ausgebucht<\/span><br \/>\n<span style=\"color: #ff0000\">bitte dazu keine anfragen; es geht leider nichts mehr\u2026<\/span><br \/>\nVielen dank f\u00fcr die unglaubliche beteiligung<\/h4>\n<div class=\"clear line\"><\/div>\n<h4><a href=\"https:\/\/windenergietage.de\/2020\/\">Anmeldung f\u00fcr 2020 in Linstow<\/a><\/h4>\n<p><strong style=\"font-size: 1.125em\">R\u00fccktritt:\u00a0<\/strong><br \/>\nF\u00fcr die Windenergietage 2019:<br \/>\nBitte haben Sie Verst\u00e4ndnis daf\u00fcr, dass wir Ihnen im Fall einer Abmeldung von der Veranstaltung (bitte nur schriftlich), bei Fernbleiben am Seminartag oder bei Abbruch der Teilnahme, unten genannte Kosten in Rechnung stellen. Gern begr\u00fc\u00dfen wir eine Ersatzperson. Die Teilnahme kann auf das Jahr 2020 \u00fcbertragen werden.<\/p>\n<p>Stornokosten entstehen bis zum 06.10.2019 nicht (Bearbeitungsgeb\u00fchr von 55 EUR pro Rechnung, wird bei der Erstattung abgezogen)<\/p>\n<p>Stornierung vom 07.10. \u2013 13.10.2019 10 %<\/p>\n<p>Stornierung vom 14.10. \u2013 20.10.2019 20 %<\/p>\n<p>Stornierung vom 21.10. \u2013 27.10.2019 30 %<\/p>\n<p>Stornierung vom 28.10. \u2013 03.11.2019 40 %<\/p>\n<p>Stornierung vom 04.11. \u2013 06.11.2019 50 %<\/p>\n<p>Programm\u00e4nderungen aus dringendem Anlass (besonders Wind und Wetter) beh\u00e4lt sich der Veranstalter vor.<\/p>\n","protected":false},"excerpt":{"rendered":"<p>Die Windenergietage 2019 sind ausgebucht bitte dazu keine anfragen; es geht leider nichts mehr\u2026 Vielen dank f\u00fcr die unglaubliche beteiligung Anmeldung f\u00fcr 2020 in Linstow R\u00fccktritt:\u00a0 F\u00fcr die Windenergietage 2019:&#8230;<\/p>\n","protected":false},"author":1,"featured_media":0,"parent":0,"menu_order":15,"comment_status":"closed","ping_status":"closed","template":"","meta":{"_acf_changed":false,"footnotes":""},"class_list":["post-544","page","type-page","status-publish","hentry"],"acf":[],"_links":{"self":[{"href":"https:\/\/windenergietage.de\/2019\/wp-json\/wp\/v2\/pages\/544","targetHints":{"allow":["GET"]}}],"collection":[{"href":"https:\/\/windenergietage.de\/2019\/wp-json\/wp\/v2\/pages"}],"about":[{"href":"https:\/\/windenergietage.de\/2019\/wp-json\/wp\/v2\/types\/page"}],"author":[{"embeddable":true,"href":"https:\/\/windenergietage.de\/2019\/wp-json\/wp\/v2\/users\/1"}],"replies":[{"embeddable":true,"href":"https:\/\/windenergietage.de\/2019\/wp-json\/wp\/v2\/comments?post=544"}],"version-history":[{"count":18,"href":"https:\/\/windenergietage.de\/2019\/wp-json\/wp\/v2\/pages\/544\/revisions"}],"predecessor-version":[{"id":3470,"href":"https:\/\/windenergietage.de\/2019\/wp-json\/wp\/v2\/pages\/544\/revisions\/3470"}],"wp:attachment":[{"href":"https:\/\/windenergietage.de\/2019\/wp-json\/wp\/v2\/media?parent=544"}],"curies":[{"name":"wp","href":"https:\/\/api.w.org\/{rel}","templated":true}]}}