{"id":679,"date":"2016-09-19T13:08:53","date_gmt":"2016-09-19T11:08:53","guid":{"rendered":"http:\/\/www.windenergietage.de\/?page_id=679"},"modified":"2019-10-28T16:39:50","modified_gmt":"2019-10-28T15:39:50","slug":"unterstuetzerkatalog","status":"publish","type":"page","link":"https:\/\/windenergietage.de\/2019\/unterstuetzerkatalog\/","title":{"rendered":"Unterst\u00fctzer Katalog"},"content":{"rendered":"<p><a href=\"https:\/\/windenergietage.de\/2019\/wp-content\/uploads\/sites\/4\/2019\/10\/2019_WT28_Unterstuetzerkatalog_2019-10-28_MF.pdf\" target=\"_blank\" rel=\"noopener noreferrer\">Unterst\u00fctzerkatalog: Ihre W\u00fcnsche &#8211; ALLE M\u00f6glichkeiten als PDF (Stand 23.10.2019)<\/a><\/p>\n<p><a href=\"https:\/\/windenergietage.de\/2019\/wp-content\/uploads\/sites\/4\/2019\/10\/2019_WT28_Unterstuetzerkatalog_2019-10-28_MF.pdf\" target=\"_blank\" rel=\"noopener noreferrer\"><img loading=\"lazy\" decoding=\"async\" class=\"alignnone wp-image-3270 size-large\" src=\"https:\/\/windenergietage.de\/2019\/wp-content\/uploads\/sites\/4\/2019\/10\/Preview-Unterstu\u0308tzer-Katalog-2019-1024x769.png\" alt=\"\" width=\"640\" height=\"481\" srcset=\"https:\/\/windenergietage.de\/2019\/wp-content\/uploads\/sites\/4\/2019\/10\/Preview-Unterstu\u0308tzer-Katalog-2019-1024x769.png 1024w, https:\/\/windenergietage.de\/2019\/wp-content\/uploads\/sites\/4\/2019\/10\/Preview-Unterstu\u0308tzer-Katalog-2019-300x225.png 300w, https:\/\/windenergietage.de\/2019\/wp-content\/uploads\/sites\/4\/2019\/10\/Preview-Unterstu\u0308tzer-Katalog-2019-768x576.png 768w\" sizes=\"auto, (max-width: 640px) 100vw, 640px\" \/><\/a><\/p>\n","protected":false},"excerpt":{"rendered":"<p>Unterst\u00fctzerkatalog: Ihre W\u00fcnsche &#8211; ALLE M\u00f6glichkeiten als PDF (Stand 23.10.2019)<\/p>\n","protected":false},"author":2,"featured_media":0,"parent":0,"menu_order":0,"comment_status":"closed","ping_status":"closed","template":"","meta":{"_acf_changed":false,"footnotes":""},"class_list":["post-679","page","type-page","status-publish","hentry"],"acf":[],"_links":{"self":[{"href":"https:\/\/windenergietage.de\/2019\/wp-json\/wp\/v2\/pages\/679","targetHints":{"allow":["GET"]}}],"collection":[{"href":"https:\/\/windenergietage.de\/2019\/wp-json\/wp\/v2\/pages"}],"about":[{"href":"https:\/\/windenergietage.de\/2019\/wp-json\/wp\/v2\/types\/page"}],"author":[{"embeddable":true,"href":"https:\/\/windenergietage.de\/2019\/wp-json\/wp\/v2\/users\/2"}],"replies":[{"embeddable":true,"href":"https:\/\/windenergietage.de\/2019\/wp-json\/wp\/v2\/comments?post=679"}],"version-history":[{"count":37,"href":"https:\/\/windenergietage.de\/2019\/wp-json\/wp\/v2\/pages\/679\/revisions"}],"predecessor-version":[{"id":3430,"href":"https:\/\/windenergietage.de\/2019\/wp-json\/wp\/v2\/pages\/679\/revisions\/3430"}],"wp:attachment":[{"href":"https:\/\/windenergietage.de\/2019\/wp-json\/wp\/v2\/media?parent=679"}],"curies":[{"name":"wp","href":"https:\/\/api.w.org\/{rel}","templated":true}]}}