{"id":1191,"date":"2017-09-11T12:42:10","date_gmt":"2017-09-11T10:42:10","guid":{"rendered":"https:\/\/windenergietage.de\/?page_id=1191"},"modified":"2020-03-06T11:33:05","modified_gmt":"2020-03-06T10:33:05","slug":"hotelliste","status":"publish","type":"page","link":"https:\/\/windenergietage.de\/2020\/hotelliste\/","title":{"rendered":"\u00dcbernachtung"},"content":{"rendered":"<p><strong>Tagungshotel <\/strong><a href=\"https:\/\/linstow.vandervalk.de\" target=\"_blank\" rel=\"noopener noreferrer\">Van der Valk Resort Linstow<\/a><br \/>\nKrakower Chaussee 1 in 18292 Linstow<\/p>\n<p><strong><span style=\"color: #ff0000\">Das Tagungshotel ist mit 1100 Zimmern ausgebucht.<br \/>\nBitte buchen Sie untenstehende Hotels.<br \/>\n<\/span><\/strong><strong><span style=\"color: #ff0000\">Es wird einen Transferservice zum Tagungshotel geben.<br \/>\n<\/span><\/strong><\/p>\n<div class=\"clear line\"><\/div>\n<p><a href=\"https:\/\/drewitzersee.vandervalk.de\/\" target=\"_blank\" rel=\"noopener noreferrer\">Van der Valk Naturresort Drewitzer See<\/a>*<br \/>\n(10 Minuten vom Tagungshotel entfernt)<br \/>\n<span style=\"color: #ff0000\"><b>Auch das Naturresort Drewitzer See ist bereits ausgebucht.<\/b><\/span><\/p>\n<div class=\"clear line\"><\/div>\n<p><strong><a href=\"https:\/\/schlosshotel-fleesensee.com\/\" target=\"_blank\" rel=\"noopener noreferrer\">Schlosshotel Fleesensee<\/a><\/strong>*<br \/>\n(20 Minuten vom Tagungshotel entfernt)<br \/>\n17213 G\u00f6hren-Lebbin, Telefon +49 (0)39932 80100<\/p>\n<p>Einzelzimmer ab 144 \u20ac pro Nacht<br \/>\nDoppelzimmer ab 164 \u20ac pro Nacht<br \/>\nBuchung unter dem Stichwort Windenergietage<\/p>\n<p><strong><a href=\"https:\/\/windenergietage.de\/2020\/wp-content\/uploads\/sites\/5\/2019\/06\/Abrufkontingent-Hotel-Fleesensee.pdf\" target=\"_blank\" rel=\"noopener noreferrer\">BUCHUNGSFORMULAR<\/a><\/strong><\/p>\n<div class=\"clear line\"><\/div>\n<p><a href=\"https:\/\/fleesensee.de\/de\/hotels\/dorfhotel-fleesensee\" target=\"_blank\" rel=\"noopener noreferrer\">Dorfhotel Fleesensee<\/a>*<br \/>\n(20 Minuten vom Tagungshotel entfernt)<br \/>\n17213 G\u00f6hren-Lebbin, Telefon +49 (0)39932 80300<\/p>\n<p>Einzelzimmer 97 \u20ac pro Nacht inkl. Fr\u00fchst\u00fcck (Mindestaufenthalt 2 N\u00e4chte)<br \/>\nDoppelzimmer 130 \u20ac pro Nacht inkl. Fr\u00fchst\u00fcck (Mindestaufenthalt 2 N\u00e4chte)<br \/>\nBuchung unter dem Stichwort Windenergietage<\/p>\n<p><strong><a href=\"https:\/\/windenergietage.de\/2020\/wp-content\/uploads\/sites\/5\/2019\/06\/Abrufkontingent-Dorfhotel-Fleesensee-2020_.pdf\" target=\"_blank\" rel=\"noopener noreferrer\">BUCHUNGSFORMULAR<\/a><\/strong><\/p>\n<div class=\"clear line\"><\/div>\n<p><a href=\"http:\/\/www.tui.com\/hotels\/tui-blue-fleesensee-135478\/hotelinformation\/\"><strong>TUI BLUE Fleesensee<\/strong><\/a><strong>*<\/strong><br \/>\n(20 Minuten vom Tagungshotel entfernt)<br \/>\n17213 G\u00f6hren-Lebbin, Telefon +49 (0)39932 4700<\/p>\n<p>Einzelzimmer 115 \u20ac pro Nacht<br \/>\nDoppelzimmer 135 \u20ac pro Nacht<br \/>\nBuchung unter dem Stichwort <span style=\"color: #000000\">Windenergietage<\/span><\/p>\n<p><strong><a href=\"https:\/\/windenergietage.de\/2020\/wp-content\/uploads\/sites\/5\/2019\/06\/Abrufkontingent-TUI-Fleesensee.pdf\" target=\"_blank\" rel=\"noopener noreferrer\">BUCHUNGSFORMULAR<\/a><\/strong><\/p>\n<div class=\"clear line\"><\/div>\n<p>* Transfer durch Spreewind<\/p>\n<p>&nbsp;<\/p>\n","protected":false},"excerpt":{"rendered":"<p>Tagungshotel Van der Valk Resort Linstow Krakower Chaussee 1 in 18292 Linstow Das Tagungshotel ist mit 1100 Zimmern ausgebucht. Bitte buchen Sie untenstehende Hotels. Es wird einen Transferservice zum Tagungshotel&#8230;<\/p>\n","protected":false},"author":1,"featured_media":0,"parent":0,"menu_order":30,"comment_status":"closed","ping_status":"closed","template":"","meta":{"_acf_changed":false,"footnotes":""},"class_list":["post-1191","page","type-page","status-publish","hentry"],"acf":[],"_links":{"self":[{"href":"https:\/\/windenergietage.de\/2020\/wp-json\/wp\/v2\/pages\/1191","targetHints":{"allow":["GET"]}}],"collection":[{"href":"https:\/\/windenergietage.de\/2020\/wp-json\/wp\/v2\/pages"}],"about":[{"href":"https:\/\/windenergietage.de\/2020\/wp-json\/wp\/v2\/types\/page"}],"author":[{"embeddable":true,"href":"https:\/\/windenergietage.de\/2020\/wp-json\/wp\/v2\/users\/1"}],"replies":[{"embeddable":true,"href":"https:\/\/windenergietage.de\/2020\/wp-json\/wp\/v2\/comments?post=1191"}],"version-history":[{"count":52,"href":"https:\/\/windenergietage.de\/2020\/wp-json\/wp\/v2\/pages\/1191\/revisions"}],"predecessor-version":[{"id":3575,"href":"https:\/\/windenergietage.de\/2020\/wp-json\/wp\/v2\/pages\/1191\/revisions\/3575"}],"wp:attachment":[{"href":"https:\/\/windenergietage.de\/2020\/wp-json\/wp\/v2\/media?parent=1191"}],"curies":[{"name":"wp","href":"https:\/\/api.w.org\/{rel}","templated":true}]}}