{"id":544,"date":"2016-05-31T16:01:20","date_gmt":"2016-05-31T14:01:20","guid":{"rendered":"http:\/\/www.go-seminare.de\/?page_id=544"},"modified":"2020-06-10T08:34:17","modified_gmt":"2020-06-10T06:34:17","slug":"anmeldung","status":"publish","type":"page","link":"https:\/\/windenergietage.de\/2020\/anmeldung\/","title":{"rendered":"Anmeldung"},"content":{"rendered":"<p><a href=\"https:\/\/windenergietage.de\/2020\/wp-content\/uploads\/sites\/5\/2020\/06\/2020_WT_Anmeldeformular-5.pdf\" target=\"_blank\" rel=\"noopener noreferrer\">gern auch per Fax oder eingescannt per Mail an info@spreewind.de<\/a><\/p>\n\n<div class=\"wpcf7 no-js\" id=\"wpcf7-f1178-o1\" lang=\"de-DE\" dir=\"ltr\" data-wpcf7-id=\"1178\">\n<div class=\"screen-reader-response\"><p role=\"status\" aria-live=\"polite\" aria-atomic=\"true\"><\/p> <ul><\/ul><\/div>\n<form action=\"\/2020\/wp-json\/wp\/v2\/pages\/544#wpcf7-f1178-o1\" method=\"post\" class=\"wpcf7-form init\" aria-label=\"Kontaktformular\" novalidate=\"novalidate\" data-status=\"init\">\n<fieldset class=\"hidden-fields-container\"><input type=\"hidden\" name=\"_wpcf7\" value=\"1178\" \/><input type=\"hidden\" name=\"_wpcf7_version\" value=\"6.1.5\" \/><input type=\"hidden\" name=\"_wpcf7_locale\" value=\"de_DE\" \/><input type=\"hidden\" name=\"_wpcf7_unit_tag\" value=\"wpcf7-f1178-o1\" \/><input type=\"hidden\" name=\"_wpcf7_container_post\" value=\"0\" \/><input type=\"hidden\" name=\"_wpcf7_posted_data_hash\" value=\"\" \/>\n<\/fieldset>\n<p>Titel \u00b7 Name: (Pflichtfeld)\n<\/p>\n<p><span class=\"wpcf7-form-control-wrap\" data-name=\"reg-name\"><input size=\"40\" maxlength=\"400\" class=\"wpcf7-form-control wpcf7-text wpcf7-validates-as-required\" aria-required=\"true\" aria-invalid=\"false\" value=\"\" type=\"text\" name=\"reg-name\" \/><\/span>\n<\/p>\n<p>Vorname: (Pflichtfeld)\n<\/p>\n<p><span class=\"wpcf7-form-control-wrap\" data-name=\"reg-firstname\"><input size=\"40\" maxlength=\"400\" class=\"wpcf7-form-control wpcf7-text wpcf7-validates-as-required\" aria-required=\"true\" aria-invalid=\"false\" value=\"\" type=\"text\" name=\"reg-firstname\" \/><\/span>\n<\/p>\n<p>Unternehmen: (Pflichtfeld)\n<\/p>\n<p><span class=\"wpcf7-form-control-wrap\" data-name=\"reg-company\"><input size=\"40\" maxlength=\"400\" class=\"wpcf7-form-control wpcf7-text wpcf7-validates-as-required\" aria-required=\"true\" aria-invalid=\"false\" value=\"\" type=\"text\" name=\"reg-company\" \/><\/span>\n<\/p>\n<p>Stra\u00dfe: (Pflichtfeld)\n<\/p>\n<p><span class=\"wpcf7-form-control-wrap\" data-name=\"reg-street\"><input size=\"40\" maxlength=\"400\" class=\"wpcf7-form-control wpcf7-text wpcf7-validates-as-required\" aria-required=\"true\" aria-invalid=\"false\" value=\"\" type=\"text\" name=\"reg-street\" \/><\/span>\n<\/p>\n<p>PLZ \u00b7 Ort: (Pflichtfeld)\n<\/p>\n<p><span class=\"wpcf7-form-control-wrap\" data-name=\"reg-town\"><input size=\"40\" maxlength=\"400\" class=\"wpcf7-form-control wpcf7-text wpcf7-validates-as-required\" aria-required=\"true\" aria-invalid=\"false\" value=\"\" type=\"text\" name=\"reg-town\" \/><\/span>\n<\/p>\n<p>Telefon:\n<\/p>\n<p><span class=\"wpcf7-form-control-wrap\" data-name=\"reg-phone\"><input size=\"40\" maxlength=\"400\" class=\"wpcf7-form-control wpcf7-text\" aria-invalid=\"false\" value=\"\" type=\"text\" name=\"reg-phone\" \/><\/span>\n<\/p>\n<p>E-Mail-Adresse: (Pflichtfeld)\n<\/p>\n<p><span class=\"wpcf7-form-control-wrap\" data-name=\"reg-email\"><input size=\"40\" maxlength=\"400\" class=\"wpcf7-form-control wpcf7-email wpcf7-validates-as-required wpcf7-text wpcf7-validates-as-email\" aria-required=\"true\" aria-invalid=\"false\" value=\"\" type=\"email\" name=\"reg-email\" \/><\/span>\n<\/p>\n<p>Andere Rechnungsanschrift:\n<\/p>\n<p><span class=\"wpcf7-form-control-wrap\" data-name=\"alt-reg-invoice\"><textarea cols=\"40\" rows=\"10\" maxlength=\"2000\" class=\"wpcf7-form-control wpcf7-textarea\" aria-invalid=\"false\" name=\"alt-reg-invoice\"><\/textarea><\/span>\n<\/p>\n<p><span class=\"wpcf7-form-control-wrap\" data-name=\"reg-invoice\"><span class=\"wpcf7-form-control wpcf7-checkbox\"><span class=\"wpcf7-list-item first last\"><input type=\"checkbox\" name=\"reg-invoice[]\" value=\"Rechnung als pdf per Email\" \/><span class=\"wpcf7-list-item-label\">Rechnung als pdf per Email<\/span><\/span><\/span><\/span>\n<\/p>\n<div class=\"clear line\">\n<\/div>\n<p><strong>Bei Anmeldung von f\u00fcnf Personen einer Firma ist die Teilnahme der f\u00fcnften Person kostenfrei, ebenso die der 10. Person usw., gilt nur f\u00fcr Vollzahler von 525 \u20ac.<\/strong>\n<\/p>\n<p class=\"number-field\"><span class=\"wpcf7-form-control-wrap\" data-name=\"reg-number-opt1\"><input class=\"wpcf7-form-control wpcf7-number wpcf7-validates-as-number\" min=\"0\" max=\"99\" aria-invalid=\"false\" value=\"0\" type=\"number\" name=\"reg-number-opt1\" \/><\/span>Teilnahme vom 10. bis 12.11.2020 (inkl. Abendveranstaltungen am 10. und 11.11.2020) \u2013 pro Person 525 \u20ac*\n<\/p>\n<p class=\"number-field\"><span class=\"wpcf7-form-control-wrap\" data-name=\"reg-number-opt2\"><input class=\"wpcf7-form-control wpcf7-number wpcf7-validates-as-number\" min=\"0\" max=\"99\" aria-invalid=\"false\" value=\"0\" type=\"number\" name=\"reg-number-opt2\" \/><\/span>Teilnahme am 10.11.2020 (inkl. Abendveranstaltung) \u2013 pro Person 145 \u20ac*\n<\/p>\n<p class=\"number-field\"><span class=\"wpcf7-form-control-wrap\" data-name=\"reg-number-opt3\"><input class=\"wpcf7-form-control wpcf7-number wpcf7-validates-as-number\" min=\"0\" max=\"99\" aria-invalid=\"false\" value=\"0\" type=\"number\" name=\"reg-number-opt3\" \/><\/span>Teilnahme am 11.11.2020 (inkl. Abendveranstaltung) \u2013 pro Person 425 \u20ac*\n<\/p>\n<p class=\"number-field\"><span class=\"wpcf7-form-control-wrap\" data-name=\"reg-number-opt4\"><input class=\"wpcf7-form-control wpcf7-number wpcf7-validates-as-number\" min=\"0\" max=\"99\" aria-invalid=\"false\" value=\"0\" type=\"number\" name=\"reg-number-opt4\" \/><\/span>Teilnahme am 12.11.2020 \u2013 195 \u20ac*\n<\/p>\n<div class=\"clear line\">\n<\/div>\n<p><strong>Die Standpreise beinhalten jeweils einen Stehtisch und 2 Barhocker, sowie Strom. Am 06.11. k\u00f6nnen Sie den Besuchern gern ein Themengetr\u00e4nk aus Ihrer Region (alkoholisch oder alkoholfrei) an Ihrem Stand anbieten. Wir freuen uns, wenn Sie unsere GEWINNSPIELE mit Werbegeschenken unterst\u00fctzen!<\/strong>\n<\/p>\n<p><span class=\"wpcf7-form-control-wrap\" data-name=\"reg-booth\"><span class=\"wpcf7-form-control wpcf7-checkbox\"><span class=\"wpcf7-list-item first\"><input type=\"checkbox\" name=\"reg-booth[]\" value=\"Stand im Rahmen der begleitenden Ausstellung 3,5 x 2 m 10.-12.11. \u2013 345 \u20ac*\" \/><span class=\"wpcf7-list-item-label\">Stand im Rahmen der begleitenden Ausstellung 3,5 x 2 m 10.-12.11. \u2013 345 \u20ac*<\/span><\/span><span class=\"wpcf7-list-item\"><input type=\"checkbox\" name=\"reg-booth[]\" value=\"Stand im Rahmen der begleitenden Ausstellung 2 x 2 m 10.-12.11 \u2013 195 \u20ac*\" \/><span class=\"wpcf7-list-item-label\">Stand im Rahmen der begleitenden Ausstellung 2 x 2 m 10.-12.11 \u2013 195 \u20ac*<\/span><\/span><span class=\"wpcf7-list-item last\"><input type=\"checkbox\" name=\"reg-booth[]\" value=\"Stand im Rahmen der begleitenden Ausstellung 1 x 1 m 10.-12.11 \u2013 95 \u20ac*\" \/><span class=\"wpcf7-list-item-label\">Stand im Rahmen der begleitenden Ausstellung 1 x 1 m 10.-12.11 \u2013 95 \u20ac*<\/span><\/span><\/span><\/span>\n<\/p>\n<div class=\"clear line\">\n<\/div>\n<p>Vortrag; Thema:\n<\/p>\n<p><span class=\"wpcf7-form-control-wrap\" data-name=\"reg-topic\"><input size=\"40\" maxlength=\"400\" class=\"wpcf7-form-control wpcf7-text\" aria-invalid=\"false\" value=\"\" type=\"text\" name=\"reg-topic\" \/><\/span>\n<\/p>\n<p><span class=\"wpcf7-form-control-wrap\" data-name=\"reg-supporter\"><span class=\"wpcf7-form-control wpcf7-checkbox\"><span class=\"wpcf7-list-item first last\"><input type=\"checkbox\" name=\"reg-supporter[]\" value=\"Interesse an Unterst\u00fctzung der Veranstaltung\" \/><span class=\"wpcf7-list-item-label\">Interesse an Unterst\u00fctzung der Veranstaltung<\/span><\/span><\/span><\/span>\n<\/p>\n<div class=\"clear line\">\n<\/div>\n<p>Weitere Nachricht\/Namen der Teilnehmer:\n<\/p>\n<p><span class=\"wpcf7-form-control-wrap\" data-name=\"reg-message\"><textarea cols=\"40\" rows=\"10\" maxlength=\"2000\" class=\"wpcf7-form-control wpcf7-textarea\" aria-invalid=\"false\" name=\"reg-message\"><\/textarea><\/span>\n<\/p>\n<div class=\"clear line\">\n<\/div>\n<p><strong>Wichtig: Aufgrund der DSGVO bitten wir um Freigabe folgender Daten f\u00fcr unsere \u00f6ffentliche Teilnehmerliste<\/strong>\n<\/p>\n<p><span class=\"wpcf7-form-control-wrap\" data-name=\"reg-attendee-list1\"><span class=\"wpcf7-form-control wpcf7-checkbox\"><span class=\"wpcf7-list-item first last\"><input type=\"checkbox\" name=\"reg-attendee-list1[]\" value=\"Ich bin mit der Aufnahme des Firmennamens in die Teilnehmerliste einverstanden\" \/><span class=\"wpcf7-list-item-label\">Ich bin mit der Aufnahme des Firmennamens in die Teilnehmerliste einverstanden<\/span><\/span><\/span><\/span>\n<\/p>\n<p><span class=\"wpcf7-form-control-wrap\" data-name=\"reg-attendee-list2\"><span class=\"wpcf7-form-control wpcf7-checkbox\"><span class=\"wpcf7-list-item first last\"><input type=\"checkbox\" name=\"reg-attendee-list2[]\" value=\"Ich bin mit der Aufnahme meines Namens in die Teilnehmerliste einverstanden\" \/><span class=\"wpcf7-list-item-label\">Ich bin mit der Aufnahme meines Namens in die Teilnehmerliste einverstanden<\/span><\/span><\/span><\/span>\n<\/p>\n<div class=\"clear line\">\n<\/div>\n<div class=\"web-visible\">\n\t<p>Mit dem Absenden der Anmeldung akzeptiere ich die Allgemeinen Gesch\u00e4ftsbedingungen der Firma Spreewind GmbH.\n\t<\/p>\n\t<div class=\"clear line\">\n\t<\/div>\n\t<p><span class=\"wpcf7-form-control-wrap\" data-name=\"acceptance-539\"><span class=\"wpcf7-form-control wpcf7-acceptance\"><span class=\"wpcf7-list-item\"><label><input type=\"checkbox\" name=\"acceptance-539\" value=\"1\" aria-invalid=\"false\" \/><span class=\"wpcf7-list-item-label\">Mit der Nutzung dieses Formulars erkl\u00e4ren Sie sich mit der Speicherung und Verarbeitung Ihrer Daten durch diese Website einverstanden. <a target=\"_blank\" href=\"https:\/\/windenergietage.de\/2020\/datenschutz\/\">Datenschutzerkl\u00e4rung<\/a><\/span><\/label><\/span><\/span><\/span>\n\t<\/p>\n\t<div class=\"clear divider-10\">\n\t<\/div>\n\t<p><p><span class=\"wpcf7-form-control-wrap\"><input type=\"hidden\" name=\"php_start_time\" value=\"1775408320.3127\" \/><input type=\"hidden\" name=\"js_end_time\" class=\"js_end_time\" value=\"\" \/><input type=\"hidden\" name=\"js_start_time\" class=\"js_start_time\" value=\"\" \/><div class=\"f12t\"><input type=\"hidden\" class=\"f12_timer\" name=\"f12_timer\" value=\"$2y$12$MzlT0eS4bkjOncLWcIbWEezhcJfz9VPh6NKOgUD3aNpJNqDLHSDiC\"\/><\/div><input id=\"f12_captcha\" type=\"text\" style=\"visibility:hidden!important; opacity:1!important; height:0!important; width:0!important; margin:0!important; padding:0!important;\" name=\"f12_captcha\" value=\"\"\/><input type=\"hidden\" name=\"behavior_nonce\" value=\"\" \/><script>\r\n(function(){\r\n\tvar el = document.currentScript;\r\n\tif (!el) return;\r\n\tvar form = el.closest(\"form\");\r\n\tif (!form || form.dataset.ssInit === \"1\") return;\r\n\tform.dataset.ssInit = \"1\";\r\n\tform.dataset.ssMode = \"protect\";\r\n\tform.dataset.ssSource = \"rule\";\r\n})();\r\n<\/script><\/span><\/p><input class=\"wpcf7-form-control wpcf7-submit has-spinner\" type=\"submit\" value=\"Anmeldung absenden\" \/>\n\t<\/p>\n<\/div>\n<div class=\"print-visible\">\n\t<p>Mit meiner Unterschrift akzeptiere ich die Allgemeinen Gesch\u00e4ftsbedingungen der Firma Spreewind GmbH.\n\t<\/p>\n\t<div class=\"clear divider-10\">\n\t<\/div>\n\t<div class=\"clear divider-20\">\n\t<\/div>\n\t<div class=\"col-2 col-left\">\n\t\t<p><strong>Datum<\/strong>\n\t\t<\/p>\n\t<\/div>\n\t<div class=\"col-2 col-right\">\n\t\t<p><strong>Unterschrift<\/strong>\n\t\t<\/p>\n\t<\/div>\n\t<div class=\"clear\">\n\t<\/div>\n<\/div><div class=\"wpcf7-response-output\" aria-hidden=\"true\"><\/div>\n<\/form>\n<\/div>\n\n<div class=\"clear line\"><\/div>\n<p>*zzgl. MwSt<\/p>\n<p><strong style=\"font-size: 1.125em\">R\u00fccktritt:\u00a0<\/strong><br \/>\nF\u00fcr die Windenergietage 2020:<br \/>\nBitte haben Sie Verst\u00e4ndnis daf\u00fcr, dass wir Ihnen im Fall einer Abmeldung von der Veranstaltung (bitte nur schriftlich), bei Fernbleiben am Seminartag oder bei Abbruch der Teilnahme, unten genannte Kosten in Rechnung stellen. Gern begr\u00fc\u00dfen wir eine Ersatzperson. Die Teilnahme kann auf das Jahr 2021 \u00fcbertragen werden.<\/p>\n<p>Stornokosten entstehen bis zum 10.10.2020 nicht (Bearbeitungsgeb\u00fchr von 55 EUR pro Rechnung, wird bei der Erstattung abgezogen)<\/p>\n<p>Stornierung vom 11.10. \u2013 17.10.2020 20 %<\/p>\n<p>Stornierung vom 18.10. \u2013 24.10.2020 30 %<\/p>\n<p>Stornierung vom 25.10. \u2013 31.10.2020 40 %<\/p>\n<p>Stornierung vom 01.11. \u2013 07.11.2020 50 %<\/p>\n<p>Stornierung vom 08.11. \u2013 09.11.2020 70 %<\/p>\n<p>Stornierung ab 09.11.2020 100%<\/p>\n<p>Programm\u00e4nderungen aus dringendem Anlass (besonders Wind und Wetter) beh\u00e4lt sich der Veranstalter vor.<\/p>\n","protected":false},"excerpt":{"rendered":"<p>gern auch per Fax oder eingescannt per Mail an info@spreewind.de *zzgl. MwSt R\u00fccktritt:\u00a0 F\u00fcr die Windenergietage 2020: Bitte haben Sie Verst\u00e4ndnis daf\u00fcr, dass wir Ihnen im Fall einer Abmeldung von&#8230;<\/p>\n","protected":false},"author":1,"featured_media":0,"parent":0,"menu_order":15,"comment_status":"closed","ping_status":"closed","template":"","meta":{"_acf_changed":false,"footnotes":""},"class_list":["post-544","page","type-page","status-publish","hentry"],"acf":[],"_links":{"self":[{"href":"https:\/\/windenergietage.de\/2020\/wp-json\/wp\/v2\/pages\/544","targetHints":{"allow":["GET"]}}],"collection":[{"href":"https:\/\/windenergietage.de\/2020\/wp-json\/wp\/v2\/pages"}],"about":[{"href":"https:\/\/windenergietage.de\/2020\/wp-json\/wp\/v2\/types\/page"}],"author":[{"embeddable":true,"href":"https:\/\/windenergietage.de\/2020\/wp-json\/wp\/v2\/users\/1"}],"replies":[{"embeddable":true,"href":"https:\/\/windenergietage.de\/2020\/wp-json\/wp\/v2\/comments?post=544"}],"version-history":[{"count":14,"href":"https:\/\/windenergietage.de\/2020\/wp-json\/wp\/v2\/pages\/544\/revisions"}],"predecessor-version":[{"id":3635,"href":"https:\/\/windenergietage.de\/2020\/wp-json\/wp\/v2\/pages\/544\/revisions\/3635"}],"wp:attachment":[{"href":"https:\/\/windenergietage.de\/2020\/wp-json\/wp\/v2\/media?parent=544"}],"curies":[{"name":"wp","href":"https:\/\/api.w.org\/{rel}","templated":true}]}}