{"id":1180,"date":"2017-09-08T11:55:42","date_gmt":"2017-09-08T09:55:42","guid":{"rendered":"https:\/\/windenergietage.de\/?page_id=1180"},"modified":"2022-04-05T11:42:20","modified_gmt":"2022-04-05T09:42:20","slug":"standplan","status":"publish","type":"page","link":"https:\/\/windenergietage.de\/2021\/standplan\/","title":{"rendered":"Standplan \/ Aussteller"},"content":{"rendered":"<p><a href=\"https:\/\/windenergietage.de\/2021\/wp-content\/uploads\/sites\/6\/2022\/03\/Standplan_Potsdam_2021-11-09.pdf\" target=\"_blank\" rel=\"noopener noreferrer\"><strong>Den Standplan 2021 f\u00fcr das Kongresshotel Potsdam finden Sie hier.<\/strong><\/a><br \/>\n(Stand 09.11.2021)<br \/>\n<a href=\"https:\/\/windenergietage.de\/2021\/wp-content\/uploads\/sites\/6\/2022\/03\/Standplan_Potsdam_2021-11-09.pdf\" target=\"_blank\" rel=\"noopener\"><img loading=\"lazy\" decoding=\"async\" class=\"alignnone wp-image-4597 size-large\" src=\"https:\/\/windenergietage.de\/2021\/wp-content\/uploads\/sites\/6\/2021\/10\/Standplan_Potsdam_2021-Preview-1-1024x443.png\" alt=\"\" width=\"640\" height=\"277\" srcset=\"https:\/\/windenergietage.de\/2021\/wp-content\/uploads\/sites\/6\/2021\/10\/Standplan_Potsdam_2021-Preview-1-1024x443.png 1024w, https:\/\/windenergietage.de\/2021\/wp-content\/uploads\/sites\/6\/2021\/10\/Standplan_Potsdam_2021-Preview-1-300x130.png 300w, https:\/\/windenergietage.de\/2021\/wp-content\/uploads\/sites\/6\/2021\/10\/Standplan_Potsdam_2021-Preview-1-768x332.png 768w, https:\/\/windenergietage.de\/2021\/wp-content\/uploads\/sites\/6\/2021\/10\/Standplan_Potsdam_2021-Preview-1-1536x664.png 1536w, https:\/\/windenergietage.de\/2021\/wp-content\/uploads\/sites\/6\/2021\/10\/Standplan_Potsdam_2021-Preview-1-2048x885.png 2048w\" sizes=\"auto, (max-width: 640px) 100vw, 640px\" \/><\/a><\/p>\n<p><strong>AUSSTELLERINFORM<\/strong><strong>ATIONEN<\/strong><\/p>\n<p><strong>Speditionslieferungen und Pakete<\/strong> bitte ab dem 01.11.2021 an:<\/p>\n<p>Kongresshotel Potsdam<br \/>\n29. Windenergietage \/ Markus Friederichs<br \/>\nAm Luftschiffhafen 1<br \/>\n14471 Potsdam<br \/>\nHandy Markus Friederichs: 0151 50654444<\/p>\n<p><strong>Aufbau:<br \/>\n<\/strong>Dienstag, 09.11.2021 ab 18 Uhr bis 0 Uhr<br \/>\nMittwoch, 10.11.2021 ab 8 Uhr<\/p>\n<p><strong>Abbau:<br \/>\n<\/strong>Freitag, 12.11.2021 ab 15 Uhr.<\/p>\n<p><strong>Ausstattung:<span class=\"Apple-converted-space\"><br \/>\n<\/span><\/strong><\/p>\n<p>gro\u00dfer &amp; kleiner Stand:<br \/>\nStehtische, Barhocker, Tische und St\u00fchle sowie Strom erhalten Sie vor Ort von Spreewind.<\/p>\n<p>sehr kleiner Stand:<br \/>\nStehtische sowie Strom erhalten Sie vor Ort von Spreewind.<\/p>\n<p>Diese sind im Standpreis enthalten, eine Bestellung ist nicht notwendig.<\/p>\n<p>Zus\u00e4tzliche Technik wie Fernseher, K\u00fchlschr\u00e4nke und \u00e4hnliches erhalten Sie \u00fcber Herrn Wilhelm von der Firma Happy Day,<br \/>\nTelefon 0331-74000466 oder 0178-6927631 oder per Mail unter <strong><a href=\"mailto:alexander@happy-day.events\" target=\"_blank\" rel=\"noopener\">alexander@happy-day.events<\/a><\/strong>.<\/p>\n<p>weitere Informationen und eine \u00dcbersicht zum Ausdrucken finden Sie <strong><a href=\"https:\/\/windenergietage.de\/2021\/wp-content\/uploads\/sites\/6\/2021\/11\/Austellerinfo-Potsdam-2021-2021-11-04.pdf\" target=\"_blank\" rel=\"noopener noreferrer\">hier<\/a><\/strong>.<\/p>\n","protected":false},"excerpt":{"rendered":"<p>Den Standplan 2021 f\u00fcr das Kongresshotel Potsdam finden Sie hier. (Stand 09.11.2021) AUSSTELLERINFORMATIONEN Speditionslieferungen und Pakete bitte ab dem 01.11.2021 an: Kongresshotel Potsdam 29. Windenergietage \/ Markus Friederichs Am Luftschiffhafen&#8230;<\/p>\n","protected":false},"author":1,"featured_media":0,"parent":0,"menu_order":20,"comment_status":"closed","ping_status":"closed","template":"","meta":{"_acf_changed":false,"footnotes":""},"class_list":["post-1180","page","type-page","status-publish","hentry"],"acf":[],"_links":{"self":[{"href":"https:\/\/windenergietage.de\/2021\/wp-json\/wp\/v2\/pages\/1180","targetHints":{"allow":["GET"]}}],"collection":[{"href":"https:\/\/windenergietage.de\/2021\/wp-json\/wp\/v2\/pages"}],"about":[{"href":"https:\/\/windenergietage.de\/2021\/wp-json\/wp\/v2\/types\/page"}],"author":[{"embeddable":true,"href":"https:\/\/windenergietage.de\/2021\/wp-json\/wp\/v2\/users\/1"}],"replies":[{"embeddable":true,"href":"https:\/\/windenergietage.de\/2021\/wp-json\/wp\/v2\/comments?post=1180"}],"version-history":[{"count":172,"href":"https:\/\/windenergietage.de\/2021\/wp-json\/wp\/v2\/pages\/1180\/revisions"}],"predecessor-version":[{"id":5026,"href":"https:\/\/windenergietage.de\/2021\/wp-json\/wp\/v2\/pages\/1180\/revisions\/5026"}],"wp:attachment":[{"href":"https:\/\/windenergietage.de\/2021\/wp-json\/wp\/v2\/media?parent=1180"}],"curies":[{"name":"wp","href":"https:\/\/api.w.org\/{rel}","templated":true}]}}