{"id":679,"date":"2016-09-19T13:08:53","date_gmt":"2016-09-19T11:08:53","guid":{"rendered":"http:\/\/www.windenergietage.de\/?page_id=679"},"modified":"2021-10-11T09:19:05","modified_gmt":"2021-10-11T07:19:05","slug":"unterstuetzerkatalog","status":"publish","type":"page","link":"https:\/\/windenergietage.de\/2021\/unterstuetzerkatalog\/","title":{"rendered":"Unterst\u00fctzer Katalog"},"content":{"rendered":"<p><strong><a href=\"https:\/\/windenergietage.de\/2021\/wp-content\/uploads\/sites\/6\/2021\/10\/211011_WT29_Unterstuetzerkatalog-komplett.pdf\" target=\"_blank\" rel=\"noopener noreferrer\">Unterst\u00fctzer Katalog: Ihre W\u00fcnsche &#8211; ALLE M\u00f6glichkeiten als pdf<\/a><br \/>\n<\/strong>(Stand 11.10.2021)<\/p>\n<p style=\"text-align: center\"><a href=\"https:\/\/windenergietage.de\/2021\/wp-content\/uploads\/sites\/6\/2021\/10\/211011_WT29_Unterstuetzerkatalog-komplett.pdf\" target=\"_blank\" rel=\"noopener\"><img loading=\"lazy\" decoding=\"async\" class=\"alignnone wp-image-4413 size-full\" src=\"https:\/\/windenergietage.de\/2021\/wp-content\/uploads\/sites\/6\/2021\/09\/Vorschau-Unterstu\u0308tzerkatalog-2021-Potsdam.png\" alt=\"\" width=\"3000\" height=\"2250\" srcset=\"https:\/\/windenergietage.de\/2021\/wp-content\/uploads\/sites\/6\/2021\/09\/Vorschau-Unterstu\u0308tzerkatalog-2021-Potsdam.png 3000w, https:\/\/windenergietage.de\/2021\/wp-content\/uploads\/sites\/6\/2021\/09\/Vorschau-Unterstu\u0308tzerkatalog-2021-Potsdam-300x225.png 300w, https:\/\/windenergietage.de\/2021\/wp-content\/uploads\/sites\/6\/2021\/09\/Vorschau-Unterstu\u0308tzerkatalog-2021-Potsdam-1024x768.png 1024w, https:\/\/windenergietage.de\/2021\/wp-content\/uploads\/sites\/6\/2021\/09\/Vorschau-Unterstu\u0308tzerkatalog-2021-Potsdam-768x576.png 768w, https:\/\/windenergietage.de\/2021\/wp-content\/uploads\/sites\/6\/2021\/09\/Vorschau-Unterstu\u0308tzerkatalog-2021-Potsdam-1536x1152.png 1536w, https:\/\/windenergietage.de\/2021\/wp-content\/uploads\/sites\/6\/2021\/09\/Vorschau-Unterstu\u0308tzerkatalog-2021-Potsdam-2048x1536.png 2048w\" sizes=\"auto, (max-width: 3000px) 100vw, 3000px\" \/><\/a><\/p>\n","protected":false},"excerpt":{"rendered":"<p>Unterst\u00fctzer Katalog: Ihre W\u00fcnsche &#8211; ALLE M\u00f6glichkeiten als pdf (Stand 11.10.2021)<\/p>\n","protected":false},"author":1,"featured_media":0,"parent":0,"menu_order":0,"comment_status":"closed","ping_status":"closed","template":"","meta":{"_acf_changed":false,"footnotes":""},"class_list":["post-679","page","type-page","status-publish","hentry"],"acf":[],"_links":{"self":[{"href":"https:\/\/windenergietage.de\/2021\/wp-json\/wp\/v2\/pages\/679","targetHints":{"allow":["GET"]}}],"collection":[{"href":"https:\/\/windenergietage.de\/2021\/wp-json\/wp\/v2\/pages"}],"about":[{"href":"https:\/\/windenergietage.de\/2021\/wp-json\/wp\/v2\/types\/page"}],"author":[{"embeddable":true,"href":"https:\/\/windenergietage.de\/2021\/wp-json\/wp\/v2\/users\/1"}],"replies":[{"embeddable":true,"href":"https:\/\/windenergietage.de\/2021\/wp-json\/wp\/v2\/comments?post=679"}],"version-history":[{"count":27,"href":"https:\/\/windenergietage.de\/2021\/wp-json\/wp\/v2\/pages\/679\/revisions"}],"predecessor-version":[{"id":4517,"href":"https:\/\/windenergietage.de\/2021\/wp-json\/wp\/v2\/pages\/679\/revisions\/4517"}],"wp:attachment":[{"href":"https:\/\/windenergietage.de\/2021\/wp-json\/wp\/v2\/media?parent=679"}],"curies":[{"name":"wp","href":"https:\/\/api.w.org\/{rel}","templated":true}]}}