{"id":1180,"date":"2017-09-08T11:55:42","date_gmt":"2017-09-08T09:55:42","guid":{"rendered":"https:\/\/windenergietage.de\/?page_id=1180"},"modified":"2023-01-12T09:36:02","modified_gmt":"2023-01-12T08:36:02","slug":"standplan","status":"publish","type":"page","link":"https:\/\/windenergietage.de\/2022\/standplan\/","title":{"rendered":"Standplan \/ Aussteller"},"content":{"rendered":"<p><a href=\"https:\/\/windenergietage.de\/2022\/wp-content\/uploads\/sites\/7\/2022\/11\/221103-Standplan-Linstow-2022.pdf\" target=\"_blank\" rel=\"noopener\"><strong>Den Standplan 2022 f\u00fcr das Van der Valk Resort Linstow finden Sie hier:<\/strong><\/a><br \/>\nStand 10.11.2022<\/p>\n<p><a href=\"https:\/\/windenergietage.de\/2022\/wp-content\/uploads\/sites\/7\/2023\/01\/230112-Standplan-Linstow-2022-final.pdf\" target=\"_blank\" rel=\"noopener\"><img loading=\"lazy\" decoding=\"async\" class=\"alignnone wp-image-4551 size-large\" src=\"https:\/\/windenergietage.de\/2022\/wp-content\/uploads\/sites\/7\/2022\/10\/Preview-Standplan-2022-1024x833.png\" alt=\"\" width=\"640\" height=\"521\" srcset=\"https:\/\/windenergietage.de\/2022\/wp-content\/uploads\/sites\/7\/2022\/10\/Preview-Standplan-2022-1024x833.png 1024w, https:\/\/windenergietage.de\/2022\/wp-content\/uploads\/sites\/7\/2022\/10\/Preview-Standplan-2022-300x244.png 300w, https:\/\/windenergietage.de\/2022\/wp-content\/uploads\/sites\/7\/2022\/10\/Preview-Standplan-2022-768x624.png 768w, https:\/\/windenergietage.de\/2022\/wp-content\/uploads\/sites\/7\/2022\/10\/Preview-Standplan-2022-1536x1249.png 1536w, https:\/\/windenergietage.de\/2022\/wp-content\/uploads\/sites\/7\/2022\/10\/Preview-Standplan-2022-2048x1665.png 2048w\" sizes=\"auto, (max-width: 640px) 100vw, 640px\" \/><\/a><\/p>\n<p>&nbsp;<\/p>\n<p><strong>AUSSTELLERINFORM<\/strong><strong>ATIONEN<\/strong><\/p>\n<p><strong>Speditionslieferungen und Pakete<\/strong> bitte ab dem 31.10.2022 an:<\/p>\n<p>Van der Valk Resort Linstow<br \/>\n30. Windenergietage<br \/>\nHerrn Markus Friederichs<br \/>\nKrakower Chaussee 1<br \/>\nD-18292 Linstow<br \/>\nHandy Markus Friederichs: +49 151 50654444<\/p>\n<p><b>Aufbauzeiten<br \/>\n<\/b><\/p>\n<p>Montag, 07.11.2022 ab 8 Uhr bis 0 Uhr<br \/>\nDienstag, 08.11.2022 ab 8 Uhr<\/p>\n<p><strong>Abbau<\/strong> am 10.11.2020 ab 15:00 Uhr<\/p>\n<p><strong>Ausstattung:<span class=\"Apple-converted-space\">\u00a0<\/span><\/strong>Stehtisch mit Husse, Barhocker, Tische und St\u00fchle sowie Strom erhalten Sie vor Ort von Spreewind. Diese sind im Standpreis enthalten, eine Bestellung ist nicht notwendig.<\/p>\n<p>Zus\u00e4tzliche Technik wie Fernseher, K\u00fchlschr\u00e4nke und \u00e4hnliches erhalten Sie \u00fcber Herrn Wilhelm von der Firma Happy Day,<br \/>\nTelefon 0331-74000466 oder 0178-6927631 oder per Mail unter\u00a0<strong><a href=\"mailto:alexander@happy-day.events\" target=\"_blank\" rel=\"noopener\">alexander@happy-day.events<\/a><\/strong>.<\/p>\n<p>weitere Informationen und eine \u00dcbersicht zum Ausdrucken finden Sie <strong><a href=\"https:\/\/windenergietage.de\/2022\/wp-content\/uploads\/sites\/7\/2022\/10\/Austellerinfo-Linstow-2022.pdf\" target=\"_blank\" rel=\"noopener\">hier.<\/a><\/strong><\/p>\n","protected":false},"excerpt":{"rendered":"<p>Den Standplan 2022 f\u00fcr das Van der Valk Resort Linstow finden Sie hier: Stand 10.11.2022 &nbsp; AUSSTELLERINFORMATIONEN Speditionslieferungen und Pakete bitte ab dem 31.10.2022 an: Van der Valk Resort Linstow&#8230;<\/p>\n","protected":false},"author":1,"featured_media":0,"parent":0,"menu_order":20,"comment_status":"closed","ping_status":"closed","template":"","meta":{"_acf_changed":false,"footnotes":""},"class_list":["post-1180","page","type-page","status-publish","hentry"],"acf":[],"_links":{"self":[{"href":"https:\/\/windenergietage.de\/2022\/wp-json\/wp\/v2\/pages\/1180","targetHints":{"allow":["GET"]}}],"collection":[{"href":"https:\/\/windenergietage.de\/2022\/wp-json\/wp\/v2\/pages"}],"about":[{"href":"https:\/\/windenergietage.de\/2022\/wp-json\/wp\/v2\/types\/page"}],"author":[{"embeddable":true,"href":"https:\/\/windenergietage.de\/2022\/wp-json\/wp\/v2\/users\/1"}],"replies":[{"embeddable":true,"href":"https:\/\/windenergietage.de\/2022\/wp-json\/wp\/v2\/comments?post=1180"}],"version-history":[{"count":164,"href":"https:\/\/windenergietage.de\/2022\/wp-json\/wp\/v2\/pages\/1180\/revisions"}],"predecessor-version":[{"id":4896,"href":"https:\/\/windenergietage.de\/2022\/wp-json\/wp\/v2\/pages\/1180\/revisions\/4896"}],"wp:attachment":[{"href":"https:\/\/windenergietage.de\/2022\/wp-json\/wp\/v2\/media?parent=1180"}],"curies":[{"name":"wp","href":"https:\/\/api.w.org\/{rel}","templated":true}]}}