{"id":3530,"date":"2020-02-24T14:26:45","date_gmt":"2020-02-24T13:26:45","guid":{"rendered":"https:\/\/windenergietage.de\/2020\/?page_id=3530"},"modified":"2022-09-26T13:41:37","modified_gmt":"2022-09-26T11:41:37","slug":"downloads","status":"publish","type":"page","link":"https:\/\/windenergietage.de\/2022\/downloads\/","title":{"rendered":"Downloads"},"content":{"rendered":"<p>Das Logo der Windenergietage zum Download.<\/p>\n<p><img loading=\"lazy\" decoding=\"async\" class=\"alignnone size-full wp-image-3176\" src=\"https:\/\/windenergietage.de\/2019\/wp-content\/uploads\/sites\/4\/2019\/09\/Logo_WINDENERGIETAGE-04.jpg\" alt=\"\" width=\"510\" height=\"340\" \/><\/p>\n<p><a href=\"https:\/\/windenergietage.de\/2019\/wp-content\/uploads\/sites\/4\/2019\/09\/Logo_WINDENERGIETAGE-04G.jpg\" target=\"_blank\" rel=\"noopener noreferrer\">Logo gro\u00df, Format jpg<\/a><\/p>\n<p><a href=\"https:\/\/windenergietage.de\/2019\/wp-content\/uploads\/sites\/4\/2019\/09\/Logo_WINDENERGIETAGE-04.jpg\" target=\"_blank\" rel=\"noopener noreferrer\">Logo klein, Format jpg<\/a><\/p>\n<p><a href=\"https:\/\/windenergietage.de\/2019\/wp-content\/uploads\/sites\/4\/2019\/09\/Logo_WINDENERGIETAGE-04.pdf\" target=\"_blank\" rel=\"noopener noreferrer\">Logo, Format pdf<\/a><\/p>\n<p><a href=\"https:\/\/windenergietage.de\/2022\/wp-content\/uploads\/sites\/7\/2022\/09\/E-Mail-Banner-Vorlage-2022-ohne-Stand.png\" target=\"_blank\" rel=\"noopener\">Emailbanner ohne Stand<\/a><\/p>\n<p><a href=\"https:\/\/windenergietage.de\/2022\/wp-content\/uploads\/sites\/7\/2022\/09\/E-Mail-Banner-Vorlage-2022.png\" target=\"_blank\" rel=\"noopener\">Emailbanner mit Stand<\/a><\/p>\n<p><a href=\"https:\/\/windenergietage.de\/2022\/wp-content\/uploads\/sites\/7\/2022\/09\/2022_Referenteninformation.pdf\" target=\"_blank\" rel=\"noopener\">Informationen f\u00fcr Referenten<\/a><\/p>\n<p><a href=\"https:\/\/windenergietage.de\/2022\/wp-content\/uploads\/sites\/7\/2022\/09\/2022_Checkliste_Eigenforen.pdf\" target=\"_blank\" rel=\"noopener\">Hinweise f\u00fcr Organisatoren von eigenen Foren<\/a><\/p>\n","protected":false},"excerpt":{"rendered":"<p>Das Logo der Windenergietage zum Download. Logo gro\u00df, Format jpg Logo klein, Format jpg Logo, Format pdf Emailbanner ohne Stand Emailbanner mit Stand Informationen f\u00fcr Referenten Hinweise f\u00fcr Organisatoren von&#8230;<\/p>\n","protected":false},"author":2,"featured_media":0,"parent":0,"menu_order":80,"comment_status":"closed","ping_status":"closed","template":"","meta":{"_acf_changed":false,"footnotes":""},"class_list":["post-3530","page","type-page","status-publish","hentry"],"acf":[],"_links":{"self":[{"href":"https:\/\/windenergietage.de\/2022\/wp-json\/wp\/v2\/pages\/3530","targetHints":{"allow":["GET"]}}],"collection":[{"href":"https:\/\/windenergietage.de\/2022\/wp-json\/wp\/v2\/pages"}],"about":[{"href":"https:\/\/windenergietage.de\/2022\/wp-json\/wp\/v2\/types\/page"}],"author":[{"embeddable":true,"href":"https:\/\/windenergietage.de\/2022\/wp-json\/wp\/v2\/users\/2"}],"replies":[{"embeddable":true,"href":"https:\/\/windenergietage.de\/2022\/wp-json\/wp\/v2\/comments?post=3530"}],"version-history":[{"count":6,"href":"https:\/\/windenergietage.de\/2022\/wp-json\/wp\/v2\/pages\/3530\/revisions"}],"predecessor-version":[{"id":4380,"href":"https:\/\/windenergietage.de\/2022\/wp-json\/wp\/v2\/pages\/3530\/revisions\/4380"}],"wp:attachment":[{"href":"https:\/\/windenergietage.de\/2022\/wp-json\/wp\/v2\/media?parent=3530"}],"curies":[{"name":"wp","href":"https:\/\/api.w.org\/{rel}","templated":true}]}}