{"id":544,"date":"2016-05-31T16:01:20","date_gmt":"2016-05-31T14:01:20","guid":{"rendered":"http:\/\/www.go-seminare.de\/?page_id=544"},"modified":"2022-10-27T08:10:24","modified_gmt":"2022-10-27T06:10:24","slug":"anmeldung","status":"publish","type":"page","link":"https:\/\/windenergietage.de\/2022\/anmeldung\/","title":{"rendered":"Anmeldung"},"content":{"rendered":"<p style=\"font-weight: 400;text-align: center\"><strong><span style=\"color: #ff0000\">DIE WINDENERGIETAGE 2022 SIND TATS\u00c4CHLICH AUSGEBUCHT,<\/span><\/strong><br \/>\n<strong><span style=\"color: #ff0000\">ABSAGEN WERDEN DURCH EINE LANGE LISTE VON \u201eNACHR\u00dcCKERN\u201c AUFGEF\u00dcLLT.<\/span><\/strong><\/p>\n<p style=\"font-weight: 400;text-align: center\"><strong><span style=\"color: #ff0000\">BITTE KEINE ANFRAGEN ZUR M\u00d6GLICHEN TEILNAHME.<\/span><\/strong><\/p>\n<p style=\"font-weight: 400;text-align: center\"><strong><span style=\"color: #ff0000\">WIR BITTEN UM IHR VERST\u00c4NDNIS.<\/span><\/strong><\/p>\n<div class=\"clear line\"><\/div>\n<p>*zzgl. MwSt<\/p>\n<p><strong style=\"font-size: 1.125em\">R\u00fccktritt:\u00a0<\/strong><br \/>\nF\u00fcr die Windenergietage 2022:<\/p>\n<p>Sollte die Veranstaltung auf Grund von beh\u00f6rdlichen Anordnungen nicht stattfinden k\u00f6nnen, entstehen keine Stornokosten.<\/p>\n<p>Bitte haben Sie Verst\u00e4ndnis daf\u00fcr, dass wir Ihnen im Fall einer Abmeldung von der Veranstaltung (bitte nur schriftlich), bei Fernbleiben am Seminartag oder bei Abbruch der Teilnahme, untenstehende Kosten in Rechnung stellen. Gern begr\u00fc\u00dfen wir eine Ersatzperson.<\/p>\n<p>Stornokosten entstehen bis zum 04.09.2022 nicht. Eine Bearbeitungsgeb\u00fchr von 35 EUR pro Rechnung, wird bei der Erstattung abgezogen<\/p>\n<p>Stornierung vom 05.09. \u2013 03.10.2022 \u2026\u2026\u2026..30 %<br \/>\nStornierung vom 04.10. \u2013 16.10.2022&#8230;&#8230;&#8230;&#8230;50 %<br \/>\nStornierung vom 17.10. \u2013 30.10.2022 \u2026\u2026\u2026..70 %<br \/>\nStornierung vom 31.10. \u2013 06.11.2022&#8230;&#8230;&#8230;&#8230;.80 %<br \/>\nStornierung ab dem 07.11.2022&#8230;&#8230;&#8230;&#8230;&#8230;&#8230;..100 %<\/p>\n<p>Programm\u00e4nderungen aus dringendem Anlass (besonders Wind und Wetter) beh\u00e4lt sich der Veranstalter vor. Datenschutz: Spreewind nimmt den Schutz Ihrer pers\u00f6nlichen Daten sehr ernst. Wir behandeln Ihre pers\u00f6nlichen Daten vertraulich und entsprechend der gesetzlichen Datenschutzvorschriften.<\/p>\n","protected":false},"excerpt":{"rendered":"<p>DIE WINDENERGIETAGE 2022 SIND TATS\u00c4CHLICH AUSGEBUCHT, ABSAGEN WERDEN DURCH EINE LANGE LISTE VON \u201eNACHR\u00dcCKERN\u201c AUFGEF\u00dcLLT. BITTE KEINE ANFRAGEN ZUR M\u00d6GLICHEN TEILNAHME. WIR BITTEN UM IHR VERST\u00c4NDNIS. *zzgl. MwSt R\u00fccktritt:\u00a0 F\u00fcr&#8230;<\/p>\n","protected":false},"author":1,"featured_media":0,"parent":0,"menu_order":15,"comment_status":"closed","ping_status":"closed","template":"","meta":{"_acf_changed":false,"footnotes":""},"class_list":["post-544","page","type-page","status-publish","hentry"],"acf":[],"_links":{"self":[{"href":"https:\/\/windenergietage.de\/2022\/wp-json\/wp\/v2\/pages\/544","targetHints":{"allow":["GET"]}}],"collection":[{"href":"https:\/\/windenergietage.de\/2022\/wp-json\/wp\/v2\/pages"}],"about":[{"href":"https:\/\/windenergietage.de\/2022\/wp-json\/wp\/v2\/types\/page"}],"author":[{"embeddable":true,"href":"https:\/\/windenergietage.de\/2022\/wp-json\/wp\/v2\/users\/1"}],"replies":[{"embeddable":true,"href":"https:\/\/windenergietage.de\/2022\/wp-json\/wp\/v2\/comments?post=544"}],"version-history":[{"count":9,"href":"https:\/\/windenergietage.de\/2022\/wp-json\/wp\/v2\/pages\/544\/revisions"}],"predecessor-version":[{"id":4550,"href":"https:\/\/windenergietage.de\/2022\/wp-json\/wp\/v2\/pages\/544\/revisions\/4550"}],"wp:attachment":[{"href":"https:\/\/windenergietage.de\/2022\/wp-json\/wp\/v2\/media?parent=544"}],"curies":[{"name":"wp","href":"https:\/\/api.w.org\/{rel}","templated":true}]}}