{"id":679,"date":"2016-09-19T13:08:53","date_gmt":"2016-09-19T11:08:53","guid":{"rendered":"http:\/\/www.windenergietage.de\/?page_id=679"},"modified":"2022-11-22T10:30:37","modified_gmt":"2022-11-22T09:30:37","slug":"unterstuetzerkatalog","status":"publish","type":"page","link":"https:\/\/windenergietage.de\/2022\/unterstuetzerkatalog\/","title":{"rendered":"Unterst\u00fctzer"},"content":{"rendered":"<p style=\"text-align: center\"><strong><a href=\"https:\/\/windenergietage.de\/2022\/wp-content\/uploads\/sites\/7\/2022\/07\/220708-Unterstu\u0308tzerkatalog-komplett.pdf\" target=\"_blank\" rel=\"noopener\">Unterst\u00fctzer Katalog: Ihre W\u00fcnsche &#8211; ALLE M\u00f6glichkeiten als pdf<\/a><br \/>\nStand 03.11<\/strong><strong>.2022<\/strong><\/p>\n<p><a href=\"https:\/\/windenergietage.de\/2022\/wp-content\/uploads\/sites\/7\/2022\/11\/221103-Unterstuetzerkatalog-komplett.pdf\" target=\"_blank\" rel=\"noopener\"><img loading=\"lazy\" decoding=\"async\" class=\"aligncenter wp-image-3719 size-full\" src=\"https:\/\/windenergietage.de\/2022\/wp-content\/uploads\/sites\/7\/2020\/11\/Preview-Unterstu\u0308tzerkatalog-2022.png\" alt=\"\" width=\"720\" height=\"540\" srcset=\"https:\/\/windenergietage.de\/2022\/wp-content\/uploads\/sites\/7\/2020\/11\/Preview-Unterstu\u0308tzerkatalog-2022.png 720w, https:\/\/windenergietage.de\/2022\/wp-content\/uploads\/sites\/7\/2020\/11\/Preview-Unterstu\u0308tzerkatalog-2022-300x225.png 300w\" sizes=\"auto, (max-width: 720px) 100vw, 720px\" \/><\/a><\/p>\n<p style=\"text-align: center\"><strong>Premiumsponsoren<br \/>\n<\/strong><a href=\"https:\/\/www.dkb.de\/\" target=\"_blank\" rel=\"noopener\"><img loading=\"lazy\" decoding=\"async\" class=\"alignnone wp-image-690 size-full\" src=\"https:\/\/windenergietage.de\/2022\/wp-content\/uploads\/sites\/7\/2016\/10\/DKB_web.png\" alt=\"\" width=\"156\" height=\"118\" \/><\/a><\/p>\n<p style=\"text-align: center\"><strong>Begr\u00fc\u00dfungstaschen<br \/>\n<a href=\"https:\/\/www.eon.de\/de\/pk.html\" target=\"_blank\" rel=\"noopener\"><img loading=\"lazy\" decoding=\"async\" class=\"alignnone wp-image-977 size-full\" src=\"https:\/\/windenergietage.de\/2022\/wp-content\/uploads\/sites\/7\/2016\/05\/eon_web.png\" alt=\"\" width=\"156\" height=\"118\" \/><\/a><\/strong><\/p>\n<p style=\"text-align: center\"><strong>Naschboxen<\/strong><\/p>\n<p style=\"text-align: center\"><a href=\"https:\/\/www.reyher.de\/\" target=\"_blank\" rel=\"noopener\"><img loading=\"lazy\" decoding=\"async\" class=\"alignnone wp-image-979 size-full\" src=\"https:\/\/windenergietage.de\/2022\/wp-content\/uploads\/sites\/7\/2016\/05\/Reyher_web.png\" alt=\"\" width=\"156\" height=\"118\" \/><\/a><\/p>\n<p style=\"text-align: center\"><strong>Wasserflaschen Begr\u00fc\u00dfungstaschen<\/strong><\/p>\n<p style=\"text-align: center\"><a href=\"https:\/\/orchis-eco.de\/\" target=\"_blank\" rel=\"noopener\"><img loading=\"lazy\" decoding=\"async\" class=\"alignnone wp-image-3916\" src=\"https:\/\/windenergietage.de\/2022\/wp-content\/uploads\/sites\/7\/2022\/03\/ORCHIS-Logo.png\" alt=\"\" width=\"156\" height=\"77\" \/><\/a><\/p>\n<p style=\"text-align: center\"><strong>Namensschilder<\/strong><\/p>\n<p style=\"text-align: center\"><a href=\"https:\/\/www.oelservice-gmbh.de\/de\/\" target=\"_blank\" rel=\"noopener\"><img loading=\"lazy\" decoding=\"async\" class=\"alignnone wp-image-3787\" src=\"https:\/\/windenergietage.de\/2022\/wp-content\/uploads\/sites\/7\/2022\/02\/CD-O\u0308lservice-Logo.png\" alt=\"\" width=\"156\" height=\"28\" srcset=\"https:\/\/windenergietage.de\/2022\/wp-content\/uploads\/sites\/7\/2022\/02\/CD-O\u0308lservice-Logo.png 1179w, https:\/\/windenergietage.de\/2022\/wp-content\/uploads\/sites\/7\/2022\/02\/CD-O\u0308lservice-Logo-300x55.png 300w, https:\/\/windenergietage.de\/2022\/wp-content\/uploads\/sites\/7\/2022\/02\/CD-O\u0308lservice-Logo-1024x187.png 1024w, https:\/\/windenergietage.de\/2022\/wp-content\/uploads\/sites\/7\/2022\/02\/CD-O\u0308lservice-Logo-768x140.png 768w\" sizes=\"auto, (max-width: 156px) 100vw, 156px\" \/><\/a><\/p>\n<p><a href=\"https:\/\/de.ramboll.com\/\" target=\"_blank\" rel=\"noopener\"><img loading=\"lazy\" decoding=\"async\" class=\"wp-image-965 size-full aligncenter\" src=\"https:\/\/windenergietage.de\/2022\/wp-content\/uploads\/sites\/7\/2016\/05\/Ramboll_web.png\" alt=\"\" width=\"156\" height=\"118\" \/><\/a><\/p>\n<p style=\"text-align: center\"><strong>Taschenlampen Zimmerschl\u00fcssel<br \/>\n<a href=\"https:\/\/www.hseq-experts.com\/\" target=\"_blank\" rel=\"noopener\"><img loading=\"lazy\" decoding=\"async\" class=\"alignnone wp-image-4152\" src=\"https:\/\/windenergietage.de\/2022\/wp-content\/uploads\/sites\/7\/2022\/07\/HSEQ-Experts-GmbH.png\" alt=\"\" width=\"156\" height=\"53\" srcset=\"https:\/\/windenergietage.de\/2022\/wp-content\/uploads\/sites\/7\/2022\/07\/HSEQ-Experts-GmbH.png 2700w, https:\/\/windenergietage.de\/2022\/wp-content\/uploads\/sites\/7\/2022\/07\/HSEQ-Experts-GmbH-300x102.png 300w, https:\/\/windenergietage.de\/2022\/wp-content\/uploads\/sites\/7\/2022\/07\/HSEQ-Experts-GmbH-1024x348.png 1024w, https:\/\/windenergietage.de\/2022\/wp-content\/uploads\/sites\/7\/2022\/07\/HSEQ-Experts-GmbH-768x261.png 768w, https:\/\/windenergietage.de\/2022\/wp-content\/uploads\/sites\/7\/2022\/07\/HSEQ-Experts-GmbH-1536x522.png 1536w, https:\/\/windenergietage.de\/2022\/wp-content\/uploads\/sites\/7\/2022\/07\/HSEQ-Experts-GmbH-2048x696.png 2048w\" sizes=\"auto, (max-width: 156px) 100vw, 156px\" \/><\/a><br \/>\n<\/strong><\/p>\n<p style=\"text-align: center\"><strong>Schl\u00fcsselb\u00e4nder<br \/>\n<\/strong><a href=\"https:\/\/www.baywa-re.de\/de\/\" target=\"_blank\" rel=\"noopener\"><img loading=\"lazy\" decoding=\"async\" class=\"alignnone wp-image-3296\" src=\"https:\/\/windenergietage.de\/2022\/wp-content\/uploads\/sites\/7\/2018\/01\/BayWa.re_.jpg\" alt=\"\" width=\"157\" height=\"60\" srcset=\"https:\/\/windenergietage.de\/2022\/wp-content\/uploads\/sites\/7\/2018\/01\/BayWa.re_.jpg 596w, https:\/\/windenergietage.de\/2022\/wp-content\/uploads\/sites\/7\/2018\/01\/BayWa.re_-300x115.jpg 300w\" sizes=\"auto, (max-width: 157px) 100vw, 157px\" \/><\/a><\/p>\n<p style=\"text-align: center\"><strong>Transfer<br \/>\n<a href=\"https:\/\/eurowindenergy.com\/\" target=\"_blank\" rel=\"noopener\"><img loading=\"lazy\" decoding=\"async\" class=\"alignnone wp-image-4361\" src=\"https:\/\/windenergietage.de\/2022\/wp-content\/uploads\/sites\/7\/2022\/09\/Eurowind-Energy-2zeilig.jpg\" alt=\"\" width=\"156\" height=\"156\" srcset=\"https:\/\/windenergietage.de\/2022\/wp-content\/uploads\/sites\/7\/2022\/09\/Eurowind-Energy-2zeilig.jpg 200w, https:\/\/windenergietage.de\/2022\/wp-content\/uploads\/sites\/7\/2022\/09\/Eurowind-Energy-2zeilig-150x150.jpg 150w\" sizes=\"auto, (max-width: 156px) 100vw, 156px\" \/><\/a><br \/>\n<\/strong><\/p>\n<p style=\"text-align: center\"><strong>Servietten<br \/>\n<a href=\"https:\/\/www.airwin.de\/\" target=\"_blank\" rel=\"noopener\"><img loading=\"lazy\" decoding=\"async\" class=\"alignnone wp-image-3957\" src=\"https:\/\/windenergietage.de\/2022\/wp-content\/uploads\/sites\/7\/2022\/03\/Airwin.png\" alt=\"\" width=\"156\" height=\"110\" \/><\/a><br \/>\nRWE Plaza<br \/>\n<a href=\"https:\/\/www.rwe.com\/der-konzern\/organisationsstruktur\/rwe-renewables\" target=\"_blank\" rel=\"noopener\"><img loading=\"lazy\" decoding=\"async\" class=\"alignnone wp-image-4583\" src=\"https:\/\/windenergietage.de\/2022\/wp-content\/uploads\/sites\/7\/2022\/11\/RWErenewables.jpeg\" alt=\"\" width=\"156\" height=\"82\" srcset=\"https:\/\/windenergietage.de\/2022\/wp-content\/uploads\/sites\/7\/2022\/11\/RWErenewables.jpeg 310w, https:\/\/windenergietage.de\/2022\/wp-content\/uploads\/sites\/7\/2022\/11\/RWErenewables-300x158.jpeg 300w\" sizes=\"auto, (max-width: 156px) 100vw, 156px\" \/><\/a><br \/>\n<\/strong><\/p>\n<p style=\"text-align: center\"><strong>Unterst\u00fctzer Abendveranstaltung 09.11.2022<\/strong><\/p>\n<p style=\"text-align: center\"><a href=\"https:\/\/brahms-kollegen.de\/\" target=\"_blank\" rel=\"noopener\"><img loading=\"lazy\" decoding=\"async\" class=\"alignnone wp-image-3771\" src=\"https:\/\/windenergietage.de\/2022\/wp-content\/uploads\/sites\/7\/2018\/01\/Brahms-Nebel-Kollegen.png\" alt=\"\" width=\"156\" height=\"66\" srcset=\"https:\/\/windenergietage.de\/2022\/wp-content\/uploads\/sites\/7\/2018\/01\/Brahms-Nebel-Kollegen.png 344w, https:\/\/windenergietage.de\/2022\/wp-content\/uploads\/sites\/7\/2018\/01\/Brahms-Nebel-Kollegen-300x127.png 300w\" sizes=\"auto, (max-width: 156px) 100vw, 156px\" \/><\/a><\/p>\n<p style=\"text-align: center\"><a href=\"https:\/\/www.wpd.de\/\" target=\"_blank\" rel=\"noopener\"><img loading=\"lazy\" decoding=\"async\" class=\"alignnone wp-image-3923\" src=\"https:\/\/windenergietage.de\/2022\/wp-content\/uploads\/sites\/7\/2022\/03\/Wpd_Logo.png\" alt=\"\" width=\"159\" height=\"134\" srcset=\"https:\/\/windenergietage.de\/2022\/wp-content\/uploads\/sites\/7\/2022\/03\/Wpd_Logo.png 1213w, https:\/\/windenergietage.de\/2022\/wp-content\/uploads\/sites\/7\/2022\/03\/Wpd_Logo-300x253.png 300w, https:\/\/windenergietage.de\/2022\/wp-content\/uploads\/sites\/7\/2022\/03\/Wpd_Logo-1024x864.png 1024w, https:\/\/windenergietage.de\/2022\/wp-content\/uploads\/sites\/7\/2022\/03\/Wpd_Logo-768x648.png 768w\" sizes=\"auto, (max-width: 159px) 100vw, 159px\" \/><\/a><br \/>\n<a href=\"https:\/\/www.phoenixcontact.com\/online\/portal\/de?1dmy&amp;urile=wcm:path:\/dede\/web\/home\" target=\"_blank\" rel=\"noopener\"><img loading=\"lazy\" decoding=\"async\" class=\"alignnone wp-image-1346 size-full\" src=\"https:\/\/windenergietage.de\/2022\/wp-content\/uploads\/sites\/7\/2016\/05\/Phoenix_contact_web.png\" alt=\"\" width=\"156\" height=\"118\" \/><\/a><\/p>\n<p style=\"text-align: center\"><a href=\"https:\/\/www.lorenz-kommunikation.de\/\" target=\"_blank\" rel=\"noopener\"><img loading=\"lazy\" decoding=\"async\" class=\"alignnone wp-image-2418\" src=\"https:\/\/windenergietage.de\/2022\/wp-content\/uploads\/sites\/7\/2018\/01\/lorenz_logo.jpg\" alt=\"\" width=\"156\" height=\"42\" srcset=\"https:\/\/windenergietage.de\/2022\/wp-content\/uploads\/sites\/7\/2018\/01\/lorenz_logo.jpg 449w, https:\/\/windenergietage.de\/2022\/wp-content\/uploads\/sites\/7\/2018\/01\/lorenz_logo-300x81.jpg 300w\" sizes=\"auto, (max-width: 156px) 100vw, 156px\" \/><\/a><\/p>\n<p style=\"text-align: center\"><a href=\"https:\/\/www.neowa.de\/\" target=\"_blank\" rel=\"noopener\"><img loading=\"lazy\" decoding=\"async\" class=\"alignnone wp-image-3820\" src=\"https:\/\/windenergietage.de\/2022\/wp-content\/uploads\/sites\/7\/2022\/02\/neowa-Logo.png\" alt=\"\" width=\"159\" height=\"39\" srcset=\"https:\/\/windenergietage.de\/2022\/wp-content\/uploads\/sites\/7\/2022\/02\/neowa-Logo.png 450w, https:\/\/windenergietage.de\/2022\/wp-content\/uploads\/sites\/7\/2022\/02\/neowa-Logo-300x73.png 300w\" sizes=\"auto, (max-width: 159px) 100vw, 159px\" \/><\/a><\/p>\n<p style=\"text-align: center\"><a href=\"https:\/\/rgp-team.de\/\" target=\"_blank\" rel=\"noopener\"><img loading=\"lazy\" decoding=\"async\" class=\"alignnone wp-image-3518\" src=\"https:\/\/windenergietage.de\/2022\/wp-content\/uploads\/sites\/7\/2020\/02\/RGP-Team.png\" alt=\"\" width=\"159\" height=\"33\" srcset=\"https:\/\/windenergietage.de\/2022\/wp-content\/uploads\/sites\/7\/2020\/02\/RGP-Team.png 379w, https:\/\/windenergietage.de\/2022\/wp-content\/uploads\/sites\/7\/2020\/02\/RGP-Team-300x63.png 300w\" sizes=\"auto, (max-width: 159px) 100vw, 159px\" \/><\/a><\/p>\n<p style=\"text-align: center\"><a href=\"https:\/\/de.ramboll.com\/\" target=\"_blank\" rel=\"noopener\"><img loading=\"lazy\" decoding=\"async\" class=\"alignnone wp-image-965 size-full\" src=\"https:\/\/windenergietage.de\/2022\/wp-content\/uploads\/sites\/7\/2016\/05\/Ramboll_web.png\" alt=\"\" width=\"156\" height=\"118\" \/><\/a><br \/>\n<a href=\"https:\/\/www.naturstrom.de\/\" target=\"_blank\" rel=\"noopener\"><img loading=\"lazy\" decoding=\"async\" class=\"alignnone wp-image-988 size-full\" src=\"https:\/\/windenergietage.de\/2022\/wp-content\/uploads\/sites\/7\/2016\/05\/Naturstrom_web.png\" alt=\"\" width=\"156\" height=\"118\" \/><\/a><br \/>\n<a href=\"https:\/\/idaswind.de\/\" target=\"_blank\" rel=\"noopener\"><img loading=\"lazy\" decoding=\"async\" class=\"alignnone wp-image-3578\" src=\"https:\/\/windenergietage.de\/2022\/wp-content\/uploads\/sites\/7\/2020\/03\/idaswind_logo.png\" alt=\"\" width=\"155\" height=\"37\" srcset=\"https:\/\/windenergietage.de\/2022\/wp-content\/uploads\/sites\/7\/2020\/03\/idaswind_logo.png 707w, https:\/\/windenergietage.de\/2022\/wp-content\/uploads\/sites\/7\/2020\/03\/idaswind_logo-300x72.png 300w\" sizes=\"auto, (max-width: 155px) 100vw, 155px\" \/><\/a><br \/>\n<strong>Hauptgewinn Tombola:<\/strong><br \/>\n<strong>ein Umweltgutachten im Wert von 5.000\u20ac<br \/>\n<a href=\"https:\/\/orchis-eco.de\/\" target=\"_blank\" rel=\"noopener\"><img loading=\"lazy\" decoding=\"async\" class=\"alignnone wp-image-3916\" src=\"https:\/\/windenergietage.de\/2022\/wp-content\/uploads\/sites\/7\/2022\/03\/ORCHIS-Logo.png\" alt=\"\" width=\"156\" height=\"77\" \/><\/a><br \/>\n<\/strong><\/p>\n<p style=\"text-align: center\"><strong>S\u00fcssigkeiten f\u00fcr zwischendurch<br \/>\n<a href=\"https:\/\/www.dark-sky.com\/\" target=\"_blank\" rel=\"noopener\"><img loading=\"lazy\" decoding=\"async\" class=\"alignnone wp-image-4007\" src=\"https:\/\/windenergietage.de\/2022\/wp-content\/uploads\/sites\/7\/2022\/04\/DARKSKY.jpeg\" alt=\"\" width=\"156\" height=\"78\" srcset=\"https:\/\/windenergietage.de\/2022\/wp-content\/uploads\/sites\/7\/2022\/04\/DARKSKY.jpeg 826w, https:\/\/windenergietage.de\/2022\/wp-content\/uploads\/sites\/7\/2022\/04\/DARKSKY-300x150.jpeg 300w, https:\/\/windenergietage.de\/2022\/wp-content\/uploads\/sites\/7\/2022\/04\/DARKSKY-768x384.jpeg 768w\" sizes=\"auto, (max-width: 156px) 100vw, 156px\" \/><\/a><br \/>\n<\/strong><\/p>\n<p style=\"text-align: center\"><strong>Abschiedstaschen<\/strong><\/p>\n<p style=\"text-align: center\"><strong><a href=\"https:\/\/www.umweltbank.de\/\" target=\"_blank\" rel=\"noopener\"><img loading=\"lazy\" decoding=\"async\" class=\"alignnone wp-image-3919\" src=\"https:\/\/windenergietage.de\/2022\/wp-content\/uploads\/sites\/7\/2022\/03\/Umweltbank_Logo.svg_.png\" alt=\"\" width=\"154\" height=\"38\" srcset=\"https:\/\/windenergietage.de\/2022\/wp-content\/uploads\/sites\/7\/2022\/03\/Umweltbank_Logo.svg_.png 1280w, https:\/\/windenergietage.de\/2022\/wp-content\/uploads\/sites\/7\/2022\/03\/Umweltbank_Logo.svg_-300x74.png 300w, https:\/\/windenergietage.de\/2022\/wp-content\/uploads\/sites\/7\/2022\/03\/Umweltbank_Logo.svg_-1024x252.png 1024w, https:\/\/windenergietage.de\/2022\/wp-content\/uploads\/sites\/7\/2022\/03\/Umweltbank_Logo.svg_-768x189.png 768w\" sizes=\"auto, (max-width: 154px) 100vw, 154px\" \/><\/a><br \/>\n<\/strong><\/p>\n<p style=\"text-align: center\"><strong>S\u00fcssigkeiten f\u00fcr die Heimreise<\/strong><\/p>\n<p style=\"text-align: center\"><strong><a href=\"https:\/\/www.nawiprognose.de\/\" target=\"_blank\" rel=\"noopener\"><img loading=\"lazy\" decoding=\"async\" class=\"alignnone wp-image-3918\" src=\"https:\/\/windenergietage.de\/2022\/wp-content\/uploads\/sites\/7\/2022\/03\/Nawi-Prognose-Tool.png\" alt=\"\" width=\"156\" height=\"68\" srcset=\"https:\/\/windenergietage.de\/2022\/wp-content\/uploads\/sites\/7\/2022\/03\/Nawi-Prognose-Tool.png 308w, https:\/\/windenergietage.de\/2022\/wp-content\/uploads\/sites\/7\/2022\/03\/Nawi-Prognose-Tool-300x131.png 300w\" sizes=\"auto, (max-width: 156px) 100vw, 156px\" \/><\/a><br \/>\nWasser f\u00fcr die Heimreise<br \/>\n<a href=\"https:\/\/www.dombert.de\/\" target=\"_blank\" rel=\"noopener\"><img loading=\"lazy\" decoding=\"async\" class=\"alignnone wp-image-2720\" src=\"https:\/\/windenergietage.de\/2022\/wp-content\/uploads\/sites\/7\/2018\/01\/Dombert-e1544449708175.png\" alt=\"\" width=\"155\" height=\"36\" \/><\/a><br \/>\n<\/strong><\/p>\n<p style=\"text-align: center\"><strong>Geodreiecke<br \/>\n<a href=\"https:\/\/top-vlm.de\/\" target=\"_blank\" rel=\"noopener\"><img loading=\"lazy\" decoding=\"async\" class=\"alignnone wp-image-2378 size-full\" src=\"https:\/\/windenergietage.de\/2022\/wp-content\/uploads\/sites\/7\/2018\/06\/TOP_bearbeitet_web.png\" alt=\"\" width=\"156\" height=\"118\" \/><\/a><br \/>\nGive-aways<br \/>\n<a href=\"https:\/\/www.wts-online.eu\/\" target=\"_blank\" rel=\"noopener\"><img loading=\"lazy\" decoding=\"async\" class=\"alignnone wp-image-4508\" src=\"https:\/\/windenergietage.de\/2022\/wp-content\/uploads\/sites\/7\/2022\/10\/WTS-Wind-Tuning-Systems.jpeg\" alt=\"\" width=\"156\" height=\"48\" srcset=\"https:\/\/windenergietage.de\/2022\/wp-content\/uploads\/sites\/7\/2022\/10\/WTS-Wind-Tuning-Systems.jpeg 403w, https:\/\/windenergietage.de\/2022\/wp-content\/uploads\/sites\/7\/2022\/10\/WTS-Wind-Tuning-Systems-300x93.jpeg 300w\" sizes=\"auto, (max-width: 156px) 100vw, 156px\" \/><\/a><br \/>\nkostenfreie Lades\u00e4ulen<br \/>\n<a href=\"https:\/\/www.baywa-re.de\/de\/\" target=\"_blank\" rel=\"noopener\"><img loading=\"lazy\" decoding=\"async\" class=\"alignnone wp-image-3296\" src=\"https:\/\/windenergietage.de\/2022\/wp-content\/uploads\/sites\/7\/2018\/01\/BayWa.re_.jpg\" alt=\"\" width=\"156\" height=\"60\" srcset=\"https:\/\/windenergietage.de\/2022\/wp-content\/uploads\/sites\/7\/2018\/01\/BayWa.re_.jpg 596w, https:\/\/windenergietage.de\/2022\/wp-content\/uploads\/sites\/7\/2018\/01\/BayWa.re_-300x115.jpg 300w\" sizes=\"auto, (max-width: 156px) 100vw, 156px\" \/><\/a><br \/>\n<\/strong><\/p>\n<p style=\"text-align: center\"><strong>Veranstaltungsstrom<\/strong><br \/>\n<a href=\"https:\/\/www.naturstrom.de\/\" target=\"_blank\" rel=\"noopener\"><img loading=\"lazy\" decoding=\"async\" class=\"alignnone wp-image-988 size-full\" src=\"https:\/\/windenergietage.de\/2022\/wp-content\/uploads\/sites\/7\/2016\/05\/Naturstrom_web.png\" alt=\"\" width=\"156\" height=\"118\" \/><\/a><\/p>\n<p style=\"text-align: center\"><strong>weitere Unterst\u00fctzer<br \/>\n<a href=\"https:\/\/www.petzl.com\/DE\/de\" target=\"_blank\" rel=\"noopener\"><img loading=\"lazy\" decoding=\"async\" class=\"alignnone wp-image-4011\" src=\"https:\/\/windenergietage.de\/2022\/wp-content\/uploads\/sites\/7\/2022\/04\/petzl.png\" alt=\"\" width=\"156\" height=\"80\" srcset=\"https:\/\/windenergietage.de\/2022\/wp-content\/uploads\/sites\/7\/2022\/04\/petzl.png 332w, https:\/\/windenergietage.de\/2022\/wp-content\/uploads\/sites\/7\/2022\/04\/petzl-300x154.png 300w\" sizes=\"auto, (max-width: 156px) 100vw, 156px\" \/><\/a><br \/>\n<\/strong><\/p>\n<p style=\"text-align: center\"><strong>Medienpartner<br \/>\n<a href=\"https:\/\/www.erneuerbareenergien.de\/\" target=\"_blank\" rel=\"noopener\"><img loading=\"lazy\" decoding=\"async\" class=\"alignnone wp-image-4172\" src=\"https:\/\/windenergietage.de\/2022\/wp-content\/uploads\/sites\/7\/2022\/07\/erneuerbare-energien.jpeg\" alt=\"\" width=\"156\" height=\"42\" srcset=\"https:\/\/windenergietage.de\/2022\/wp-content\/uploads\/sites\/7\/2022\/07\/erneuerbare-energien.jpeg 872w, https:\/\/windenergietage.de\/2022\/wp-content\/uploads\/sites\/7\/2022\/07\/erneuerbare-energien-300x82.jpeg 300w, https:\/\/windenergietage.de\/2022\/wp-content\/uploads\/sites\/7\/2022\/07\/erneuerbare-energien-768x209.jpeg 768w\" sizes=\"auto, (max-width: 156px) 100vw, 156px\" \/><\/a><br \/>\n<a href=\"https:\/\/www.neueenergie.net\/\" target=\"_blank\" rel=\"noopener\"><img loading=\"lazy\" decoding=\"async\" class=\"alignnone wp-image-4231\" src=\"https:\/\/windenergietage.de\/2022\/wp-content\/uploads\/sites\/7\/2022\/08\/neue-energie-Logo_neg_RGB.jpg\" alt=\"\" width=\"220\" height=\"69\" srcset=\"https:\/\/windenergietage.de\/2022\/wp-content\/uploads\/sites\/7\/2022\/08\/neue-energie-Logo_neg_RGB.jpg 944w, https:\/\/windenergietage.de\/2022\/wp-content\/uploads\/sites\/7\/2022\/08\/neue-energie-Logo_neg_RGB-300x94.jpg 300w, https:\/\/windenergietage.de\/2022\/wp-content\/uploads\/sites\/7\/2022\/08\/neue-energie-Logo_neg_RGB-768x240.jpg 768w\" sizes=\"auto, (max-width: 220px) 100vw, 220px\" \/><\/a><br \/>\n<a href=\"https:\/\/www.energie-und-management.de\/nachrichten\/alle\/\" target=\"_blank\" rel=\"noopener\"><img loading=\"lazy\" decoding=\"async\" class=\"alignnone wp-image-4269\" src=\"https:\/\/windenergietage.de\/2022\/wp-content\/uploads\/sites\/7\/2022\/08\/EM_Logo-RGB.png\" alt=\"\" width=\"157\" height=\"50\" srcset=\"https:\/\/windenergietage.de\/2022\/wp-content\/uploads\/sites\/7\/2022\/08\/EM_Logo-RGB.png 677w, https:\/\/windenergietage.de\/2022\/wp-content\/uploads\/sites\/7\/2022\/08\/EM_Logo-RGB-300x95.png 300w\" sizes=\"auto, (max-width: 157px) 100vw, 157px\" \/><\/a><br \/>\nVeranstaltungspartner<br \/>\n<a href=\"https:\/\/w3.windmesse.de\/\" target=\"_blank\" rel=\"noopener\"><img loading=\"lazy\" decoding=\"async\" class=\"alignnone wp-image-2734\" src=\"https:\/\/windenergietage.de\/2022\/wp-content\/uploads\/sites\/7\/2018\/01\/windmesse-1-scaled.jpg\" alt=\"\" width=\"154\" height=\"33\" srcset=\"https:\/\/windenergietage.de\/2022\/wp-content\/uploads\/sites\/7\/2018\/01\/windmesse-1-scaled.jpg 2560w, https:\/\/windenergietage.de\/2022\/wp-content\/uploads\/sites\/7\/2018\/01\/windmesse-1-300x64.jpg 300w, https:\/\/windenergietage.de\/2022\/wp-content\/uploads\/sites\/7\/2018\/01\/windmesse-1-1024x219.jpg 1024w, https:\/\/windenergietage.de\/2022\/wp-content\/uploads\/sites\/7\/2018\/01\/windmesse-1-768x164.jpg 768w, https:\/\/windenergietage.de\/2022\/wp-content\/uploads\/sites\/7\/2018\/01\/windmesse-1-1536x329.jpg 1536w, https:\/\/windenergietage.de\/2022\/wp-content\/uploads\/sites\/7\/2018\/01\/windmesse-1-2048x439.jpg 2048w, https:\/\/windenergietage.de\/2022\/wp-content\/uploads\/sites\/7\/2018\/01\/windmesse-1-1200x257.jpg 1200w, https:\/\/windenergietage.de\/2022\/wp-content\/uploads\/sites\/7\/2018\/01\/windmesse-1-1980x424.jpg 1980w\" sizes=\"auto, (max-width: 154px) 100vw, 154px\" \/><\/a><br \/>\n<a href=\"https:\/\/www.hdt.de\/\" target=\"_blank\" rel=\"noopener\"><img loading=\"lazy\" decoding=\"async\" class=\"alignnone wp-image-4322\" src=\"https:\/\/windenergietage.de\/2022\/wp-content\/uploads\/sites\/7\/2022\/09\/hdt-logo.jpg\" alt=\"\" width=\"156\" height=\"67\" srcset=\"https:\/\/windenergietage.de\/2022\/wp-content\/uploads\/sites\/7\/2022\/09\/hdt-logo.jpg 558w, https:\/\/windenergietage.de\/2022\/wp-content\/uploads\/sites\/7\/2022\/09\/hdt-logo-300x128.jpg 300w\" sizes=\"auto, (max-width: 156px) 100vw, 156px\" \/><\/a><br \/>\n<\/strong><\/p>\n","protected":false},"excerpt":{"rendered":"<p>Unterst\u00fctzer Katalog: Ihre W\u00fcnsche &#8211; ALLE M\u00f6glichkeiten als pdf Stand 03.11.2022 Premiumsponsoren Begr\u00fc\u00dfungstaschen Naschboxen Wasserflaschen Begr\u00fc\u00dfungstaschen Namensschilder Taschenlampen Zimmerschl\u00fcssel Schl\u00fcsselb\u00e4nder Transfer Servietten RWE Plaza Unterst\u00fctzer Abendveranstaltung 09.11.2022 Hauptgewinn Tombola: ein&#8230;<\/p>\n","protected":false},"author":1,"featured_media":0,"parent":0,"menu_order":0,"comment_status":"closed","ping_status":"closed","template":"","meta":{"_acf_changed":false,"footnotes":""},"class_list":["post-679","page","type-page","status-publish","hentry"],"acf":[],"_links":{"self":[{"href":"https:\/\/windenergietage.de\/2022\/wp-json\/wp\/v2\/pages\/679","targetHints":{"allow":["GET"]}}],"collection":[{"href":"https:\/\/windenergietage.de\/2022\/wp-json\/wp\/v2\/pages"}],"about":[{"href":"https:\/\/windenergietage.de\/2022\/wp-json\/wp\/v2\/types\/page"}],"author":[{"embeddable":true,"href":"https:\/\/windenergietage.de\/2022\/wp-json\/wp\/v2\/users\/1"}],"replies":[{"embeddable":true,"href":"https:\/\/windenergietage.de\/2022\/wp-json\/wp\/v2\/comments?post=679"}],"version-history":[{"count":47,"href":"https:\/\/windenergietage.de\/2022\/wp-json\/wp\/v2\/pages\/679\/revisions"}],"predecessor-version":[{"id":3720,"href":"https:\/\/windenergietage.de\/2022\/wp-json\/wp\/v2\/pages\/679\/revisions\/3720"}],"wp:attachment":[{"href":"https:\/\/windenergietage.de\/2022\/wp-json\/wp\/v2\/media?parent=679"}],"curies":[{"name":"wp","href":"https:\/\/api.w.org\/{rel}","templated":true}]}}