{"id":1180,"date":"2017-09-08T11:55:42","date_gmt":"2017-09-08T09:55:42","guid":{"rendered":"https:\/\/windenergietage.de\/?page_id=1180"},"modified":"2024-07-17T21:22:00","modified_gmt":"2024-07-17T19:22:00","slug":"standplan","status":"publish","type":"page","link":"https:\/\/windenergietage.de\/2023\/standplan\/","title":{"rendered":"Standplan \/ Aussteller"},"content":{"rendered":"<p><a style=\"font-size: 1.125em\" href=\"https:\/\/windenergietage.de\/2023\/wp-content\/uploads\/sites\/8\/2023\/11\/231104-Standplan-Potsdam-2023.pdf\" target=\"_blank\" rel=\"noopener noreferrer\"><strong>Den Standplan 2023 f\u00fcr das Kongresshotel Potsdam finden Sie hier.<\/strong><\/a><\/p>\n<p>(Stand 07.11.2023)<\/p>\n<p><a href=\"https:\/\/windenergietage.de\/2023\/wp-content\/uploads\/sites\/8\/2023\/11\/231107-Standplan-Potsdam-2023.pdf\" target=\"_blank\" rel=\"noopener\"><img loading=\"lazy\" decoding=\"async\" class=\"alignnone wp-image-5509 size-large\" src=\"https:\/\/windenergietage.de\/2023\/wp-content\/uploads\/sites\/8\/2023\/11\/Preview-Standplan-Potsdam-2023-1-1024x468.png\" alt=\"\" width=\"640\" height=\"293\" srcset=\"https:\/\/windenergietage.de\/2023\/wp-content\/uploads\/sites\/8\/2023\/11\/Preview-Standplan-Potsdam-2023-1-1024x468.png 1024w, https:\/\/windenergietage.de\/2023\/wp-content\/uploads\/sites\/8\/2023\/11\/Preview-Standplan-Potsdam-2023-1-300x137.png 300w, https:\/\/windenergietage.de\/2023\/wp-content\/uploads\/sites\/8\/2023\/11\/Preview-Standplan-Potsdam-2023-1-768x351.png 768w, https:\/\/windenergietage.de\/2023\/wp-content\/uploads\/sites\/8\/2023\/11\/Preview-Standplan-Potsdam-2023-1-1536x702.png 1536w, https:\/\/windenergietage.de\/2023\/wp-content\/uploads\/sites\/8\/2023\/11\/Preview-Standplan-Potsdam-2023-1-2048x936.png 2048w\" sizes=\"auto, (max-width: 640px) 100vw, 640px\" \/><\/a><\/p>\n<p><strong>AUSSTELLERINFORM<\/strong><strong>ATIONEN<\/strong><\/p>\n<p><strong>Speditionslieferungen und Pakete<\/strong> bitte ab dem 30.10.2023 an:<\/p>\n<p>Kongresshotel Potsdam<br \/>\n31. Windenergietage \/ Markus Friederichs \/ IHR Firmenname<br \/>\nAm Luftschiffhafen 1<br \/>\n14471 Potsdam<br \/>\nHandy Markus Friederichs: 0151 50654444<\/p>\n<p><strong>Aufbau:<br \/>\n<\/strong>Dienstag, 07.11.2023 ab 8 Uhr bis 0 Uhr (ab Forum 8 aufw\u00e4rts im Plan)<br \/>\nDienstag, 07.11.2023 ab 18 Uhr bis 0 Uhr (vor Forum 2 bis 7 im Plan)<br \/>\nMittwoch, 08.11.2023 ab 8 Uhr<\/p>\n<p><strong>Abbau:<br \/>\n<\/strong>Freitag, 10.11.2023 ab 15 Uhr.<\/p>\n<p><strong>Ausstattung:<span class=\"Apple-converted-space\"><br \/>\n<\/span><\/strong><\/p>\n<p>gro\u00dfer &amp; kleiner Stand:<br \/>\nStehtisch mit Husse, Barhocker sowie Strom sind bei jedem Stand enthalten.<br \/>\nK\u00fchhlschr\u00e4nke und weitere M\u00f6bel bekommen Sie \u00fcber die Firma:<\/p>\n<p>Furn4Rent<br \/>\nSteffi Raubach<br \/>\n<a class=\"\" style=\"font-size: 1.125em\" href=\"https:\/\/furn4rent.com\/\">https:\/\/furn4rent.com\/<\/a><br \/>\n<span style=\"font-size: 1.125em\">Telefon 0331 288 383 41<br \/>\n<\/span><a class=\"\" style=\"font-size: 1.125em\" href=\"mailto:info@furn4rent.com\">info@furn4rent.com<\/a><\/p>\n<p>Zus\u00e4tzliche Technik wie Fernseher und \u00e4hnliches erhalten Sie \u00fcber Herrn Wilhelm von der Firma Happy Day,<br \/>\nTelefon 0331-74000466 oder 0178-6927631 oder per Mail unter <strong><a href=\"mailto:alexander@happy-day.events\" target=\"_blank\" rel=\"noopener\">alexander@happy-day.events<\/a><\/strong>.<\/p>\n<p>weitere Informationen und eine \u00dcbersicht zum Ausdrucken finden Sie <a href=\"https:\/\/windenergietage.de\/2023\/wp-content\/uploads\/sites\/8\/2023\/10\/Austellerinfo-Potsdam-2023.pdf\" target=\"_blank\" rel=\"noopener\"><strong>hier<\/strong><\/a>.<\/p>\n","protected":false},"excerpt":{"rendered":"<p>Den Standplan 2023 f\u00fcr das Kongresshotel Potsdam finden Sie hier. (Stand 07.11.2023) AUSSTELLERINFORMATIONEN Speditionslieferungen und Pakete bitte ab dem 30.10.2023 an: Kongresshotel Potsdam 31. Windenergietage \/ Markus Friederichs \/ IHR&#8230;<\/p>\n","protected":false},"author":1,"featured_media":0,"parent":0,"menu_order":20,"comment_status":"closed","ping_status":"closed","template":"","meta":{"_acf_changed":false,"footnotes":""},"class_list":["post-1180","page","type-page","status-publish","hentry"],"acf":[],"_links":{"self":[{"href":"https:\/\/windenergietage.de\/2023\/wp-json\/wp\/v2\/pages\/1180","targetHints":{"allow":["GET"]}}],"collection":[{"href":"https:\/\/windenergietage.de\/2023\/wp-json\/wp\/v2\/pages"}],"about":[{"href":"https:\/\/windenergietage.de\/2023\/wp-json\/wp\/v2\/types\/page"}],"author":[{"embeddable":true,"href":"https:\/\/windenergietage.de\/2023\/wp-json\/wp\/v2\/users\/1"}],"replies":[{"embeddable":true,"href":"https:\/\/windenergietage.de\/2023\/wp-json\/wp\/v2\/comments?post=1180"}],"version-history":[{"count":100,"href":"https:\/\/windenergietage.de\/2023\/wp-json\/wp\/v2\/pages\/1180\/revisions"}],"predecessor-version":[{"id":5919,"href":"https:\/\/windenergietage.de\/2023\/wp-json\/wp\/v2\/pages\/1180\/revisions\/5919"}],"wp:attachment":[{"href":"https:\/\/windenergietage.de\/2023\/wp-json\/wp\/v2\/media?parent=1180"}],"curies":[{"name":"wp","href":"https:\/\/api.w.org\/{rel}","templated":true}]}}