{"id":1191,"date":"2017-09-11T12:42:10","date_gmt":"2017-09-11T10:42:10","guid":{"rendered":"https:\/\/windenergietage.de\/?page_id=1191"},"modified":"2023-09-15T06:36:22","modified_gmt":"2023-09-15T04:36:22","slug":"hotelliste","status":"publish","type":"page","link":"https:\/\/windenergietage.de\/2023\/hotelliste\/","title":{"rendered":"\u00dcbernachtung"},"content":{"rendered":"<p><strong>Tagungshotel:\u00a0<a href=\"http:\/\/www.kongresshotel-potsdam.de\" target=\"_blank\" rel=\"noopener noreferrer\">Kongresshotel Potsdam<\/a><br \/>\n<\/strong>Am Luftschiffhafen 1<br \/>\n14471 Potsdam<\/p>\n<p><span style=\"color: #ff0000\">nur buchbar f\u00fcr 2 N\u00e4chte<\/span><\/p>\n<p><span style=\"color: #ff0000\"><b>&#8211; ausgebucht &#8211;<\/b><\/span><\/p>\n<p>Leider gibt es 2023 keine M\u00f6glichkeit f\u00fcr Wohnmobile und Wohnwagen direkt am Kongresshotel zu stehen!<\/p>\n<p>Wohnmobilisten\/Camper buchen bitte bei <a href=\"https:\/\/camping-potsdam.de\" target=\"_blank\" rel=\"noopener\"><strong>Campingpark Sanssoucci<\/strong><\/a><\/p>\n<div class=\"clear line\"><\/div>\n<p><strong><a href=\"https:\/\/www.seminaris.de\/hotels\/tagungshotel-potsdam-avendi\/\" target=\"_blank\" rel=\"noopener\">Seminaris Avendi Hotel Potsdam<\/a><br \/>\n<\/strong>Rudolf-Breitscheid-Strasse 190-192<br \/>\n14482 Potsdam<br \/>\n10 km vom Tagungshotel entfernt<\/p>\n<p><span style=\"color: #ff0000\">nur buchbar f\u00fcr 2 N\u00e4chte<\/span><\/p>\n<p><strong><a href=\"https:\/\/windenergietage.de\/2023\/wp-content\/uploads\/sites\/8\/2023\/03\/Seminaris-Avendi-Hotel-Potsdam.pdf\" target=\"_blank\" rel=\"noopener\">Buchungsformular Seminaris Avendi Hotel Potsdam<\/a><\/strong><\/p>\n<div class=\"clear line\"><\/div>\n<p class=\"s4\">In der Stadt <strong>Werder<\/strong> (10 \u2013 20 Minuten mit dem Auto oder dem 631) zum Kongresshotel gibt es viele Unterk\u00fcnfte;<\/p>\n<p><a href=\"https:\/\/www.werder-havel.de\/tourismus\/uebernachten\/gastgebersuche.html\"><span class=\"s5\">Alle Anzeigen zeigen (werder-havel.de)<\/span><\/a><\/p>\n<p class=\"s4\"><strong>Caputh<\/strong> (kurzer Weg mit der F\u00e4hre zum Kongresshotel, F\u00e4hrzeiten 6 \u2013 22 Uhr) oder Gemeinde Schwielowsee, einige Hotels und viele Ferienwohnungen;<\/p>\n<p><a href=\"https:\/\/www.schwielowsee-tourismus.de\/gastgeber\/unterkuenfte.html\"><span class=\"s5\">Alle Unterk\u00fcnfte (schwielowsee-tourismus.de)<\/span><\/a><\/p>\n<p><strong>Seddin<\/strong><\/p>\n<p><a href=\"https:\/\/www.seddiner-see.de\/tourismus-kultur\/hotels\"><span class=\"s5\">Hotels | Gemeinde Seddiner See (seddiner-see.de)<\/span><\/a><\/p>\n<p><a href=\"https:\/\/www.seddiner-see.de\/tourismus-kultur\/ferienwohnungen\"><span class=\"s5\">Ferienwohnungen | Gemeinde Seddiner See (seddiner-see.de)<\/span><\/a><\/p>\n<div class=\"clear line\"><\/div>\n<p>Grimm\u00b4s Hotel<br \/>\nGonfrevillestr. 2<br \/>\n14513 Teltow<br \/>\n21 km vom Tagungshotel entfernt<\/p>\n<p><span style=\"color: #ff0000\">nur buchbar f\u00fcr 2 N\u00e4chte<\/span><\/p>\n<p><a href=\"https:\/\/windenergietage.de\/2023\/wp-content\/uploads\/sites\/8\/2023\/06\/Grimm\u00b4s-Hotel.pdf\" target=\"_blank\" rel=\"noopener\"><strong>Buchungsformular Grimm\u00b4s Hotel<\/strong><\/a><\/p>\n<div class=\"clear line\"><\/div>\n<p><a href=\"https:\/\/ginn-hotels.com\/berlin-potsdam\/\" target=\"_blank\" rel=\"noopener\"><strong>GINN Hotel<\/strong><\/a><br \/>\nWarthestra\u00dfe 20<br \/>\n14513 Teltow<br \/>\n19 km vom Tagungshotel entfernt<\/p>\n<p><span style=\"color: #ff0000\">nur buchbar f\u00fcr 2 N\u00e4chte<\/span><\/p>\n<p><a href=\"https:\/\/windenergietage.de\/2023\/wp-content\/uploads\/sites\/8\/2023\/06\/GINN-Hotel.pdf\" target=\"_blank\" rel=\"noopener\"><strong>Buchungsformular GINN Hotel<\/strong><\/a><\/p>\n<div class=\"clear line\"><\/div>\n<p><a href=\"https:\/\/www.hotel-ascot-bristol.de\/de\/\" target=\"_blank\" rel=\"noopener\"><strong>Hotel Ascot-Bristol<\/strong><\/a><br \/>\nAsta-Nielsen-Stra\u00dfe 2<br \/>\n14480 Potsdam<br \/>\n11 km vom Tagungshotel entfernt<\/p>\n<p><span style=\"color: #ff0000\">nur buchbar f\u00fcr 2 N\u00e4chte<\/span><\/p>\n<p><a href=\"https:\/\/windenergietage.de\/2023\/wp-content\/uploads\/sites\/8\/2022\/12\/Hotel-Ascot-Bristol.pdf\" target=\"_blank\" rel=\"noopener\"><strong>Buchungsformular Hotel Ascot-Bristol<\/strong><\/a><\/p>\n<div class=\"page\" title=\"Page 1\">\n<div class=\"layoutArea\">\n<div class=\"column\">\n<div class=\"page\" title=\"Page 1\">\n<div class=\"layoutArea\">\n<div class=\"column\">\n<div class=\"page\" title=\"Page 1\">\n<div class=\"layoutArea\">\n<div class=\"column\">\n<div class=\"page\" title=\"Page 1\">\n<div class=\"layoutArea\">\n<div class=\"column\">\n<div class=\"page\" title=\"Page 1\">\n<div class=\"layoutArea\">\n<div class=\"column\">\n<div class=\"page\" title=\"Page 1\">\n<div class=\"layoutArea\">\n<div class=\"column\">\n<div class=\"page\" title=\"Page 1\">\n<div class=\"layoutArea\">\n<div class=\"column\">\n<div class=\"page\" title=\"Page 1\">\n<div class=\"layoutArea\">\n<div class=\"column\">\n<div class=\"column\">\n<div class=\"clear line\"><\/div>\n<p>IntercityHotel Berlin-Brandenburg Airport<br \/>\nAm Seegraben 2<br \/>\n12529 Sch\u00f6nefeld<br \/>\n48 km vom Tagungshotel entfernt<\/p>\n<p>EZ 129\u20ac\/Nacht, DZ 149\u20ac\/Nacht inklusive Fr\u00fchst\u00fcck<\/p>\n<p>Bitte buchen sie telefonisch oder per Mail mit dem Kennwort &#8222;Windenergietage&#8220; direkt beim Hotel!<br \/>\nTelefon: +49 30 7565751 353<br \/>\nE-Mail: reservations.berlin-airport@intercityhotel.com<\/p>\n<div class=\"clear line\"><\/div>\n<p>IntercityHotel Berlin &#8211; Airport &#8211; BER<br \/>\nWilly-Brandt-Platz 5<br \/>\n12529 Sch\u00f6nefeld<br \/>\n48 km vom Tagungshotel entfernt<\/p>\n<p>EZ 159\u20ac\/Nacht, DZ 179\u20ac\/Nacht inklusive Fr\u00fchst\u00fcck<\/p>\n<p>Bitte buchen sie telefonisch oder per Mail mit dem Kennwort &#8222;Windenergietage&#8220; direkt beim Hotel!<br \/>\nTelefon: +49 30 536 531 0<br \/>\nE-Mail: <span style=\"font-size: 1.125em\">reservations.airport-ber@intercityhotel.com<\/span><\/p>\n<div class=\"clear line\"><\/div>\n<\/div>\n<div class=\"page\" title=\"Page 1\">\n<div class=\"layoutArea\">\n<div class=\"column\">\n<p><a href=\"https:\/\/www.viennahouse.com\/de\/hotel-am-havelufer-potsdam\/das-hotel\/uebersicht.html\" target=\"_blank\" rel=\"noopener noreferrer\"><strong>Hotel am Havelufer Potsdam<\/strong><\/a><br \/>\nZeppelinstra\u00dfe 136<br \/>\n14471 Potsdam<br \/>\n2 km vom Tagungshotel entfernt<\/p>\n<p><span style=\"color: #ff0000\"><b>&#8211; ausgebucht &#8211;<\/b><\/span><\/p>\n<\/div>\n<\/div>\n<\/div>\n<div class=\"clear line\"><\/div>\n<p><a href=\"https:\/\/apartmenthotel-kaiser-friedrich.de\/\" target=\"_blank\" rel=\"noopener\"><strong>Apartementhaus Kaiser Friedrich<\/strong><\/a><br \/>\nKaiser-Friedrichstra\u00dfe 115<br \/>\n14469 Potsdam<br \/>\n5 km vom Tagungshotel entfernt<\/p>\n<p><span style=\"color: #ff0000\">nur buchbar f\u00fcr 2 N\u00e4chte<\/span><\/p>\n<p><span style=\"color: #ff0000\"><b>&#8211; ausgebucht &#8211;<\/b><\/span><\/p>\n<div class=\"clear line\"><\/div>\n<\/div>\n<p><strong><a href=\"https:\/\/www.potsdam-hotel-am-jaegertor.de\/de\" target=\"_blank\" rel=\"noopener noreferrer\">Hotel Am J\u00e4gertor Potsdam<\/a><br \/>\n<\/strong>Hegelallee 11<br \/>\n14467 Potsdam<br \/>\nTelefon +49 (0)331-20 11 100<br \/>\n<strong><a href=\"mailto:info@hotel-am-jaegertor.de\">info@hotel-am-jaegertor.de<\/a><br \/>\n<\/strong><\/p>\n<p>F\u00fcr Zimmerdetails und Preise wenden Sie sich bitte direkt an das Team des Hotel Am J\u00e4gertor.<\/p>\n<p><span style=\"color: #ff0000\"><b>&#8211; ausgebucht &#8211;<\/b><\/span><\/p>\n<\/div>\n<div class=\"clear line\"><\/div>\n<p><strong><a href=\"https:\/\/www.anno-1900-hotel-babelsberg.de\/\" target=\"_blank\" rel=\"noopener noreferrer\">Anno 1900 Hotel Babelsberg<\/a><br \/>\n<\/strong>Stahnsdorfer Stra\u00dfe 68<br \/>\n14482 Potsdam<br \/>\nTelefon +49 331 &#8211; 749 010<br \/>\n<a href=\"mailto:info@anno-1900-hotel-babelsberg.de\" target=\"_blank\" rel=\"noopener noreferrer\">info@anno-1900-hotel-babelsberg.de<\/a><\/p>\n<p>F\u00fcr Zimmerdetails und Preise wenden Sie sich bitte direkt an das Team des Anno 1900 Hotel Babelsberg.<\/p>\n<div class=\"clear line\"><\/div>\n<p><a href=\"http:\/\/www.waveboard-potsdam.com\/default-de.html\" target=\"_blank\" rel=\"noopener noreferrer\"><strong>Waveboard Potsdam<\/strong><\/a><br \/>\nSchiffsbauergasse 113 a\/b<br \/>\n14467 Potsdam<br \/>\nTelefon +49 331 &#8211; 200 85 90<br \/>\n<a class=\"email1 light-color no-text-decoration\" href=\"mailto:info@waveboard-potsdam.com\">info@waveboard-potsdam.com<\/a><\/p>\n<p>F\u00fcr Zimmerdetails und Preise wenden Sie sich bitte direkt an das Team des Waveboard Potsdam.<\/p>\n<div class=\"clear line\"><\/div>\n<div class=\"column\">\n<p><a href=\"https:\/\/hotel-brandenburger-tor.de\/\" target=\"_blank\" rel=\"noopener noreferrer\"><strong>Hotel Brandenburger Tor Potsdam<\/strong><\/a><br \/>\nBrandenburger Stra\u00dfe 1<br \/>\n14467 Potsdam<\/p>\n<p><span style=\"color: #ff0000\">nur buchbar f\u00fcr 2 N\u00e4chte<\/span><\/p>\n<p><span style=\"color: #ff0000\">&#8211; ausgebucht &#8211;<\/span><\/p>\n<div class=\"clear line\"><\/div>\n<p><a href=\"https:\/\/www.nh-hotels.de\/hotel\/nh-potsdam\" target=\"_blank\" rel=\"noopener noreferrer\"><strong>NH Hotel Potsdam<\/strong><\/a><br \/>\nFriedrich-Ebert-Stra\u00dfe 88<br \/>\n14467 Potsdam<br \/>\n5 km vom Tagungshotel entfernt<\/p>\n<p><span style=\"color: #ff0000\">nur buchbar f\u00fcr 2 N\u00e4chte<br \/>\n<\/span><\/p>\n<p><span style=\"color: #ff0000\">&#8211; ausgebucht &#8211;<\/span><\/p>\n<\/div>\n<div class=\"page\" title=\"Page 1\">\n<div class=\"layoutArea\">\n<div class=\"column\">\n<div class=\"clear line\"><\/div>\n<div class=\"page\" title=\"Page 1\">\n<div class=\"layoutArea\">\n<div class=\"column\">\n<p><a href=\"https:\/\/www.mercure-potsdam.com\/\" target=\"_blank\" rel=\"noopener noreferrer\"><strong>Mercure Hotel Potsdam City<\/strong><\/a><br \/>\nLange Bru\u0308cke 6<br \/>\n14467 Potsdam<br \/>\n4,5 km vom Tagungshotel entfernt<\/p>\n<p>F\u00fcr Zimmerdetails und Preise wenden Sie sich bitte direkt an das Team des Mercure Hotel Potsdam.<\/p>\n<\/div>\n<p><span style=\"color: #ff0000\">&#8211; ausgebucht &#8211;<\/span><\/p>\n<div class=\"column\">\n<div class=\"clear line\"><\/div>\n<p><a href=\"https:\/\/www.hotel-luisenplatz.de\/\" target=\"_blank\" rel=\"noopener noreferrer\"><strong>Hotel am Luisenplatz<\/strong><\/a><br \/>\nAm Luisenplatz 5<br \/>\n14471 Potsdam<br \/>\n4 km vom Tagungshotel entfernt<\/p>\n<p>F\u00fcr Zimmerdetails und Preise wenden Sie sich bitte direkt an das Team des Hotel Am Luisenplatz.<\/p>\n<p><span style=\"color: #ff0000\">&#8211; ausgebucht &#8211;<\/span><\/p>\n<div class=\"clear line\"><\/div>\n<p><a href=\"https:\/\/tagungshotel-schwielowsee.de\/de\/\" target=\"_blank\" rel=\"noopener noreferrer\"><strong>Precise Resort Schwielowsee<\/strong><\/a><br \/>\nAm Schwielowsee 117<br \/>\n14542 Werder \/ Havel<br \/>\n5 km vom Tagungshotel entfernt<\/p>\n<p><span style=\"color: #ff0000\">nur buchbar f\u00fcr 2 N\u00e4chte<br \/>\n<\/span><\/p>\n<p><span style=\"color: #ff0000\"><b>&#8211; ausgebucht &#8211;<\/b><\/span><\/p>\n<div class=\"clear line\"><\/div>\n<p><a href=\"https:\/\/www.ihg.com\/holidayinnexpress\/hotels\/de\/de\/potsdam\/xxpsd\/hoteldetail\" target=\"_blank\" rel=\"noopener\"><strong>Holiday Inn Potsdam<\/strong><\/a><br \/>\nAm Kanal 15<br \/>\n14558 Potsdam<br \/>\n4,5 km vom Tagungshotel entfernt<\/p>\n<p><span style=\"color: #ff0000\">nur buchbar f\u00fcr 2 N\u00e4chte<\/span><\/p>\n<p><span style=\"color: #ff0000\"><b>&#8211; ausgebucht &#8211;<\/b><\/span><\/p>\n<div class=\"clear line\"><\/div>\n<p><a href=\"https:\/\/altstadt-hotel-potsdam.de\/\" target=\"_blank\" rel=\"noopener\"><strong>Altstadt Hotel Potsdam<\/strong><\/a><br \/>\nDortustra\u00dfe 9-10<br \/>\n14467 Potsdam<br \/>\n5 km vom Tagungshotel entfernt<\/p>\n<p><span style=\"color: #ff0000\">nur buchbar f\u00fcr 2 N\u00e4chte<\/span><\/p>\n<p><strong><span style=\"color: #ff0000\"><b>&#8211; ausgebucht &#8211;<\/b><\/span><\/strong><\/p>\n<div class=\"clear line\"><\/div>\n<div class=\"page\" title=\"Page 1\">\n<div class=\"layoutArea\">\n<div class=\"column\">\n<p><a href=\"https:\/\/hotel-potsdam.dorint.com\/de\/\" target=\"_blank\" rel=\"noopener noreferrer\"><strong>Dorint Sanssoucci Berlin \/Potsdam<\/strong><\/a><br \/>\nJa\u0308gerallee 20<br \/>\n14469 Potsdam<br \/>\n5 km vom Tagungshotel entfernt<\/p>\n<p><span style=\"color: #ff0000\">nur buchbar f\u00fcr 2 N\u00e4chte<br \/>\n<\/span><\/p>\n<p><span style=\"color: #ff0000\"><b>&#8211; ausgebucht &#8211;<\/b><\/span><\/p>\n<div class=\"clear line\"><\/div>\n<p><strong><a href=\"https:\/\/www.hotelwaisenhaus.de\/\" target=\"_blank\" rel=\"noopener noreferrer\">Hotel am Gro\u00dfen Waisenhaus<\/a><br \/>\n<\/strong>Lindenstra\u00dfe 28 \/ 29<br \/>\n14467 Potsdam<\/p>\n<p><span style=\"color: #ff0000\">nur buchbar f\u00fcr 2 N\u00e4chte<br \/>\n<\/span><\/p>\n<p><span style=\"color: #ff0000\"><b>&#8211; ausgebucht &#8211;<\/b><\/span><\/p>\n<div class=\"clear line\"><\/div>\n<div class=\"page\" title=\"Page 1\">\n<div class=\"layoutArea\">\n<div class=\"column\">\n<div class=\"page\" title=\"Page 1\">\n<div class=\"layoutArea\">\n<div class=\"column\">\n<div class=\"page\" title=\"Page 1\">\n<div class=\"layoutArea\">\n<div class=\"column\">\n<div class=\"page\" title=\"Page 1\">\n<div class=\"layoutArea\">\n<div class=\"column\">\n<p><a href=\"http:\/\/www.landhotel-potsdam.de\/\" target=\"_blank\" rel=\"noopener noreferrer\"><strong>Landhotel Potsdam<\/strong><\/a><br \/>\nReiherbergstra\u00dfe 33<br \/>\n14476 Potsdam \/ Golm<br \/>\n6 km vom Tagungshotel entfernt<\/p>\n<p><span style=\"color: #ff0000\">nur buchbar f\u00fcr 2 N\u00e4chte<br \/>\n<\/span><\/p>\n<p><span style=\"color: #ff0000\"><b>&#8211; ausgebucht &#8211;<\/b><\/span><\/p>\n<div class=\"clear line\"><\/div>\n<p><a href=\"https:\/\/www.maxxhotel.com\/hotels\/alle-hotels\/deutschland\/potsdam\/maxx-by-steigenberger-sanssouci-potsdam\" target=\"_blank\" rel=\"noopener noreferrer\"><strong>Maxx by Steigenberger Potsdam<\/strong><\/a><br \/>\nAllee nach Sanssouci 1<br \/>\n14471 Potsdam<br \/>\n4 km vom Tagungshotel entfernt<\/p>\n<p><span style=\"color: #ff0000\">nur buchbar f\u00fcr 2 N\u00e4chte<\/span><\/p>\n<p><span style=\"color: #ff0000\"><b>&#8211; ausgebucht &#8211;<\/b><\/span><\/p>\n<div class=\"clear line\"><\/div>\n<p><a href=\"https:\/\/h24hotels.com\/hoteltow\/\" target=\"_blank\" rel=\"noopener\"><strong>Hoteltow H24 Teltow<\/strong><\/a><br \/>\nPotsdamer Stra\u00dfe 53<br \/>\n14513 Teltow<br \/>\n21 km vom Tagungshotel entfernt<\/p>\n<p><span style=\"color: #ff0000\"><b>&#8211; ausgebucht &#8211;<\/b><\/span><\/p>\n<div class=\"clear line\"><\/div>\n<p>&nbsp;<\/p>\n<\/div>\n<\/div>\n<\/div>\n<\/div>\n<\/div>\n<\/div>\n<\/div>\n<\/div>\n<\/div>\n<\/div>\n<\/div>\n<\/div>\n<\/div>\n<\/div>\n<\/div>\n<\/div>\n<\/div>\n<\/div>\n<\/div>\n<\/div>\n<\/div>\n<\/div>\n<\/div>\n<\/div>\n<\/div>\n<\/div>\n<\/div>\n<\/div>\n<\/div>\n<\/div>\n<\/div>\n<\/div>\n<\/div>\n<\/div>\n<\/div>\n<\/div>\n<\/div>\n<\/div>\n<\/div>\n<\/div>\n<\/div>\n<\/div>\n<\/div>\n","protected":false},"excerpt":{"rendered":"<p>Tagungshotel:\u00a0Kongresshotel Potsdam Am Luftschiffhafen 1 14471 Potsdam nur buchbar f\u00fcr 2 N\u00e4chte &#8211; ausgebucht &#8211; Leider gibt es 2023 keine M\u00f6glichkeit f\u00fcr Wohnmobile und Wohnwagen direkt am Kongresshotel zu stehen!&#8230;<\/p>\n","protected":false},"author":1,"featured_media":0,"parent":0,"menu_order":30,"comment_status":"closed","ping_status":"closed","template":"","meta":{"_acf_changed":false,"footnotes":""},"class_list":["post-1191","page","type-page","status-publish","hentry"],"acf":[],"_links":{"self":[{"href":"https:\/\/windenergietage.de\/2023\/wp-json\/wp\/v2\/pages\/1191","targetHints":{"allow":["GET"]}}],"collection":[{"href":"https:\/\/windenergietage.de\/2023\/wp-json\/wp\/v2\/pages"}],"about":[{"href":"https:\/\/windenergietage.de\/2023\/wp-json\/wp\/v2\/types\/page"}],"author":[{"embeddable":true,"href":"https:\/\/windenergietage.de\/2023\/wp-json\/wp\/v2\/users\/1"}],"replies":[{"embeddable":true,"href":"https:\/\/windenergietage.de\/2023\/wp-json\/wp\/v2\/comments?post=1191"}],"version-history":[{"count":43,"href":"https:\/\/windenergietage.de\/2023\/wp-json\/wp\/v2\/pages\/1191\/revisions"}],"predecessor-version":[{"id":5251,"href":"https:\/\/windenergietage.de\/2023\/wp-json\/wp\/v2\/pages\/1191\/revisions\/5251"}],"wp:attachment":[{"href":"https:\/\/windenergietage.de\/2023\/wp-json\/wp\/v2\/media?parent=1191"}],"curies":[{"name":"wp","href":"https:\/\/api.w.org\/{rel}","templated":true}]}}