{"id":2090,"date":"2018-01-12T16:50:53","date_gmt":"2018-01-12T15:50:53","guid":{"rendered":"https:\/\/windenergietage.de\/2018\/?page_id=2090"},"modified":"2018-01-12T16:50:53","modified_gmt":"2018-01-12T15:50:53","slug":"archiv","status":"publish","type":"page","link":"https:\/\/windenergietage.de\/2023\/archiv\/","title":{"rendered":"Archiv"},"content":{"rendered":"<div class=\"page-network list page-list\">\n<article id=\"post-518\" class=\"post-518 page type-page status-publish hentry\">\n\t\t<div class=\"post-wrapper\">\n\t\t<div class=\"post-content\">\n\t\t\t<h2>(Programme, Vortr\u00e4ge &amp; Teilnehmerlisten)<\/h2>\n<p>12. \u2013 14.11.2025 <strong>33. <\/strong><strong>Windenergietage<\/strong> im Kongresshotel Potsdam am Templiner See<br \/>\n(<a href=\"https:\/\/windenergietage.de\/2025\/\" target=\"_blank\" rel=\"noopener\">Programm, Vortr\u00e4ge<\/a> und <a href=\"https:\/\/windenergietage.de\/2025\/teilnehmerliste\/\" target=\"_blank\" rel=\"noopener\">Teilnehmerliste<\/a>)<\/p>\n<p>05. \u2013 07.11.2024 <strong>32. <\/strong><strong>Windenergietage<\/strong> im Van der Valk Resort Linstow<br \/>\n(<a href=\"https:\/\/windenergietage.de\/2024\/\" target=\"_blank\" rel=\"noopener\">Programm, Vortr\u00e4ge<\/a> und <a href=\"https:\/\/windenergietage.de\/2024\/teilnehmerliste\/\" target=\"_blank\" rel=\"noopener\">Teilnehmerliste<\/a>)<\/p>\n<p>08. \u2013 10.11.2023 <strong>31. <\/strong><strong>Windenergietage<\/strong> im Kongresshotel Potsdam am Templiner See<br \/>\n(<a href=\"https:\/\/windenergietage.de\/2023\/\" target=\"_blank\" rel=\"noopener\">Programm, Vortr\u00e4ge<\/a> und <a href=\"https:\/\/windenergietage.de\/2023\/teilnehmerliste\/\" target=\"_blank\" rel=\"noopener\">Teilnehmerliste<\/a>)<\/p>\n<p>08. \u2013 10.11.2022 <strong>30. Windenergietage<\/strong>\u00a0im Van der Valk Resort Linstow<br \/>\n(<a href=\"https:\/\/windenergietage.de\/2022\/\" target=\"_blank\" rel=\"noopener\">Programm, Vortr\u00e4ge<\/a> und <a href=\"https:\/\/windenergietage.de\/2022\/teilnehmerliste\/\" target=\"_blank\" rel=\"noopener\">Teilnehmerliste<\/a>)<\/p>\n<p>10. \u2013 12.11.2021 <strong>29. Windenergietage<\/strong> im Kongresshotel Potsdam am Templiner See<br \/>\n(<a href=\"https:\/\/windenergietage.de\/2021\/\" target=\"_blank\" rel=\"noopener\">Programm, Vortr\u00e4ge<\/a> und <a href=\"https:\/\/windenergietage.de\/2021\/teilnehmerliste\/\" target=\"_blank\" rel=\"noopener\">Teilnehmerliste<\/a>)<\/p>\n<p>05. \u2013 07.11.2019 <strong>28.Windenergietage<\/strong> im Kongresshotel Potsdam am Templiner See<br \/>\n(<a href=\"https:\/\/windenergietage.de\/2019\/\" target=\"_blank\" rel=\"noopener noreferrer\">Programm, Vortr\u00e4ge<\/a> und <a href=\"https:\/\/windenergietage.de\/2019\/teilnehmerliste\/\" target=\"_blank\" rel=\"noopener noreferrer\">Teilnehmerliste<\/a>)<\/p>\n<p>06. \u2013 08.11.2018 <strong>27. Windenergietage<\/strong> im Van der Valk Resort Linstow<br \/>\n(<a href=\"https:\/\/windenergietage.de\/2018\/\" target=\"_blank\" rel=\"noopener noreferrer\">Programm, Vortr\u00e4ge<\/a> und <a href=\"https:\/\/windenergietage.de\/2018\/teilnehmerliste\/\" target=\"_blank\" rel=\"noopener noreferrer\">Teilnehmerliste<\/a>)<\/p>\n<p>07. \u2013 09.11.2017 <strong>26. Windenergietage<\/strong> in der Yachthafenresidenz H\u00f6he D\u00fcne in Warnem\u00fcnde<br \/>\n(<a href=\"https:\/\/windenergietage.de\/2017\/\" target=\"_blank\" rel=\"noopener noreferrer\">Programm, Vortr\u00e4ge<\/a> und <a href=\"https:\/\/windenergietage.de\/2017\/teilnehmerliste\/\" target=\"_blank\" rel=\"noopener noreferrer\">Teilnehmerliste<\/a>)<\/p>\n<p>08. \u2013 10.11.2016 <strong>25. Windenergietage<\/strong> im Kongresshotel Potsdam am Templiner See<br \/>\n(<a href=\"http:\/\/archiv.windenergietage.de\/WT25.html\" target=\"_blank\" rel=\"noopener noreferrer\">Programm, Vortr\u00e4ge<\/a> und <a href=\"http:\/\/archiv.windenergietage.de\/Teilnehmerliste25.html\" target=\"_blank\" rel=\"noopener noreferrer\">Teilnehmerliste<\/a>)<\/p>\n<p>10. \u2013 12.11.2015 <strong>24. Windenergietage<\/strong> im Van der Valk Resort Linstow<br \/>\n(<a href=\"http:\/\/archiv.windenergietage.de\/WT24.html\" target=\"_blank\" rel=\"noopener noreferrer\">Programm, Vortr\u00e4ge<\/a> und <a href=\"http:\/\/archiv.windenergietage.de\/Teilnehmerliste24.htm\" target=\"_blank\" rel=\"noopener noreferrer\">Teilnehmerliste<\/a>)<\/p>\n<p>11. \u2013 13.11.2014 <strong>23. Windenergietage<\/strong> im Kongresshotel Potsdam am Templiner See<br \/>\n(<a href=\"http:\/\/archiv.windenergietage.de\/WT23.htm\" target=\"_blank\" rel=\"noopener noreferrer\">Programm, Vortr\u00e4ge<\/a> und <a href=\"http:\/\/archiv.windenergietage.de\/Teilnehmerliste23A.htm\" target=\"_top\" rel=\"noopener noreferrer\">Teilnehmerliste<\/a>)<\/p>\n<p>12. \u2013 14.11.2013 <strong>22. Windenergietage<\/strong> Maritim Hafenhotel Rheinsberg<br \/>\n(<a href=\"http:\/\/archiv.windenergietage.de\/WT2222.htm\" target=\"_blank\" rel=\"noopener noreferrer\">Programm, Vortr\u00e4ge<\/a> und <a href=\"http:\/\/archiv.windenergietage.de\/Teilnehmerliste22A.htm\" target=\"_blank\" rel=\"noopener noreferrer\">Teilnehmerliste<\/a>)<\/p>\n<p>13. \u2013 15.11.2012<strong> 21. Windenergietage <\/strong>Scharm\u00fctzelsee<br \/>\n(<a href=\"http:\/\/archiv.windenergietage.de\/WT21.htm\" target=\"_blank\" rel=\"noopener noreferrer\">Programm, Vortr\u00e4ge<\/a> und <a href=\"http:\/\/archiv.windenergietage.de\/Teilnehmerliste21F.htm\" target=\"_blank\" rel=\"noopener noreferrer\">Teilnehmerliste<\/a>)<\/p>\n<p>25. \u2013 27.10.2011 <strong>20. Windenergietage<\/strong> Sch\u00f6nefeld<br \/>\n(<a href=\"http:\/\/archiv.windenergietage.de\/WT20.htm\" target=\"_blank\" rel=\"noopener noreferrer\">Programm, Vortr\u00e4ge<\/a> und <a href=\"http:\/\/archiv.windenergietage.de\/Teilnehmerliste20F.htm\" target=\"_blank\" rel=\"noopener noreferrer\">Teilnehmerliste<\/a>)<\/p>\n<p>03. und 04.11.2010 <strong>19. Windenergietage <\/strong>Bad Saarow<br \/>\n(<a href=\"http:\/\/archiv.windenergietage.de\/WT19.htm\" target=\"_blank\" rel=\"noopener noreferrer\">Programm, Vortr\u00e4ge<\/a> und <a href=\"http:\/\/archiv.windenergietage.de\/Teilnehmerliste19.htm\" target=\"_blank\" rel=\"noopener noreferrer\">Teilnehmerliste<\/a>)<\/p>\n<p>11. und 12.11.2009 <strong>18. Windenergietage<\/strong> Hafendorf Rheinsberg<br \/>\n(<a href=\"http:\/\/archiv.windenergietage.de\/WT18\/WT18.htm\" target=\"_blank\" rel=\"noopener noreferrer\">Programm, Vortr\u00e4ge<\/a> und <a href=\"http:\/\/archiv.windenergietage.de\/WT18\/Teilnehmerliste09.htm\" target=\"_blank\" rel=\"noopener noreferrer\">Teilnehmerliste<\/a>)<\/p>\n<p>03. und 04.11.2008 <strong>17. Windenergietage<\/strong> D\u00f6llnsee\/Schorfheide<br \/>\n(<a href=\"http:\/\/archiv.windenergietage.de\/Teilnehmerliste.htm\" target=\"_blank\" rel=\"noopener noreferrer\">Teilnehmerliste<\/a>)<\/p>\n<p>2007 <strong>16. Windenergietage<\/strong> Neuruppin<\/p>\n<p>2006 <strong>15. Windenergietage<\/strong> Petzow \/ Flughafen Sch\u00f6nhagen<\/p>\n<p>2005 <strong>14. Windenergietage<\/strong> Magdeburg<\/p>\n<p>2004 <strong>13. Windenergietage<\/strong> Bad Freienwalde<\/p>\n<p>2003 <strong>12. Windenergietage<\/strong> Gr\u00f6ditz<\/p>\n<p>2002 <strong>11. Windenergietage<\/strong> Schlo\u00df Kr\u00f6chlendorff<\/p>\n<p>2001 <strong>10. Windenergietage<\/strong> Magdeburg<\/p>\n<p>2000 <strong>9. Windenergietag<\/strong> Sch\u00f6nwalde \/ Cargo Lifter AG<\/p>\n<p>1999<strong> 8. Windenergietag <\/strong>Schlo\u00df Herrenstein<\/p>\n<p>1998 <strong>7. Windenergietag<\/strong> R\u00fcdersdorf<\/p>\n<p>1997 <strong>6. Windenergietag<\/strong> Potsdam<\/p>\n<p>1996 <strong>5. Windenergietag<\/strong> Berlin<\/p>\n<p>1995 <strong>4. Windenergietag <\/strong>Berlin<\/p>\n<p>1994 <strong>3. Windenergietag<\/strong> Berlin<\/p>\n<p>1993 <strong>2. Windenergietag <\/strong>Berlin<\/p>\n<p>1992 <strong>1. Windenergietag<\/strong> Berlin<\/p>\n\t\t\t\n                        \n\t\t\t\t\t\t\n\t\t\t\t\t<\/div>\n\t<\/div>\n<\/article><\/div>\n","protected":false},"excerpt":{"rendered":"","protected":false},"author":1,"featured_media":0,"parent":0,"menu_order":60,"comment_status":"closed","ping_status":"closed","template":"","meta":{"_acf_changed":false,"footnotes":""},"class_list":["post-2090","page","type-page","status-publish","hentry"],"acf":[],"_links":{"self":[{"href":"https:\/\/windenergietage.de\/2023\/wp-json\/wp\/v2\/pages\/2090","targetHints":{"allow":["GET"]}}],"collection":[{"href":"https:\/\/windenergietage.de\/2023\/wp-json\/wp\/v2\/pages"}],"about":[{"href":"https:\/\/windenergietage.de\/2023\/wp-json\/wp\/v2\/types\/page"}],"author":[{"embeddable":true,"href":"https:\/\/windenergietage.de\/2023\/wp-json\/wp\/v2\/users\/1"}],"replies":[{"embeddable":true,"href":"https:\/\/windenergietage.de\/2023\/wp-json\/wp\/v2\/comments?post=2090"}],"version-history":[{"count":0,"href":"https:\/\/windenergietage.de\/2023\/wp-json\/wp\/v2\/pages\/2090\/revisions"}],"wp:attachment":[{"href":"https:\/\/windenergietage.de\/2023\/wp-json\/wp\/v2\/media?parent=2090"}],"curies":[{"name":"wp","href":"https:\/\/api.w.org\/{rel}","templated":true}]}}