{"id":521,"date":"2016-05-31T15:39:05","date_gmt":"2016-05-31T13:39:05","guid":{"rendered":"http:\/\/www.go-seminare.de\/?page_id=521"},"modified":"2023-05-30T14:25:15","modified_gmt":"2023-05-30T12:25:15","slug":"kontakt","status":"publish","type":"page","link":"https:\/\/windenergietage.de\/2023\/kontakt\/","title":{"rendered":"Kontakt"},"content":{"rendered":"<h2>Sie haben Fragen? WiR sind f\u00fcr Sie da.<\/h2>\n<h3>Ihre Ansprechpartner*innen:<\/h3>\n<h4><\/h4>\n<p>&nbsp;<\/p>\n<h4><strong>V\u00e9ronique Seitz: Programmmanagement<\/strong><\/h4>\n<p>Planung und Betreuung der <em><strong>Foren<\/strong> <\/em>auf den Windenergietagen, Zuteilung der <em><strong>Vortr\u00e4ge<\/strong>,<\/em> Gestaltung <em><strong>Sponsoring<\/strong><\/em><\/p>\n<p><strong><a href=\"mailto:veronique.seitz@spreewind.de\" target=\"_blank\" rel=\"noopener\">veronique.seitz@spreewind.de<\/a><\/strong><\/p>\n<p>Mobil: +49 1525 3986594<\/p>\n<h4><\/h4>\n<p>&nbsp;<\/p>\n<h4><strong>Markus Friederichs: Organisation und Ausstellermanagement<\/strong><\/h4>\n<p>Planung und Zuweisung der <em><strong>St\u00e4nde<\/strong><\/em> auf den Windenergietagen sowie der <em><strong>Hotelzimmer<\/strong><\/em>, Koordination von <em><strong>Ausr\u00fcstung<\/strong><\/em> und <em><strong>Material<\/strong><\/em>, Foto &amp; Design<\/p>\n<p><strong><a href=\"mailto:markus.friederichs@spreewind.de\" target=\"_blank\" rel=\"noopener\">markus.friederichs@spreewind.de<\/a><\/strong><\/p>\n<p>Mobil: +49 151 50654444<\/p>\n<h4><\/h4>\n<p>&nbsp;<\/p>\n<h4><strong>Martina Neff: Rechnungs- und Personalmanagement<\/strong><\/h4>\n<p>Zahlungsabwicklung und <strong>Buchhaltung<\/strong>, <strong>Personaladministration<\/strong> und Gehaltsabrechnung<\/p>\n<p><strong><a href=\"mailto:martina.neff@spreewind.de\">martina.neff@spreewind.de<\/a><\/strong><\/p>\n<p>Mobil: +49 160 3381001<\/p>\n<p>&nbsp;<\/p>\n<p><strong>Spreewind GmbH<\/strong><br \/>\nAnsprechpartner: Harald D\u00fcring<br \/>\nSigismundkorso 48<br \/>\nD-13465 Berlin<\/p>\n<a href=\"mailto:&#105;&#110;fo&#64;s&#112;&#114;&#101;e&#119;&#105;&#110;d&#46;d&#101;\">&#105;&#110;&#102;o&#64;&#115;&#112;&#114;eew&#105;n&#100;&#46;d&#101;<\/a>\n<p>Telefon: +49 30 4012359<\/p>\n<div class=\"clear line\"><\/div>\n<p><strong>Oder nutzen Sie unser Kontaktformular:<\/strong><\/p>\n\n<div class=\"wpcf7 no-js\" id=\"wpcf7-f383-o1\" lang=\"de-DE\" dir=\"ltr\" data-wpcf7-id=\"383\">\n<div class=\"screen-reader-response\"><p role=\"status\" aria-live=\"polite\" aria-atomic=\"true\"><\/p> <ul><\/ul><\/div>\n<form action=\"\/2023\/wp-json\/wp\/v2\/pages\/521#wpcf7-f383-o1\" method=\"post\" class=\"wpcf7-form init\" aria-label=\"Kontaktformular\" novalidate=\"novalidate\" data-status=\"init\">\n<fieldset class=\"hidden-fields-container\"><input type=\"hidden\" name=\"_wpcf7\" value=\"383\" \/><input type=\"hidden\" name=\"_wpcf7_version\" value=\"6.1.5\" \/><input type=\"hidden\" name=\"_wpcf7_locale\" value=\"de_DE\" \/><input type=\"hidden\" name=\"_wpcf7_unit_tag\" value=\"wpcf7-f383-o1\" \/><input type=\"hidden\" name=\"_wpcf7_container_post\" value=\"0\" \/><input type=\"hidden\" name=\"_wpcf7_posted_data_hash\" value=\"\" \/>\n<\/fieldset>\n<p>Ihr Name:\n<\/p>\n<p><span class=\"wpcf7-form-control-wrap\" data-name=\"contact-name\"><input size=\"40\" maxlength=\"400\" class=\"wpcf7-form-control wpcf7-text\" aria-invalid=\"false\" value=\"\" type=\"text\" name=\"contact-name\" \/><\/span>\n<\/p>\n<p>Ihre E-Mail-Adresse: (Pflichtfeld)\n<\/p>\n<p><span class=\"wpcf7-form-control-wrap\" data-name=\"contact-email\"><input size=\"40\" maxlength=\"400\" class=\"wpcf7-form-control wpcf7-email wpcf7-validates-as-required wpcf7-text wpcf7-validates-as-email\" aria-required=\"true\" aria-invalid=\"false\" value=\"\" type=\"email\" name=\"contact-email\" \/><\/span>\n<\/p>\n<p>Ihre Nachricht:\n<\/p>\n<p><span class=\"wpcf7-form-control-wrap\" data-name=\"contact-message\"><textarea cols=\"40\" rows=\"10\" maxlength=\"2000\" class=\"wpcf7-form-control wpcf7-textarea\" aria-invalid=\"false\" name=\"contact-message\"><\/textarea><\/span>\n<\/p>\n<p><span class=\"wpcf7-form-control-wrap\" data-name=\"acceptance-234\"><span class=\"wpcf7-form-control wpcf7-acceptance\"><span class=\"wpcf7-list-item\"><label><input type=\"checkbox\" name=\"acceptance-234\" value=\"1\" aria-invalid=\"false\" \/><span class=\"wpcf7-list-item-label\">Mit der Nutzung dieses Formulars erkl\u00e4ren Sie sich mit der Speicherung und Verarbeitung Ihrer Daten durch diese Website einverstanden. <a target=\"_blank\" href=\"https:\/\/windenergietage.de\/2023\/datenschutz\/\">Datenschutzerkl\u00e4rung<\/a><\/span><\/label><\/span><\/span><\/span>\n<\/p>\n<p><p><span class=\"wpcf7-form-control-wrap\"><input type=\"hidden\" name=\"php_start_time\" value=\"1775398133.3466\" \/><input type=\"hidden\" name=\"js_end_time\" class=\"js_end_time\" value=\"\" \/><input type=\"hidden\" name=\"js_start_time\" class=\"js_start_time\" value=\"\" \/><div class=\"f12t\"><input type=\"hidden\" class=\"f12_timer\" name=\"f12_timer\" value=\"$2y$12$KhrrZhuquEkGEesbDFoQT.MAPB3zUt0FuqERH2a.j0ZOMgkpovN9.\"\/><\/div><input id=\"f12_captcha\" type=\"text\" style=\"visibility:hidden!important; opacity:1!important; height:0!important; width:0!important; margin:0!important; padding:0!important;\" name=\"f12_captcha\" value=\"\"\/><input type=\"hidden\" name=\"behavior_nonce\" value=\"\" \/><script>\r\n(function(){\r\n\tvar el = document.currentScript;\r\n\tif (!el) return;\r\n\tvar form = el.closest(\"form\");\r\n\tif (!form || form.dataset.ssInit === \"1\") return;\r\n\tform.dataset.ssInit = \"1\";\r\n\tform.dataset.ssMode = \"protect\";\r\n\tform.dataset.ssSource = \"rule\";\r\n})();\r\n<\/script><\/span><\/p><input class=\"wpcf7-form-control wpcf7-submit has-spinner\" type=\"submit\" value=\"Absenden\" \/>\n<\/p><div class=\"wpcf7-response-output\" aria-hidden=\"true\"><\/div>\n<\/form>\n<\/div>\n\n<p>&nbsp;<\/p>\n","protected":false},"excerpt":{"rendered":"<p>Sie haben Fragen? WiR sind f\u00fcr Sie da. Ihre Ansprechpartner*innen: &nbsp; V\u00e9ronique Seitz: Programmmanagement Planung und Betreuung der Foren auf den Windenergietagen, Zuteilung der Vortr\u00e4ge, Gestaltung Sponsoring veronique.seitz@spreewind.de Mobil: +49&#8230;<\/p>\n","protected":false},"author":1,"featured_media":0,"parent":0,"menu_order":50,"comment_status":"closed","ping_status":"closed","template":"","meta":{"_acf_changed":false,"footnotes":""},"class_list":["post-521","page","type-page","status-publish","hentry"],"acf":[],"_links":{"self":[{"href":"https:\/\/windenergietage.de\/2023\/wp-json\/wp\/v2\/pages\/521","targetHints":{"allow":["GET"]}}],"collection":[{"href":"https:\/\/windenergietage.de\/2023\/wp-json\/wp\/v2\/pages"}],"about":[{"href":"https:\/\/windenergietage.de\/2023\/wp-json\/wp\/v2\/types\/page"}],"author":[{"embeddable":true,"href":"https:\/\/windenergietage.de\/2023\/wp-json\/wp\/v2\/users\/1"}],"replies":[{"embeddable":true,"href":"https:\/\/windenergietage.de\/2023\/wp-json\/wp\/v2\/comments?post=521"}],"version-history":[{"count":12,"href":"https:\/\/windenergietage.de\/2023\/wp-json\/wp\/v2\/pages\/521\/revisions"}],"predecessor-version":[{"id":4986,"href":"https:\/\/windenergietage.de\/2023\/wp-json\/wp\/v2\/pages\/521\/revisions\/4986"}],"wp:attachment":[{"href":"https:\/\/windenergietage.de\/2023\/wp-json\/wp\/v2\/media?parent=521"}],"curies":[{"name":"wp","href":"https:\/\/api.w.org\/{rel}","templated":true}]}}