{"id":1180,"date":"2017-09-08T11:55:42","date_gmt":"2017-09-08T09:55:42","guid":{"rendered":"https:\/\/windenergietage.de\/?page_id=1180"},"modified":"2024-11-04T21:03:13","modified_gmt":"2024-11-04T20:03:13","slug":"standplan","status":"publish","type":"page","link":"https:\/\/windenergietage.de\/2024\/standplan\/","title":{"rendered":"Standplan \/ Aussteller"},"content":{"rendered":"<h4><a href=\"https:\/\/windenergietage.de\/2024\/wp-content\/uploads\/sites\/9\/2024\/11\/241104-Standplan-Linstow-2024-3.pdf\" target=\"_blank\" rel=\"noopener\">DEN STANDPLAN 2024 F\u00dcR DAS VAN DER VALK RESORT LINSTOW FINDEN SIE HIER:<\/a><\/h4>\n<p>(Stand 04.10.2024) \u2013 <span style=\"color: #ff0000\">f\u00fcr 2024 sind bereits alle Standfl\u00e4chen vergeben<\/span><\/p>\n<p><a href=\"https:\/\/windenergietage.de\/2024\/wp-content\/uploads\/sites\/9\/2024\/11\/241104-Standplan-Linstow-2024-3.pdf\" target=\"_blank\" rel=\"noopener\"><img loading=\"lazy\" decoding=\"async\" class=\"aligncenter wp-image-5701 size-full\" src=\"https:\/\/windenergietage.de\/2024\/wp-content\/uploads\/sites\/9\/2024\/11\/241104-Standplan-Linstow-2024-2.png\" alt=\"\" width=\"500\" height=\"786\" srcset=\"https:\/\/windenergietage.de\/2024\/wp-content\/uploads\/sites\/9\/2024\/11\/241104-Standplan-Linstow-2024-2.png 500w, https:\/\/windenergietage.de\/2024\/wp-content\/uploads\/sites\/9\/2024\/11\/241104-Standplan-Linstow-2024-2-191x300.png 191w\" sizes=\"auto, (max-width: 500px) 100vw, 500px\" \/><\/a><\/p>\n<h4><a href=\"https:\/\/windenergietage.de\/2024\/wp-content\/uploads\/sites\/9\/2023\/08\/Luftbild.png\" target=\"_blank\" rel=\"noopener\">Oder als Luftbild:<\/a><\/h4>\n<p><a href=\"https:\/\/windenergietage.de\/2024\/wp-content\/uploads\/sites\/9\/2024\/11\/241102-Luftbild.png\" target=\"_blank\" rel=\"noopener\"><img loading=\"lazy\" decoding=\"async\" class=\"alignnone wp-image-5688 size-large\" src=\"https:\/\/windenergietage.de\/2024\/wp-content\/uploads\/sites\/9\/2024\/11\/241102-Luftbild-1024x1006.png\" alt=\"\" width=\"640\" height=\"629\" srcset=\"https:\/\/windenergietage.de\/2024\/wp-content\/uploads\/sites\/9\/2024\/11\/241102-Luftbild-1024x1006.png 1024w, https:\/\/windenergietage.de\/2024\/wp-content\/uploads\/sites\/9\/2024\/11\/241102-Luftbild-300x295.png 300w, https:\/\/windenergietage.de\/2024\/wp-content\/uploads\/sites\/9\/2024\/11\/241102-Luftbild-768x755.png 768w, https:\/\/windenergietage.de\/2024\/wp-content\/uploads\/sites\/9\/2024\/11\/241102-Luftbild-1536x1509.png 1536w, https:\/\/windenergietage.de\/2024\/wp-content\/uploads\/sites\/9\/2024\/11\/241102-Luftbild-2048x2012.png 2048w\" sizes=\"auto, (max-width: 640px) 100vw, 640px\" \/><\/a><\/p>\n<p><strong>AUSSTELLERINFORM<\/strong><strong>ATIONEN<\/strong><\/p>\n<p><strong>Speditionslieferungen und Pakete<\/strong> bitte ab dem 30.10.2024 an:<\/p>\n<p>Van der Valk Resort Linstow<br \/>\n32. Windenergietage<br \/>\n<span style=\"color: #ff0000\">Ihre Firma<\/span><br \/>\nHerrn Markus Friederichs<br \/>\nKrakower Chaussee 1<br \/>\nD-18292 Linstow<br \/>\nHandy Markus Friederichs: +49 151 50654444<\/p>\n<p><b>Aufbauzeiten<br \/>\n<\/b><\/p>\n<p>Montag, 04.11.2024 ab 8 Uhr bis 0 Uhr<br \/>\nDienstag, 05.11.2024 ab 8 Uhr<\/p>\n<p>Bitte sorgen Sie f\u00fcr einen zeitigen Standaufbau, jedoch bis sp\u00e4testens 16 Uhr!<\/p>\n<p><strong>Abbau<\/strong> am 07.11.2024 ab 15:00 Uhr<br \/>\nHaben Sie eine R\u00fccksendung per Spedition oder Versanddienstleister?<br \/>\nDann f\u00fcllen Sie bitte dieses Formular aus: <a href=\"https:\/\/windenergietage.de\/2024\/wp-content\/uploads\/sites\/9\/2024\/08\/Ruecksendungen-Formular.pdf\" target=\"_blank\" rel=\"noopener\"><strong>R\u00fccksendeinfo<\/strong><\/a><\/p>\n<p>Vielen Dank!<\/p>\n<p><strong>Ausstattung:<span class=\"Apple-converted-space\">\u00a0<\/span><\/strong>Stehtisch mit Husse, Barhocker, Tische und St\u00fchle sowie Strom erhalten Sie vor Ort von Spreewind. Diese sind im Standpreis enthalten, eine Bestellung ist nicht notwendig.<\/p>\n<p>K\u00fchlschr\u00e4nke und weitere M\u00f6bel bekommen Sie \u00fcber die Firma:<\/p>\n<p>Furn4Rent<br \/>\nSteffi Raubach<br \/>\n<a class=\"\" style=\"font-size: 1.125em\" href=\"https:\/\/furn4rent.com\/\">https:\/\/furn4rent.com\/<\/a><br \/>\n<span style=\"font-size: 1.125em\">Telefon 0331 288 383 41<br \/>\n<\/span><a class=\"\" style=\"font-size: 1.125em\" href=\"mailto:info@furn4rent.com\">info@furn4rent.com<\/a><\/p>\n<p>Zus\u00e4tzliche Technik wie Fernseher, Laptops und \u00e4hnliches erhalten Sie \u00fcber Herrn Wilhelm von der Firma Happy Day,<br \/>\nTelefon 0331-74000466 oder 0178-6927631 oder per Mail unter\u00a0<strong><a href=\"mailto:alexander@happy-day.events\" target=\"_blank\" rel=\"noopener\">alexander@happy-day.events<\/a><\/strong>.<\/p>\n<p>weitere Informationen und eine \u00dcbersicht zum Ausdrucken finden Sie <strong><a href=\"https:\/\/windenergietage.de\/2024\/wp-content\/uploads\/sites\/9\/2024\/08\/Austellerinfo-Linstow-2024.pdf\" target=\"_blank\" rel=\"noopener\">hier<\/a>.<\/strong><\/p>\n","protected":false},"excerpt":{"rendered":"<p>DEN STANDPLAN 2024 F\u00dcR DAS VAN DER VALK RESORT LINSTOW FINDEN SIE HIER: (Stand 04.10.2024) \u2013 f\u00fcr 2024 sind bereits alle Standfl\u00e4chen vergeben Oder als Luftbild: AUSSTELLERINFORMATIONEN Speditionslieferungen und Pakete&#8230;<\/p>\n","protected":false},"author":1,"featured_media":0,"parent":0,"menu_order":20,"comment_status":"closed","ping_status":"closed","template":"","meta":{"_acf_changed":false,"footnotes":""},"class_list":["post-1180","page","type-page","status-publish","hentry"],"acf":[],"_links":{"self":[{"href":"https:\/\/windenergietage.de\/2024\/wp-json\/wp\/v2\/pages\/1180","targetHints":{"allow":["GET"]}}],"collection":[{"href":"https:\/\/windenergietage.de\/2024\/wp-json\/wp\/v2\/pages"}],"about":[{"href":"https:\/\/windenergietage.de\/2024\/wp-json\/wp\/v2\/types\/page"}],"author":[{"embeddable":true,"href":"https:\/\/windenergietage.de\/2024\/wp-json\/wp\/v2\/users\/1"}],"replies":[{"embeddable":true,"href":"https:\/\/windenergietage.de\/2024\/wp-json\/wp\/v2\/comments?post=1180"}],"version-history":[{"count":173,"href":"https:\/\/windenergietage.de\/2024\/wp-json\/wp\/v2\/pages\/1180\/revisions"}],"predecessor-version":[{"id":5706,"href":"https:\/\/windenergietage.de\/2024\/wp-json\/wp\/v2\/pages\/1180\/revisions\/5706"}],"wp:attachment":[{"href":"https:\/\/windenergietage.de\/2024\/wp-json\/wp\/v2\/media?parent=1180"}],"curies":[{"name":"wp","href":"https:\/\/api.w.org\/{rel}","templated":true}]}}