{"id":2940,"date":"2019-06-11T09:56:46","date_gmt":"2019-06-11T07:56:46","guid":{"rendered":"https:\/\/windenergietage.de\/2020\/?page_id=2940"},"modified":"2024-11-02T10:43:42","modified_gmt":"2024-11-02T09:43:42","slug":"anreise","status":"publish","type":"page","link":"https:\/\/windenergietage.de\/2024\/anreise\/","title":{"rendered":"Anreise \/ Transfer"},"content":{"rendered":"<p><strong>Tagungshotel <\/strong><\/p>\n<p><strong><a href=\"https:\/\/linstow.vandervalk.de\/\" target=\"_blank\" rel=\"noopener noreferrer\">Van der Valk Resort Linstow<\/a><br \/>\n<\/strong>Krakower Chaussee 1<br \/>\n18292 Linstow<\/p>\n<div class=\"clear line\"><\/div>\n<p><strong>Anreise mit&#8230;<\/strong><\/p>\n<p><strong>&#8230;der Bahn &#8211; Zielbahnhof Waren (M\u00fcritz) oder G\u00fcstrow<br \/>\n<\/strong><a href=\"http:\/\/www.bahn.de\" target=\"_blank\" rel=\"noopener noreferrer\">www.bahn.de<\/a><\/p>\n<p><strong>&#8230;dem Flugzeug &#8211; Zielflugh\u00e4fen sind Hamburg, L\u00fcbeck und Berlin<\/strong><\/p>\n<div class=\"clear line\"><\/div>\n<p><strong>Taxiunternehmen<\/strong><\/p>\n<p><strong>G\u00fcstrow:<\/strong><br \/>\nTG Taxi G\u00fcstrow, Telefon 03843 215050<br \/>\nTaxi- &amp; Mietwagen Unternehmen Willi Olbricht, Telefon 03843 211530<br \/>\nTaxi Hanno Latki, Telefon 03843 212121<\/p>\n<p><strong>Klink:<\/strong><br \/>\nTaxi Petersen, Telefon 0171 7091735<\/p>\n<p><strong>Malchow:<\/strong><br \/>\nTaxi Gennerich, Telefon 03993 213 282<\/p>\n<p><strong>Rostock:<\/strong><br \/>\nHanse Taxi, Telefon 0381 68 58 58<\/p>\n<p><strong>Waren:<\/strong><br \/>\nTaxizentrale Waren, Telefon 03991 167167<\/p>\n<div class=\"clear line\"><\/div>\n<p><strong>kostenfreier Transfer<\/strong><\/p>\n<p><strong><a href=\"https:\/\/windenergietage.de\/2024\/wp-content\/uploads\/sites\/9\/2024\/09\/Dienstag-05.11.2024.pdf\" target=\"_blank\" rel=\"noopener\">Fahrplan Dienstag 05.11.2024<\/a><\/strong><\/p>\n<p><a href=\"https:\/\/windenergietage.de\/2024\/wp-content\/uploads\/sites\/9\/2024\/09\/Mittwoch-06.11.2024.pdf\" target=\"_blank\" rel=\"noopener\"><strong>Fahrplan Mittwoch 06.11.2024<\/strong><\/a><\/p>\n<p><a href=\"https:\/\/windenergietage.de\/2024\/wp-content\/uploads\/sites\/9\/2024\/09\/Donnerstag-07.11.2024.pdf\" target=\"_blank\" rel=\"noopener\"><strong>Fahrplan Donnerstag 07.11.2024<\/strong><\/a><\/p>\n","protected":false},"excerpt":{"rendered":"<p>Tagungshotel Van der Valk Resort Linstow Krakower Chaussee 1 18292 Linstow Anreise mit&#8230; &#8230;der Bahn &#8211; Zielbahnhof Waren (M\u00fcritz) oder G\u00fcstrow www.bahn.de &#8230;dem Flugzeug &#8211; Zielflugh\u00e4fen sind Hamburg, L\u00fcbeck und&#8230;<\/p>\n","protected":false},"author":5,"featured_media":0,"parent":0,"menu_order":0,"comment_status":"closed","ping_status":"closed","template":"","meta":{"_acf_changed":false,"footnotes":""},"class_list":["post-2940","page","type-page","status-publish","hentry"],"acf":[],"_links":{"self":[{"href":"https:\/\/windenergietage.de\/2024\/wp-json\/wp\/v2\/pages\/2940","targetHints":{"allow":["GET"]}}],"collection":[{"href":"https:\/\/windenergietage.de\/2024\/wp-json\/wp\/v2\/pages"}],"about":[{"href":"https:\/\/windenergietage.de\/2024\/wp-json\/wp\/v2\/types\/page"}],"author":[{"embeddable":true,"href":"https:\/\/windenergietage.de\/2024\/wp-json\/wp\/v2\/users\/5"}],"replies":[{"embeddable":true,"href":"https:\/\/windenergietage.de\/2024\/wp-json\/wp\/v2\/comments?post=2940"}],"version-history":[{"count":17,"href":"https:\/\/windenergietage.de\/2024\/wp-json\/wp\/v2\/pages\/2940\/revisions"}],"predecessor-version":[{"id":5681,"href":"https:\/\/windenergietage.de\/2024\/wp-json\/wp\/v2\/pages\/2940\/revisions\/5681"}],"wp:attachment":[{"href":"https:\/\/windenergietage.de\/2024\/wp-json\/wp\/v2\/media?parent=2940"}],"curies":[{"name":"wp","href":"https:\/\/api.w.org\/{rel}","templated":true}]}}