{"id":5518,"date":"2024-10-11T14:18:16","date_gmt":"2024-10-11T12:18:16","guid":{"rendered":"https:\/\/windenergietage.de\/2024\/?page_id=5518"},"modified":"2024-11-05T08:58:16","modified_gmt":"2024-11-05T07:58:16","slug":"anmeldung-4-faeuste","status":"publish","type":"page","link":"https:\/\/windenergietage.de\/2024\/anmeldung-4-faeuste\/","title":{"rendered":"Anmeldung 4 F\u00e4uste"},"content":{"rendered":"<p>Leider sind alle Pl\u00e4tze f\u00fcr die 4 F\u00e4uste am 06.11.2024 bereits \u00fcberbucht.<br \/>\nEs wird keine Warteliste geben. Kurzfristig frei werdende Pl\u00e4tze werden zu Forumsbeginn vor Ort nachbesetzt.<\/p>\n<p>Es sind aber bereits Anmeldungen f\u00fcr das Windrecht Update im Juni 2025 in Magdeburg m\u00f6glich!<\/p>\n<p><a href=\"http:\/\/www.windrecht-update.de\">www.windrecht-update.de<\/a><\/p>\n","protected":false},"excerpt":{"rendered":"<p>Leider sind alle Pl\u00e4tze f\u00fcr die 4 F\u00e4uste am 06.11.2024 bereits \u00fcberbucht. Es wird keine Warteliste geben. Kurzfristig frei werdende Pl\u00e4tze werden zu Forumsbeginn vor Ort nachbesetzt. Es sind aber&#8230;<\/p>\n","protected":false},"author":5,"featured_media":0,"parent":0,"menu_order":0,"comment_status":"closed","ping_status":"closed","template":"","meta":{"_acf_changed":false,"footnotes":""},"class_list":["post-5518","page","type-page","status-publish","hentry"],"acf":[],"_links":{"self":[{"href":"https:\/\/windenergietage.de\/2024\/wp-json\/wp\/v2\/pages\/5518","targetHints":{"allow":["GET"]}}],"collection":[{"href":"https:\/\/windenergietage.de\/2024\/wp-json\/wp\/v2\/pages"}],"about":[{"href":"https:\/\/windenergietage.de\/2024\/wp-json\/wp\/v2\/types\/page"}],"author":[{"embeddable":true,"href":"https:\/\/windenergietage.de\/2024\/wp-json\/wp\/v2\/users\/5"}],"replies":[{"embeddable":true,"href":"https:\/\/windenergietage.de\/2024\/wp-json\/wp\/v2\/comments?post=5518"}],"version-history":[{"count":2,"href":"https:\/\/windenergietage.de\/2024\/wp-json\/wp\/v2\/pages\/5518\/revisions"}],"predecessor-version":[{"id":5708,"href":"https:\/\/windenergietage.de\/2024\/wp-json\/wp\/v2\/pages\/5518\/revisions\/5708"}],"wp:attachment":[{"href":"https:\/\/windenergietage.de\/2024\/wp-json\/wp\/v2\/media?parent=5518"}],"curies":[{"name":"wp","href":"https:\/\/api.w.org\/{rel}","templated":true}]}}