{"id":544,"date":"2016-05-31T16:01:20","date_gmt":"2016-05-31T14:01:20","guid":{"rendered":"http:\/\/www.go-seminare.de\/?page_id=544"},"modified":"2025-10-17T21:39:42","modified_gmt":"2025-10-17T19:39:42","slug":"anmeldung","status":"publish","type":"page","link":"https:\/\/windenergietage.de\/2025\/anmeldung\/","title":{"rendered":"Anmeldung"},"content":{"rendered":"<p class=\"p1\">\n<p><span style=\"color: #ff0000\">Die Windenergietage 2025 im Kongresshotel Potsdam sind ausgebucht.<\/span><\/p>\n<p><span style=\"color: #ff0000\">Mit \u00fcber 4200 Teilnehmern sind wir bereits \u00fcberbucht und es wird somit auch aus organisatorischen Gr\u00fcnden keine Warteliste geben.<\/span><\/p>\n<p><span style=\"color: #ff0000\">Gerne k\u00f6nnen Sie sich bereits f\u00fcr die Windenergietage 2026 in Linstow anmelden:<\/span><br \/>\n<span style=\"color: #000080\"><strong><a style=\"color: #000080\" href=\"https:\/\/windenergietage.de\/2026\/anmeldung\/\" target=\"_blank\" rel=\"noopener\">Anmeldung Windenergietage 2026<\/a><\/strong><\/span><\/p>\n<p><span style=\"color: #ff0000\">Vielen Dank f\u00fcr ihr Verst\u00e4ndnis!<\/span><\/p>\n<div class=\"clear line\"><\/div>\n<p>*zzgl. MwSt<\/p>\n<p><strong style=\"font-size: 1.125em\">R\u00fccktritt:\u00a0<\/strong><br \/>\nF\u00fcr die Windenergietage 2025:<br \/>\nBitte haben Sie Verst\u00e4ndnis daf\u00fcr, dass wir Ihnen im Fall einer Abmeldung von der Veranstaltung (bitte nur schriftlich), bei Fernbleiben am Seminartag oder bei Abbruch der Teilnahme, unten genannte Kosten in Rechnung stellen. Gern begr\u00fc\u00dfen wir eine Ersatzperson. Ein \u00dcbertrag auf die Veranstaltung im folgenden Jahr ist nicht mehr m\u00f6glich.<\/p>\n<p>Stornokosten entstehen bis zum 12.09.2025 nicht (Bearbeitungsgeb\u00fchr von 55 EUR pro Rechnung, wird bei der Erstattung abgezogen)<\/p>\n<p>Stornierung vom 13.09. \u2013 10.10.2025 50 %<\/p>\n<p>Stornierung vom 11.10. \u2013 07.11.2025 80 %<\/p>\n<p>Stornierung ab 08.11.2025 100%<\/p>\n<p>Programm\u00e4nderungen aus dringendem Anlass (besonders Wind und Wetter) beh\u00e4lt sich der Veranstalter vor.<\/p>\n","protected":false},"excerpt":{"rendered":"<p>Die Windenergietage 2025 im Kongresshotel Potsdam sind ausgebucht. Mit \u00fcber 4200 Teilnehmern sind wir bereits \u00fcberbucht und es wird somit auch aus organisatorischen Gr\u00fcnden keine Warteliste geben. Gerne k\u00f6nnen Sie&#8230;<\/p>\n","protected":false},"author":1,"featured_media":0,"parent":0,"menu_order":15,"comment_status":"closed","ping_status":"closed","template":"","meta":{"_acf_changed":false,"footnotes":""},"class_list":["post-544","page","type-page","status-publish","hentry"],"acf":[],"_links":{"self":[{"href":"https:\/\/windenergietage.de\/2025\/wp-json\/wp\/v2\/pages\/544","targetHints":{"allow":["GET"]}}],"collection":[{"href":"https:\/\/windenergietage.de\/2025\/wp-json\/wp\/v2\/pages"}],"about":[{"href":"https:\/\/windenergietage.de\/2025\/wp-json\/wp\/v2\/types\/page"}],"author":[{"embeddable":true,"href":"https:\/\/windenergietage.de\/2025\/wp-json\/wp\/v2\/users\/1"}],"replies":[{"embeddable":true,"href":"https:\/\/windenergietage.de\/2025\/wp-json\/wp\/v2\/comments?post=544"}],"version-history":[{"count":6,"href":"https:\/\/windenergietage.de\/2025\/wp-json\/wp\/v2\/pages\/544\/revisions"}],"predecessor-version":[{"id":7268,"href":"https:\/\/windenergietage.de\/2025\/wp-json\/wp\/v2\/pages\/544\/revisions\/7268"}],"wp:attachment":[{"href":"https:\/\/windenergietage.de\/2025\/wp-json\/wp\/v2\/media?parent=544"}],"curies":[{"name":"wp","href":"https:\/\/api.w.org\/{rel}","templated":true}]}}