{"id":679,"date":"2016-09-19T13:08:53","date_gmt":"2016-09-19T11:08:53","guid":{"rendered":"http:\/\/www.windenergietage.de\/?page_id=679"},"modified":"2025-10-30T22:17:17","modified_gmt":"2025-10-30T21:17:17","slug":"unterstuetzerkatalog","status":"publish","type":"page","link":"https:\/\/windenergietage.de\/2025\/unterstuetzerkatalog\/","title":{"rendered":"Unterst\u00fctzer"},"content":{"rendered":"<h5><strong><a href=\"https:\/\/windenergietage.de\/2025\/wp-content\/uploads\/sites\/10\/2025\/10\/251006-Unterstuetzerkatalog-Potsdam-2025-komplett.pdf\" target=\"_blank\" rel=\"noopener\">UNTERST\u00dcTZERKSATALOG: IHRE W\u00dcNSCHE &#8211; ALLE M\u00d6GLICHKEITEN<\/a><\/strong><\/h5>\n<p>(Stand 30.10.2025)<\/p>\n<p><a href=\"https:\/\/windenergietage.de\/2025\/wp-content\/uploads\/sites\/10\/2025\/10\/251030-Unterstuetzerkatalog-Potsdam-2025-komplett.pdf\" target=\"_blank\" rel=\"noopener\"><img loading=\"lazy\" decoding=\"async\" class=\"alignnone wp-image-5768 size-large\" src=\"https:\/\/windenergietage.de\/2025\/wp-content\/uploads\/sites\/10\/2024\/11\/Preview-2025_Seite_01-1024x768.png\" alt=\"\" width=\"640\" height=\"480\" srcset=\"https:\/\/windenergietage.de\/2025\/wp-content\/uploads\/sites\/10\/2024\/11\/Preview-2025_Seite_01-1024x768.png 1024w, https:\/\/windenergietage.de\/2025\/wp-content\/uploads\/sites\/10\/2024\/11\/Preview-2025_Seite_01-300x225.png 300w, https:\/\/windenergietage.de\/2025\/wp-content\/uploads\/sites\/10\/2024\/11\/Preview-2025_Seite_01-768x576.png 768w, https:\/\/windenergietage.de\/2025\/wp-content\/uploads\/sites\/10\/2024\/11\/Preview-2025_Seite_01-1536x1152.png 1536w, https:\/\/windenergietage.de\/2025\/wp-content\/uploads\/sites\/10\/2024\/11\/Preview-2025_Seite_01-2048x1536.png 2048w\" sizes=\"auto, (max-width: 640px) 100vw, 640px\" \/><\/a><\/p>\n","protected":false},"excerpt":{"rendered":"<p>UNTERST\u00dcTZERKSATALOG: IHRE W\u00dcNSCHE &#8211; ALLE M\u00d6GLICHKEITEN (Stand 30.10.2025)<\/p>\n","protected":false},"author":1,"featured_media":0,"parent":0,"menu_order":0,"comment_status":"closed","ping_status":"closed","template":"","meta":{"_acf_changed":false,"footnotes":""},"class_list":["post-679","page","type-page","status-publish","hentry"],"acf":[],"_links":{"self":[{"href":"https:\/\/windenergietage.de\/2025\/wp-json\/wp\/v2\/pages\/679","targetHints":{"allow":["GET"]}}],"collection":[{"href":"https:\/\/windenergietage.de\/2025\/wp-json\/wp\/v2\/pages"}],"about":[{"href":"https:\/\/windenergietage.de\/2025\/wp-json\/wp\/v2\/types\/page"}],"author":[{"embeddable":true,"href":"https:\/\/windenergietage.de\/2025\/wp-json\/wp\/v2\/users\/1"}],"replies":[{"embeddable":true,"href":"https:\/\/windenergietage.de\/2025\/wp-json\/wp\/v2\/comments?post=679"}],"version-history":[{"count":86,"href":"https:\/\/windenergietage.de\/2025\/wp-json\/wp\/v2\/pages\/679\/revisions"}],"predecessor-version":[{"id":7548,"href":"https:\/\/windenergietage.de\/2025\/wp-json\/wp\/v2\/pages\/679\/revisions\/7548"}],"wp:attachment":[{"href":"https:\/\/windenergietage.de\/2025\/wp-json\/wp\/v2\/media?parent=679"}],"curies":[{"name":"wp","href":"https:\/\/api.w.org\/{rel}","templated":true}]}}