{"id":3530,"date":"2020-02-24T14:26:45","date_gmt":"2020-02-24T13:26:45","guid":{"rendered":"https:\/\/windenergietage.de\/2020\/?page_id=3530"},"modified":"2025-10-31T16:03:44","modified_gmt":"2025-10-31T15:03:44","slug":"downloads","status":"publish","type":"page","link":"https:\/\/windenergietage.de\/2026\/downloads\/","title":{"rendered":"Downloads"},"content":{"rendered":"<p>Das Logo der Windenergietage zum Download.<\/p>\n<p><img loading=\"lazy\" decoding=\"async\" class=\"alignnone wp-image-4774 size-medium\" src=\"https:\/\/windenergietage.de\/2024\/wp-content\/uploads\/sites\/9\/2023\/08\/Windenergietage_mit_Text_28_08_23-300x195.png\" alt=\"\" width=\"300\" height=\"195\" srcset=\"https:\/\/windenergietage.de\/2026\/wp-content\/uploads\/sites\/11\/2023\/08\/Windenergietage_mit_Text_28_08_23-300x195.png 300w, https:\/\/windenergietage.de\/2026\/wp-content\/uploads\/sites\/11\/2023\/08\/Windenergietage_mit_Text_28_08_23-768x499.png 768w, https:\/\/windenergietage.de\/2026\/wp-content\/uploads\/sites\/11\/2023\/08\/Windenergietage_mit_Text_28_08_23.png 1000w\" sizes=\"auto, (max-width: 300px) 100vw, 300px\" \/><\/p>\n<p><a href=\"https:\/\/windenergietage.de\/2024\/wp-content\/uploads\/sites\/9\/2023\/08\/Windenergietage_mit_Text_28_08_23.pdf\" target=\"_blank\" rel=\"noopener\">Logo, Format pdf<\/a><\/p>\n<p>Emailbanner ohne Stand<\/p>\n<p>Emailbanner mit Stand<\/p>\n<p><a href=\"https:\/\/windenergietage.de\/2026\/wp-content\/uploads\/sites\/11\/2025\/09\/Leitfaden_-Gestaltung_Forum_2026.pdf\" target=\"_blank\" rel=\"noopener\">Informationen f\u00fcr eigene Foren<\/a><\/p>\n<p><a href=\"https:\/\/windenergietage.de\/2026\/wp-content\/uploads\/sites\/11\/2025\/09\/Information_Vortragende_2026.pdf\" target=\"_blank\" rel=\"noopener\">Informationen f\u00fcr Vortr\u00e4ge<\/a><\/p>\n","protected":false},"excerpt":{"rendered":"<p>Das Logo der Windenergietage zum Download. Logo, Format pdf Emailbanner ohne Stand Emailbanner mit Stand Informationen f\u00fcr eigene Foren Informationen f\u00fcr Vortr\u00e4ge<\/p>\n","protected":false},"author":6,"featured_media":0,"parent":0,"menu_order":80,"comment_status":"closed","ping_status":"closed","template":"","meta":{"_acf_changed":false,"footnotes":""},"class_list":["post-3530","page","type-page","status-publish","hentry"],"acf":[],"_links":{"self":[{"href":"https:\/\/windenergietage.de\/2026\/wp-json\/wp\/v2\/pages\/3530","targetHints":{"allow":["GET"]}}],"collection":[{"href":"https:\/\/windenergietage.de\/2026\/wp-json\/wp\/v2\/pages"}],"about":[{"href":"https:\/\/windenergietage.de\/2026\/wp-json\/wp\/v2\/types\/page"}],"author":[{"embeddable":true,"href":"https:\/\/windenergietage.de\/2026\/wp-json\/wp\/v2\/users\/6"}],"replies":[{"embeddable":true,"href":"https:\/\/windenergietage.de\/2026\/wp-json\/wp\/v2\/comments?post=3530"}],"version-history":[{"count":4,"href":"https:\/\/windenergietage.de\/2026\/wp-json\/wp\/v2\/pages\/3530\/revisions"}],"predecessor-version":[{"id":5964,"href":"https:\/\/windenergietage.de\/2026\/wp-json\/wp\/v2\/pages\/3530\/revisions\/5964"}],"wp:attachment":[{"href":"https:\/\/windenergietage.de\/2026\/wp-json\/wp\/v2\/media?parent=3530"}],"curies":[{"name":"wp","href":"https:\/\/api.w.org\/{rel}","templated":true}]}}