{"id":4094,"date":"2022-06-14T16:51:16","date_gmt":"2022-06-14T14:51:16","guid":{"rendered":"https:\/\/windenergietage.de\/2022\/?page_id=4094"},"modified":"2025-10-31T16:03:33","modified_gmt":"2025-10-31T15:03:33","slug":"gastrofuehrer","status":"publish","type":"page","link":"https:\/\/windenergietage.de\/2026\/gastrofuehrer\/","title":{"rendered":"Gastrof\u00fchrer"},"content":{"rendered":"<p>Die \u00dcbersicht des kulinarischen Angebots w\u00e4hrend der Windenergietage 2026 in Linstow folgt einige Wochen vor der Veranstaltung.<\/p>\n<p>&nbsp;<\/p>\n<p>&nbsp;<\/p>\n","protected":false},"excerpt":{"rendered":"<p>Die \u00dcbersicht des kulinarischen Angebots w\u00e4hrend der Windenergietage 2026 in Linstow folgt einige Wochen vor der Veranstaltung. &nbsp; &nbsp;<\/p>\n","protected":false},"author":5,"featured_media":0,"parent":0,"menu_order":0,"comment_status":"closed","ping_status":"closed","template":"","meta":{"_acf_changed":false,"footnotes":""},"class_list":["post-4094","page","type-page","status-publish","hentry"],"acf":[],"_links":{"self":[{"href":"https:\/\/windenergietage.de\/2026\/wp-json\/wp\/v2\/pages\/4094","targetHints":{"allow":["GET"]}}],"collection":[{"href":"https:\/\/windenergietage.de\/2026\/wp-json\/wp\/v2\/pages"}],"about":[{"href":"https:\/\/windenergietage.de\/2026\/wp-json\/wp\/v2\/types\/page"}],"author":[{"embeddable":true,"href":"https:\/\/windenergietage.de\/2026\/wp-json\/wp\/v2\/users\/5"}],"replies":[{"embeddable":true,"href":"https:\/\/windenergietage.de\/2026\/wp-json\/wp\/v2\/comments?post=4094"}],"version-history":[{"count":2,"href":"https:\/\/windenergietage.de\/2026\/wp-json\/wp\/v2\/pages\/4094\/revisions"}],"predecessor-version":[{"id":5961,"href":"https:\/\/windenergietage.de\/2026\/wp-json\/wp\/v2\/pages\/4094\/revisions\/5961"}],"wp:attachment":[{"href":"https:\/\/windenergietage.de\/2026\/wp-json\/wp\/v2\/media?parent=4094"}],"curies":[{"name":"wp","href":"https:\/\/api.w.org\/{rel}","templated":true}]}}