{"id":544,"date":"2016-05-31T16:01:20","date_gmt":"2016-05-31T14:01:20","guid":{"rendered":"http:\/\/www.go-seminare.de\/?page_id=544"},"modified":"2026-02-09T15:41:22","modified_gmt":"2026-02-09T14:41:22","slug":"teilnahmen-und-stand-anmeldung","status":"publish","type":"page","link":"https:\/\/windenergietage.de\/2026\/teilnahmen-und-stand-anmeldung\/","title":{"rendered":"Teilnahmen und Stand Anmeldung"},"content":{"rendered":"<h5><strong><span style=\"color: #ff0000\">Fr\u00fchbucherrabatt bis 19.12.2025 10%, bis zum 30.06.2026 5%<\/span><\/strong><\/h5>\n<p>Hier k\u00f6nnen Sie Ihre Teilnahme f\u00fcr die Windenergietage 2026 in Linstow buchen.<\/p>\n<p>Daf\u00fcr geben Sie einfach die gew\u00fcnschte Anzahl Teilnahmen f\u00fcr die gew\u00fcnschten Tage ein.<br \/>\nDie Teilnahme beinhaltet immer alle Foren sowie Getr\u00e4nke und Speisen w\u00e4hrend des gebuchten Tages.<br \/>\nBei Buchung eines Standplatzes ist keine Teilnahme enthalten, diese m\u00fcssen immer zus\u00e4tzlich gebucht werden.<\/p>\n<h5><span style=\"color: #ff0000\">Bitte beachten Sie, dass es ab 2026 keine geteilten Tickets mehr geben wird und f\u00fcr jeden Teilnehmer ein eigenes Ticket gebucht werden muss.<\/span><\/h5>\n<h5><span style=\"color: #ff0000\">Vielen Dank f\u00fcr Ihr Verst\u00e4ndnis.<\/span><\/h5>\n\n<div class=\"wpcf7 no-js\" id=\"wpcf7-f1178-o1\" lang=\"de-DE\" dir=\"ltr\" data-wpcf7-id=\"1178\">\n<div class=\"screen-reader-response\"><p role=\"status\" aria-live=\"polite\" aria-atomic=\"true\"><\/p> <ul><\/ul><\/div>\n<form action=\"\/2026\/wp-json\/wp\/v2\/pages\/544#wpcf7-f1178-o1\" method=\"post\" class=\"wpcf7-form init\" aria-label=\"Kontaktformular\" novalidate=\"novalidate\" data-status=\"init\">\n<fieldset class=\"hidden-fields-container\"><input type=\"hidden\" name=\"_wpcf7\" value=\"1178\" \/><input type=\"hidden\" name=\"_wpcf7_version\" value=\"6.1.5\" \/><input type=\"hidden\" name=\"_wpcf7_locale\" value=\"de_DE\" \/><input type=\"hidden\" name=\"_wpcf7_unit_tag\" value=\"wpcf7-f1178-o1\" \/><input type=\"hidden\" name=\"_wpcf7_container_post\" value=\"0\" \/><input type=\"hidden\" name=\"_wpcf7_posted_data_hash\" value=\"\" \/>\n<\/fieldset>\n<p>Titel:\n<\/p>\n<p><span class=\"wpcf7-form-control-wrap\" data-name=\"reg-title\"><input size=\"40\" maxlength=\"400\" class=\"wpcf7-form-control wpcf7-text\" aria-invalid=\"false\" value=\"\" type=\"text\" name=\"reg-title\" \/><\/span>\n<\/p>\n<p>Vorname: (Pflichtfeld)\n<\/p>\n<p><span class=\"wpcf7-form-control-wrap\" data-name=\"reg-firstname\"><input size=\"40\" maxlength=\"400\" class=\"wpcf7-form-control wpcf7-text wpcf7-validates-as-required\" aria-required=\"true\" aria-invalid=\"false\" value=\"\" type=\"text\" name=\"reg-firstname\" \/><\/span>\n<\/p>\n<p>Nachname: (Pflichtfeld)\n<\/p>\n<p><span class=\"wpcf7-form-control-wrap\" data-name=\"reg-name\"><input size=\"40\" maxlength=\"400\" class=\"wpcf7-form-control wpcf7-text wpcf7-validates-as-required\" aria-required=\"true\" aria-invalid=\"false\" value=\"\" type=\"text\" name=\"reg-name\" \/><\/span>\n<\/p>\n<p>Unternehmen: (Pflichtfeld)\n<\/p>\n<p><span class=\"wpcf7-form-control-wrap\" data-name=\"reg-company\"><input size=\"40\" maxlength=\"400\" class=\"wpcf7-form-control wpcf7-text wpcf7-validates-as-required\" aria-required=\"true\" aria-invalid=\"false\" value=\"\" type=\"text\" name=\"reg-company\" \/><\/span>\n<\/p>\n<p>Stra\u00dfe: (Pflichtfeld)\n<\/p>\n<p><span class=\"wpcf7-form-control-wrap\" data-name=\"reg-street\"><input size=\"40\" maxlength=\"400\" class=\"wpcf7-form-control wpcf7-text wpcf7-validates-as-required\" aria-required=\"true\" aria-invalid=\"false\" value=\"\" type=\"text\" name=\"reg-street\" \/><\/span>\n<\/p>\n<p>PLZ \u00b7 Ort: (Pflichtfeld)\n<\/p>\n<p><span class=\"wpcf7-form-control-wrap\" data-name=\"reg-town\"><input size=\"40\" maxlength=\"400\" class=\"wpcf7-form-control wpcf7-text wpcf7-validates-as-required\" aria-required=\"true\" aria-invalid=\"false\" value=\"\" type=\"text\" name=\"reg-town\" \/><\/span>\n<\/p>\n<p>Telefon:\n<\/p>\n<p><span class=\"wpcf7-form-control-wrap\" data-name=\"reg-phone\"><input size=\"40\" maxlength=\"400\" class=\"wpcf7-form-control wpcf7-text\" aria-invalid=\"false\" value=\"\" type=\"text\" name=\"reg-phone\" \/><\/span>\n<\/p>\n<p>E-Mail-Adresse: (Pflichtfeld)\n<\/p>\n<p><span class=\"wpcf7-form-control-wrap\" data-name=\"reg-email\"><input size=\"40\" maxlength=\"400\" class=\"wpcf7-form-control wpcf7-email wpcf7-validates-as-required wpcf7-text wpcf7-validates-as-email\" aria-required=\"true\" aria-invalid=\"false\" value=\"\" type=\"email\" name=\"reg-email\" \/><\/span>\n<\/p>\n<p>Andere Rechnungsanschrift:\n<\/p>\n<p><span class=\"wpcf7-form-control-wrap\" data-name=\"alt-reg-invoice\"><textarea cols=\"40\" rows=\"10\" maxlength=\"2000\" class=\"wpcf7-form-control wpcf7-textarea\" aria-invalid=\"false\" name=\"alt-reg-invoice\"><\/textarea><\/span>\n<\/p>\n<p>Rechnungs-Mailadresse:\n<\/p>\n<p><span class=\"wpcf7-form-control-wrap\" data-name=\"reg-mail\"><input size=\"40\" maxlength=\"400\" class=\"wpcf7-form-control wpcf7-email wpcf7-text wpcf7-validates-as-email\" aria-invalid=\"false\" value=\"\" type=\"email\" name=\"reg-mail\" \/><\/span>\n<\/p>\n<div class=\"clear line\">\n<\/div>\n<p><strong>Bei Anmeldung von f\u00fcnf Personen einer Firma je Anmeldung ist die Teilnahme der f\u00fcnften Person kostenfrei, ebenso die der 10. Person usw., gilt nur f\u00fcr Vollzahler von 685 \u20ac.<\/strong>\n<\/p>\n<p class=\"number-field\"><span class=\"wpcf7-form-control-wrap\" data-name=\"reg-number-opt1\"><input class=\"wpcf7-form-control wpcf7-number wpcf7-validates-as-number\" min=\"0\" max=\"99\" aria-invalid=\"false\" value=\"0\" type=\"number\" name=\"reg-number-opt1\" \/><\/span>Teilnahme vom 10. - 12. November 2026 \u2013 pro Person 685 \u20ac*\n<\/p>\n<p class=\"number-field\"><span class=\"wpcf7-form-control-wrap\" data-name=\"reg-number-opt2\"><input class=\"wpcf7-form-control wpcf7-number wpcf7-validates-as-number\" min=\"0\" max=\"99\" aria-invalid=\"false\" value=\"0\" type=\"number\" name=\"reg-number-opt2\" \/><\/span>Teilnahme am 10. November 2026 \u2013 pro Person 355 \u20ac*\n<\/p>\n<p class=\"number-field\"><span class=\"wpcf7-form-control-wrap\" data-name=\"reg-number-opt3\"><input class=\"wpcf7-form-control wpcf7-number wpcf7-validates-as-number\" min=\"0\" max=\"99\" aria-invalid=\"false\" value=\"0\" type=\"number\" name=\"reg-number-opt3\" \/><\/span>Teilnahme am 11. November 2026 \u2013 pro Person 585 \u20ac*\n<\/p>\n<p class=\"number-field\"><span class=\"wpcf7-form-control-wrap\" data-name=\"reg-number-opt4\"><input class=\"wpcf7-form-control wpcf7-number wpcf7-validates-as-number\" min=\"0\" max=\"99\" aria-invalid=\"false\" value=\"0\" type=\"number\" name=\"reg-number-opt4\" \/><\/span>Teilnahme am 12. November 2026 \u2013 355 \u20ac*\n<\/p>\n<div class=\"clear line\">\n<\/div>\n<p><strong>Die Standpreise beinhalten jeweils einen Stehtisch und 2 Barhocker, sowie Strom. Am 11.11. k\u00f6nnen Sie den Besuchern gern ein Themengetr\u00e4nk aus Ihrer Region (alkoholisch oder alkoholfrei) an Ihrem Stand anbieten. Wir freuen uns, wenn Sie unsere GEWINNSPIELE mit Werbegeschenken unterst\u00fctzen!<\/strong>\n<\/p>\n<p><span class=\"wpcf7-form-control-wrap\" data-name=\"reg-booth\"><span class=\"wpcf7-form-control wpcf7-checkbox\"><span class=\"wpcf7-list-item first\"><input type=\"checkbox\" name=\"reg-booth[]\" value=\"Stand im Rahmen der begleitenden Ausstellung 3,5 x 2 m 10.-12.11. \u2013 495 \u20ac*\" \/><span class=\"wpcf7-list-item-label\">Stand im Rahmen der begleitenden Ausstellung 3,5 x 2 m 10.-12.11. \u2013 495 \u20ac*<\/span><\/span><span class=\"wpcf7-list-item last\"><input type=\"checkbox\" name=\"reg-booth[]\" value=\"Stand im Rahmen der begleitenden Ausstellung 2 x 2 m 10.-12.11 \u2013 295 \u20ac*\" \/><span class=\"wpcf7-list-item-label\">Stand im Rahmen der begleitenden Ausstellung 2 x 2 m 10.-12.11 \u2013 295 \u20ac*<\/span><\/span><\/span><\/span>\n<\/p>\n<div class=\"clear line\">\n<\/div>\n<p><span class=\"wpcf7-form-control-wrap\" data-name=\"reg-supporter\"><span class=\"wpcf7-form-control wpcf7-checkbox\"><span class=\"wpcf7-list-item first last\"><input type=\"checkbox\" name=\"reg-supporter[]\" value=\"Interesse an Unterst\u00fctzung der Veranstaltung\" \/><span class=\"wpcf7-list-item-label\">Interesse an Unterst\u00fctzung der Veranstaltung<\/span><\/span><\/span><\/span>\n<\/p>\n<p>Vorschlag f\u00fcr Unterst\u00fctzung:\n<\/p>\n<p><span class=\"wpcf7-form-control-wrap\" data-name=\"reg-idea\"><input size=\"40\" maxlength=\"400\" class=\"wpcf7-form-control wpcf7-text\" aria-invalid=\"false\" value=\"\" type=\"text\" name=\"reg-idea\" \/><\/span>\n<\/p>\n<div class=\"clear line\">\n<\/div>\n<p>Namen der Teilnehmer (inklusive Mailadressen), falls schon bekannt (sollten sp\u00e4testens bis zum 23.10.2026 nachgereicht werden):\n<\/p>\n<p><span class=\"wpcf7-form-control-wrap\" data-name=\"reg-tn\"><textarea cols=\"40\" rows=\"10\" maxlength=\"2000\" class=\"wpcf7-form-control wpcf7-textarea\" aria-invalid=\"false\" name=\"reg-tn\"><\/textarea><\/span>\n<\/p>\n<div class=\"clear line\">\n<\/div>\n<p>Weitere Nachricht:\n<\/p>\n<p><span class=\"wpcf7-form-control-wrap\" data-name=\"reg-message\"><textarea cols=\"40\" rows=\"10\" maxlength=\"2000\" class=\"wpcf7-form-control wpcf7-textarea\" aria-invalid=\"false\" name=\"reg-message\"><\/textarea><\/span>\n<\/p>\n<div class=\"clear line\">\n<\/div>\n<p><strong>Wichtig: Aufgrund der DSGVO bitten wir um Freigabe folgender Daten f\u00fcr unsere \u00f6ffentliche Teilnehmerliste<\/strong>\n<\/p>\n<p><span class=\"wpcf7-form-control-wrap\" data-name=\"reg-attendee-list1\"><span class=\"wpcf7-form-control wpcf7-checkbox\"><span class=\"wpcf7-list-item first last\"><input type=\"checkbox\" name=\"reg-attendee-list1[]\" value=\"Ich bin mit der Aufnahme des Firmennamens in die Teilnehmerliste einverstanden\" \/><span class=\"wpcf7-list-item-label\">Ich bin mit der Aufnahme des Firmennamens in die Teilnehmerliste einverstanden<\/span><\/span><\/span><\/span>\n<\/p>\n<p><span class=\"wpcf7-form-control-wrap\" data-name=\"reg-attendee-list2\"><span class=\"wpcf7-form-control wpcf7-checkbox\"><span class=\"wpcf7-list-item first last\"><input type=\"checkbox\" name=\"reg-attendee-list2[]\" value=\"Ich bin mit der Aufnahme meines Namens in die Teilnehmerliste einverstanden\" \/><span class=\"wpcf7-list-item-label\">Ich bin mit der Aufnahme meines Namens in die Teilnehmerliste einverstanden<\/span><\/span><\/span><\/span>\n<\/p>\n<div class=\"clear line\">\n<\/div>\n<div class=\"web-visible\">\n\t<p>Mit dem Absenden der Anmeldung akzeptiere ich die Allgemeinen Gesch\u00e4ftsbedingungen der Firma Spreewind GmbH.\n\t<\/p>\n\t<div class=\"clear line\">\n\t<\/div>\n\t<p><span class=\"wpcf7-form-control-wrap\" data-name=\"acceptance-539\"><span class=\"wpcf7-form-control wpcf7-acceptance\"><span class=\"wpcf7-list-item\"><label><input type=\"checkbox\" name=\"acceptance-539\" value=\"1\" aria-invalid=\"false\" \/><span class=\"wpcf7-list-item-label\">Mit der Nutzung dieses Formulars erkl\u00e4ren Sie sich mit der Speicherung und Verarbeitung Ihrer Daten durch diese Website einverstanden. <a target=\"_blank\" href=\"https:\/\/windenergietage.de\/2020\/datenschutz\/\">Datenschutzerkl\u00e4rung<\/a><\/span><\/label><\/span><\/span><\/span>\n\t<\/p>\n\t<div class=\"clear divider-10\">\n\t<\/div>\n\t<p><p><span class=\"wpcf7-form-control-wrap\"><input type=\"hidden\" name=\"php_start_time\" value=\"1775300289.957\" \/><input type=\"hidden\" name=\"js_end_time\" class=\"js_end_time\" value=\"\" \/><input type=\"hidden\" name=\"js_start_time\" class=\"js_start_time\" value=\"\" \/><div class=\"f12t\"><input type=\"hidden\" class=\"f12_timer\" name=\"f12_timer\" value=\"$2y$12$xRol5nGB7tdSX7yKnT21VeG8D3KkR9w6XoEEbFT4KVdLng7NyhK0.\"\/><\/div><input id=\"f12_captcha\" type=\"text\" style=\"visibility:hidden!important; opacity:1!important; height:0!important; width:0!important; margin:0!important; padding:0!important;\" name=\"f12_captcha\" value=\"\"\/><input type=\"hidden\" name=\"behavior_nonce\" value=\"\" \/><script>\r\n(function(){\r\n\tvar el = document.currentScript;\r\n\tif (!el) return;\r\n\tvar form = el.closest(\"form\");\r\n\tif (!form || form.dataset.ssInit === \"1\") return;\r\n\tform.dataset.ssInit = \"1\";\r\n\tform.dataset.ssMode = \"protect\";\r\n\tform.dataset.ssSource = \"rule\";\r\n})();\r\n<\/script><\/span><\/p><input class=\"wpcf7-form-control wpcf7-submit has-spinner\" type=\"submit\" value=\"Anmeldung absenden\" \/>\n\t<\/p>\n<\/div>\n<div class=\"print-visible\">\n\t<p>Mit meiner Unterschrift akzeptiere ich die Allgemeinen Gesch\u00e4ftsbedingungen der Firma Spreewind GmbH.\n\t<\/p>\n\t<div class=\"clear divider-10\">\n\t<\/div>\n\t<div class=\"clear divider-20\">\n\t<\/div>\n\t<div class=\"col-2 col-left\">\n\t\t<p><strong>Datum<\/strong>\n\t\t<\/p>\n\t<\/div>\n\t<div class=\"col-2 col-right\">\n\t\t<p><strong>Unterschrift<\/strong>\n\t\t<\/p>\n\t<\/div>\n\t<div class=\"clear\">\n\t<\/div>\n<\/div><div class=\"wpcf7-response-output\" aria-hidden=\"true\"><\/div>\n<\/form>\n<\/div>\n\n<div class=\"clear line\"><\/div>\n<p>*zzgl. MwSt<\/p>\n<p><strong><u>R\u00fccktrittskonditionen f\u00fcr die Windenergietage 2026:<\/u><\/strong><\/p>\n<p>Sollte die Veranstaltung auf Grund von beh\u00f6rdlichen Anordnungen nicht stattfinden k\u00f6nnen, entstehen keine Stornokosten.<\/p>\n<p>Bitte haben Sie Verst\u00e4ndnis dafu\u0308r, dass wir Ihnen im Fall einer Abmeldung von der Veranstaltung (bitte nur schriftlich), bei Fernbleiben am Seminartag oder bei Abbruch der Teilnahme, untenstehende Kosten in Rechnung stellen.<\/p>\n<p>Stornokosten entstehen bis zum 04.09.2026 nicht.Bei allen Stornierungen der bereits in Rechnung gestellten Positionen, berechnen wir eine <strong>Bearbeitungsgeb\u00fchr<\/strong> von <strong>55 EUR <\/strong>pro Gutschrift.<\/p>\n<p><strong><u>Stornierungskosten:<\/u><\/strong><\/p>\n<p class=\"p1\"><i>Stornierung vom 05.09. &#8211; 02.10.2026&#8230;&#8230;&#8230;.50 % Stornokosten + Bearbeitungsgebu\u0308hr<\/i><\/p>\n<p class=\"p1\"><i>Stornierung vom 03.10. &#8211; 30.10.2026&#8230;&#8230;&#8230;.80 % Stornokosten + Bearbeitungsgebu\u0308hr<\/i><\/p>\n<p class=\"p1\"><i>Stornierung ab dem 31.10.2026&#8230;&#8230;&#8230;&#8230;&#8230;..100 % Stornokosten + Bearbeitungsgebu\u0308hr<\/i><\/p>\n<p><strong>Ab den 31. Oktober 2026<\/strong>\u00a0sind f\u00fcr stornierte Positionen leider <strong>keine Erstattungen<\/strong> mehr m\u00f6glich.<\/p>\n<ul>\n<li>Gern begr\u00fc\u00dfen wir <u>eine<\/u> Ersatzperson anstelle der Stornierung einer Teilnahme.<br \/>\n(Bitte melden Sie uns den Namen der Ersatzperson so bald wie m\u00f6glich.)<\/li>\n<li>Ein \u00dcbertrag der Teilnahme auf eine Folgeveranstaltung ist <u>nicht<\/u> m\u00f6glich.<\/li>\n<\/ul>\n<p>Programm\u00e4nderungen aus dringendem Anlass (besonders Wind und Wetter) beh\u00e4lt sich der Veranstalter vor. Datenschutz: Spreewind nimmt den Schutz Ihrer pers\u00f6nlichen Daten sehr ernst. Wir behandeln Ihre pers\u00f6nlichen Daten vertraulich und entsprechend der gesetzlichen Datenschutzvorschriften.<\/p>\n","protected":false},"excerpt":{"rendered":"<p>Fr\u00fchbucherrabatt bis 19.12.2025 10%, bis zum 30.06.2026 5% Hier k\u00f6nnen Sie Ihre Teilnahme f\u00fcr die Windenergietage 2026 in Linstow buchen. Daf\u00fcr geben Sie einfach die gew\u00fcnschte Anzahl Teilnahmen f\u00fcr die&#8230;<\/p>\n","protected":false},"author":1,"featured_media":0,"parent":0,"menu_order":15,"comment_status":"closed","ping_status":"closed","template":"","meta":{"_acf_changed":false,"footnotes":""},"class_list":["post-544","page","type-page","status-publish","hentry"],"acf":[],"_links":{"self":[{"href":"https:\/\/windenergietage.de\/2026\/wp-json\/wp\/v2\/pages\/544","targetHints":{"allow":["GET"]}}],"collection":[{"href":"https:\/\/windenergietage.de\/2026\/wp-json\/wp\/v2\/pages"}],"about":[{"href":"https:\/\/windenergietage.de\/2026\/wp-json\/wp\/v2\/types\/page"}],"author":[{"embeddable":true,"href":"https:\/\/windenergietage.de\/2026\/wp-json\/wp\/v2\/users\/1"}],"replies":[{"embeddable":true,"href":"https:\/\/windenergietage.de\/2026\/wp-json\/wp\/v2\/comments?post=544"}],"version-history":[{"count":11,"href":"https:\/\/windenergietage.de\/2026\/wp-json\/wp\/v2\/pages\/544\/revisions"}],"predecessor-version":[{"id":6148,"href":"https:\/\/windenergietage.de\/2026\/wp-json\/wp\/v2\/pages\/544\/revisions\/6148"}],"wp:attachment":[{"href":"https:\/\/windenergietage.de\/2026\/wp-json\/wp\/v2\/media?parent=544"}],"curies":[{"name":"wp","href":"https:\/\/api.w.org\/{rel}","templated":true}]}}