{"id":6002,"date":"2025-12-08T14:20:43","date_gmt":"2025-12-08T13:20:43","guid":{"rendered":"https:\/\/windenergietage.de\/2026\/?page_id=6002"},"modified":"2025-12-08T14:22:26","modified_gmt":"2025-12-08T13:22:26","slug":"anmeldungen","status":"publish","type":"page","link":"https:\/\/windenergietage.de\/2026\/anmeldungen\/","title":{"rendered":"Anmeldungen"},"content":{"rendered":"<p>Hier finden Sie sowohl das Anmeldeformular f\u00fcr Teilnahmen und Stand als auch das Anmeldeformular f\u00fcr Vortr\u00e4ge und Foren.<\/p>\n<p>Diese m\u00fcssen bitte bei Bedarf separat ausgef\u00fcllt werden.<\/p>\n<p>Vielen Dank!<\/p>\n<p><a href=\"https:\/\/windenergietage.de\/2026\/teilnahmen-und-stand-anmeldung\/\" target=\"_blank\" rel=\"noopener\"><strong>Teilnahmen &amp; Stand Anmeldung<\/strong><\/a><\/p>\n<p><a href=\"https:\/\/windenergietage.de\/2026\/vortraege-und-foren-anmeldung\/\" target=\"_blank\" rel=\"noopener\"><strong>Foren &amp; Vortr\u00e4ge Anmeldung<\/strong><\/a><\/p>\n","protected":false},"excerpt":{"rendered":"<p>Hier finden Sie sowohl das Anmeldeformular f\u00fcr Teilnahmen und Stand als auch das Anmeldeformular f\u00fcr Vortr\u00e4ge und Foren. Diese m\u00fcssen bitte bei Bedarf separat ausgef\u00fcllt werden. Vielen Dank! Teilnahmen &amp;&#8230;<\/p>\n","protected":false},"author":5,"featured_media":0,"parent":0,"menu_order":0,"comment_status":"closed","ping_status":"closed","template":"","meta":{"_acf_changed":false,"footnotes":""},"class_list":["post-6002","page","type-page","status-publish","hentry"],"acf":[],"_links":{"self":[{"href":"https:\/\/windenergietage.de\/2026\/wp-json\/wp\/v2\/pages\/6002","targetHints":{"allow":["GET"]}}],"collection":[{"href":"https:\/\/windenergietage.de\/2026\/wp-json\/wp\/v2\/pages"}],"about":[{"href":"https:\/\/windenergietage.de\/2026\/wp-json\/wp\/v2\/types\/page"}],"author":[{"embeddable":true,"href":"https:\/\/windenergietage.de\/2026\/wp-json\/wp\/v2\/users\/5"}],"replies":[{"embeddable":true,"href":"https:\/\/windenergietage.de\/2026\/wp-json\/wp\/v2\/comments?post=6002"}],"version-history":[{"count":4,"href":"https:\/\/windenergietage.de\/2026\/wp-json\/wp\/v2\/pages\/6002\/revisions"}],"predecessor-version":[{"id":6057,"href":"https:\/\/windenergietage.de\/2026\/wp-json\/wp\/v2\/pages\/6002\/revisions\/6057"}],"wp:attachment":[{"href":"https:\/\/windenergietage.de\/2026\/wp-json\/wp\/v2\/media?parent=6002"}],"curies":[{"name":"wp","href":"https:\/\/api.w.org\/{rel}","templated":true}]}}