{"id":6004,"date":"2025-12-08T14:05:32","date_gmt":"2025-12-08T13:05:32","guid":{"rendered":"https:\/\/windenergietage.de\/2026\/?page_id=6004"},"modified":"2025-12-08T14:21:01","modified_gmt":"2025-12-08T13:21:01","slug":"vortraege-und-foren-anmeldung","status":"publish","type":"page","link":"https:\/\/windenergietage.de\/2026\/vortraege-und-foren-anmeldung\/","title":{"rendered":"Vortr\u00e4ge und Foren Anmeldung"},"content":{"rendered":"<p>Hier k\u00f6nnen Sie Ihre Vortrags- und Forumsw\u00fcnsche eintragen.<\/p>\n<p>Wir haben Ihnen vorab schon mal die wichtigsten Informationen zusammengestellt:<\/p>\n<p><strong><a href=\"https:\/\/windenergietage.de\/2026\/wp-content\/uploads\/sites\/11\/2025\/09\/Information_Vortragende_2026.pdf\" target=\"_blank\" rel=\"noopener\">Information f\u00fcr Vortr\u00e4ge<\/a><\/strong><\/p>\n<p><a href=\"https:\/\/windenergietage.de\/2026\/wp-content\/uploads\/sites\/11\/2025\/09\/Leitfaden_-Gestaltung_Forum_2026.pdf\" target=\"_blank\" rel=\"noopener\"><strong>Information f\u00fcr Foren<\/strong><\/a><\/p>\n<p><span style=\"color: #ff0000\">Zus\u00e4tzlich zu dieser Anmeldung m\u00fcssen die Referenten, falls nicht schon erledigt, auch \u00fcber das Teilnahmeformular angemeldet werden!<\/span><\/p>\n\n<div class=\"wpcf7 no-js\" id=\"wpcf7-f6006-o1\" lang=\"de-DE\" dir=\"ltr\" data-wpcf7-id=\"6006\">\n<div class=\"screen-reader-response\"><p role=\"status\" aria-live=\"polite\" aria-atomic=\"true\"><\/p> <ul><\/ul><\/div>\n<form action=\"\/2026\/wp-json\/wp\/v2\/pages\/6004#wpcf7-f6006-o1\" method=\"post\" class=\"wpcf7-form init\" aria-label=\"Kontaktformular\" novalidate=\"novalidate\" data-status=\"init\">\n<fieldset class=\"hidden-fields-container\"><input type=\"hidden\" name=\"_wpcf7\" value=\"6006\" \/><input type=\"hidden\" name=\"_wpcf7_version\" value=\"6.1.5\" \/><input type=\"hidden\" name=\"_wpcf7_locale\" value=\"de_DE\" \/><input type=\"hidden\" name=\"_wpcf7_unit_tag\" value=\"wpcf7-f6006-o1\" \/><input type=\"hidden\" name=\"_wpcf7_container_post\" value=\"0\" \/><input type=\"hidden\" name=\"_wpcf7_posted_data_hash\" value=\"\" \/>\n<\/fieldset>\n<p>Titel:\n<\/p>\n<p><span class=\"wpcf7-form-control-wrap\" data-name=\"reg-title\"><input size=\"40\" maxlength=\"400\" class=\"wpcf7-form-control wpcf7-text\" aria-invalid=\"false\" value=\"\" type=\"text\" name=\"reg-title\" \/><\/span>\n<\/p>\n<p>Vorname: (Pflichtfeld)\n<\/p>\n<p><span class=\"wpcf7-form-control-wrap\" data-name=\"reg-firstname\"><input size=\"40\" maxlength=\"400\" class=\"wpcf7-form-control wpcf7-text wpcf7-validates-as-required\" aria-required=\"true\" aria-invalid=\"false\" value=\"\" type=\"text\" name=\"reg-firstname\" \/><\/span>\n<\/p>\n<p>Nachname: (Pflichtfeld)\n<\/p>\n<p><span class=\"wpcf7-form-control-wrap\" data-name=\"reg-name\"><input size=\"40\" maxlength=\"400\" class=\"wpcf7-form-control wpcf7-text wpcf7-validates-as-required\" aria-required=\"true\" aria-invalid=\"false\" value=\"\" type=\"text\" name=\"reg-name\" \/><\/span>\n<\/p>\n<p>Unternehmen: (Pflichtfeld)\n<\/p>\n<p><span class=\"wpcf7-form-control-wrap\" data-name=\"reg-company\"><input size=\"40\" maxlength=\"400\" class=\"wpcf7-form-control wpcf7-text wpcf7-validates-as-required\" aria-required=\"true\" aria-invalid=\"false\" value=\"\" type=\"text\" name=\"reg-company\" \/><\/span>\n<\/p>\n<p>Telefon:\n<\/p>\n<p><span class=\"wpcf7-form-control-wrap\" data-name=\"reg-phone\"><input size=\"40\" maxlength=\"400\" class=\"wpcf7-form-control wpcf7-text\" aria-invalid=\"false\" value=\"\" type=\"text\" name=\"reg-phone\" \/><\/span>\n<\/p>\n<p>E-Mail-Adresse: (Pflichtfeld)\n<\/p>\n<p><span class=\"wpcf7-form-control-wrap\" data-name=\"reg-email\"><input size=\"40\" maxlength=\"400\" class=\"wpcf7-form-control wpcf7-email wpcf7-validates-as-required wpcf7-text wpcf7-validates-as-email\" aria-required=\"true\" aria-invalid=\"false\" value=\"\" type=\"email\" name=\"reg-email\" \/><\/span>\n<\/p>\n<div class=\"clear line\">\n<\/div>\n<p><strong>Forum<\/strong>\n<\/p>\n<p>Titel\/Thema Forum:\n<\/p>\n<p><span class=\"wpcf7-form-control-wrap\" data-name=\"for-topic\"><input size=\"40\" maxlength=\"400\" class=\"wpcf7-form-control wpcf7-text\" aria-invalid=\"false\" value=\"\" type=\"text\" name=\"for-topic\" \/><\/span>\n<\/p>\n<p><span class=\"wpcf7-form-control-wrap\" data-name=\"reg-forum1\"><span class=\"wpcf7-form-control wpcf7-checkbox\"><span class=\"wpcf7-list-item first last\"><input type=\"checkbox\" name=\"reg-forum1[]\" value=\"Forum am 10. November 2026 von 17 - 19 Uhr\" \/><span class=\"wpcf7-list-item-label\">Forum am 10. November 2026 von 17 - 19 Uhr<\/span><\/span><\/span><\/span>\n<\/p>\n<p><span class=\"wpcf7-form-control-wrap\" data-name=\"reg-forum2\"><span class=\"wpcf7-form-control wpcf7-checkbox\"><span class=\"wpcf7-list-item first last\"><input type=\"checkbox\" name=\"reg-forum2[]\" value=\"Forum am 11. November 2026 von 9:30 - 18 Uhr\" \/><span class=\"wpcf7-list-item-label\">Forum am 11. November 2026 von 9:30 - 18 Uhr<\/span><\/span><\/span><\/span>\n<\/p>\n<p><span class=\"wpcf7-form-control-wrap\" data-name=\"reg-Forum2-1\"><span class=\"wpcf7-form-control wpcf7-checkbox\"><span class=\"wpcf7-list-item first last\"><input type=\"checkbox\" name=\"reg-Forum2-1[]\" value=\"Forum am 11. November 2026 von 9:30 - max. 13:30 Uhr\" \/><span class=\"wpcf7-list-item-label\">Forum am 11. November 2026 von 9:30 - max. 13:30 Uhr<\/span><\/span><\/span><\/span>\n<\/p>\n<p><span class=\"wpcf7-form-control-wrap\" data-name=\"reg-Forum2-2\"><span class=\"wpcf7-form-control wpcf7-checkbox\"><span class=\"wpcf7-list-item first last\"><input type=\"checkbox\" name=\"reg-Forum2-2[]\" value=\"Forum am 11. November 2026 von 14 - 18 Uhr\" \/><span class=\"wpcf7-list-item-label\">Forum am 11. November 2026 von 14 - 18 Uhr<\/span><\/span><\/span><\/span>\n<\/p>\n<p><span class=\"wpcf7-form-control-wrap\" data-name=\"reg-Forum3\"><span class=\"wpcf7-form-control wpcf7-checkbox\"><span class=\"wpcf7-list-item first last\"><input type=\"checkbox\" name=\"reg-Forum3[]\" value=\"Forum am 12. November 2026 von 9:30 - max. 13 Uhr\" \/><span class=\"wpcf7-list-item-label\">Forum am 12. November 2026 von 9:30 - max. 13 Uhr<\/span><\/span><\/span><\/span>\n<\/p>\n<p>Ben\u00f6tigte Materialien:\n<\/p>\n<p><span class=\"wpcf7-form-control-wrap\" data-name=\"lecternf\"><span class=\"wpcf7-form-control wpcf7-checkbox\"><span class=\"wpcf7-list-item first last\"><input type=\"checkbox\" name=\"lecternf[]\" value=\"Rednerpult\" \/><span class=\"wpcf7-list-item-label\">Rednerpult<\/span><\/span><\/span><\/span>\n<\/p>\n<p><span class=\"wpcf7-form-control-wrap\" data-name=\"flipf\"><span class=\"wpcf7-form-control wpcf7-checkbox\"><span class=\"wpcf7-list-item first last\"><input type=\"checkbox\" name=\"flipf[]\" value=\"Flipchart\" \/><span class=\"wpcf7-list-item-label\">Flipchart<\/span><\/span><\/span><\/span>\n<\/p>\n<p><span class=\"wpcf7-form-control-wrap\" data-name=\"pinf\"><span class=\"wpcf7-form-control wpcf7-checkbox\"><span class=\"wpcf7-list-item first last\"><input type=\"checkbox\" name=\"pinf[]\" value=\"Pinwand\" \/><span class=\"wpcf7-list-item-label\">Pinwand<\/span><\/span><\/span><\/span>\n<\/p>\n<p>sonstiges:\n<\/p>\n<p><span class=\"wpcf7-form-control-wrap\" data-name=\"divf\"><input size=\"40\" maxlength=\"400\" class=\"wpcf7-form-control wpcf7-text\" aria-invalid=\"false\" value=\"\" type=\"text\" name=\"divf\" \/><\/span>\n<\/p>\n<div class=\"clear line\">\n<\/div>\n<p><strong>Vortr\u00e4ge (au\u00dferhalb Ihres eigenen Forums)<\/strong>\n<\/p>\n<p>Titel Vortrag 1:\n<\/p>\n<p><span class=\"wpcf7-form-control-wrap\" data-name=\"pres-topic1\"><input size=\"40\" maxlength=\"400\" class=\"wpcf7-form-control wpcf7-text\" aria-invalid=\"false\" value=\"\" type=\"text\" name=\"pres-topic1\" \/><\/span>\n<\/p>\n<p>Referent Vortrag 1:\n<\/p>\n<p><span class=\"wpcf7-form-control-wrap\" data-name=\"pres-ref1\"><input size=\"40\" maxlength=\"400\" class=\"wpcf7-form-control wpcf7-text\" aria-invalid=\"false\" value=\"\" type=\"text\" name=\"pres-ref1\" \/><\/span>\n<\/p>\n<p>gew\u00fcnschter Tag\/Uhrzeit Vortrag 1:\n<\/p>\n<p><span class=\"wpcf7-form-control-wrap\" data-name=\"daytime1\"><input size=\"40\" maxlength=\"400\" class=\"wpcf7-form-control wpcf7-text\" aria-invalid=\"false\" value=\"\" type=\"text\" name=\"daytime1\" \/><\/span>\n<\/p>\n<p>Titel Vortrag 2:\n<\/p>\n<p><span class=\"wpcf7-form-control-wrap\" data-name=\"pres-topic2\"><input size=\"40\" maxlength=\"400\" class=\"wpcf7-form-control wpcf7-text\" aria-invalid=\"false\" value=\"\" type=\"text\" name=\"pres-topic2\" \/><\/span>\n<\/p>\n<p>Referent Vortrag 2:\n<\/p>\n<p><span class=\"wpcf7-form-control-wrap\" data-name=\"pres-ref2\"><input size=\"40\" maxlength=\"400\" class=\"wpcf7-form-control wpcf7-text\" aria-invalid=\"false\" value=\"\" type=\"text\" name=\"pres-ref2\" \/><\/span>\n<\/p>\n<p>gew\u00fcnschter Tag\/Uhrzeit Vortrag 2:\n<\/p>\n<p><span class=\"wpcf7-form-control-wrap\" data-name=\"daytime2\"><input size=\"40\" maxlength=\"400\" class=\"wpcf7-form-control wpcf7-text\" aria-invalid=\"false\" value=\"\" type=\"text\" name=\"daytime2\" \/><\/span>\n<\/p>\n<p>Titel Vortrag 3:\n<\/p>\n<p><span class=\"wpcf7-form-control-wrap\" data-name=\"pres-topic3\"><input size=\"40\" maxlength=\"400\" class=\"wpcf7-form-control wpcf7-text\" aria-invalid=\"false\" value=\"\" type=\"text\" name=\"pres-topic3\" \/><\/span>\n<\/p>\n<p>Referent Vortrag 3:\n<\/p>\n<p><span class=\"wpcf7-form-control-wrap\" data-name=\"pres-ref3\"><input size=\"40\" maxlength=\"400\" class=\"wpcf7-form-control wpcf7-text\" aria-invalid=\"false\" value=\"\" type=\"text\" name=\"pres-ref3\" \/><\/span>\n<\/p>\n<p>gew\u00fcnschter Tag\/Uhrzeit Vortrag 3:\n<\/p>\n<p><span class=\"wpcf7-form-control-wrap\" data-name=\"daytime3\"><input size=\"40\" maxlength=\"400\" class=\"wpcf7-form-control wpcf7-text\" aria-invalid=\"false\" value=\"\" type=\"text\" name=\"daytime3\" \/><\/span>\n<\/p>\n<p>Titel Vortrag 4:\n<\/p>\n<p><span class=\"wpcf7-form-control-wrap\" data-name=\"pres-topic4\"><input size=\"40\" maxlength=\"400\" class=\"wpcf7-form-control wpcf7-text\" aria-invalid=\"false\" value=\"\" type=\"text\" name=\"pres-topic4\" \/><\/span>\n<\/p>\n<p>Referent Vortrag 4:\n<\/p>\n<p><span class=\"wpcf7-form-control-wrap\" data-name=\"pres-ref4\"><input size=\"40\" maxlength=\"400\" class=\"wpcf7-form-control wpcf7-text\" aria-invalid=\"false\" value=\"\" type=\"text\" name=\"pres-ref4\" \/><\/span>\n<\/p>\n<p>gew\u00fcnschter Tag\/Uhrzeit Vortrag 4:\n<\/p>\n<p><span class=\"wpcf7-form-control-wrap\" data-name=\"daytime4\"><input size=\"40\" maxlength=\"400\" class=\"wpcf7-form-control wpcf7-text\" aria-invalid=\"false\" value=\"\" type=\"text\" name=\"daytime4\" \/><\/span>\n<\/p>\n<p>Ben\u00f6tigte Materialien:\n<\/p>\n<p><span class=\"wpcf7-form-control-wrap\" data-name=\"lecternp\"><span class=\"wpcf7-form-control wpcf7-checkbox\"><span class=\"wpcf7-list-item first last\"><input type=\"checkbox\" name=\"lecternp[]\" value=\"Rednerpult\" \/><span class=\"wpcf7-list-item-label\">Rednerpult<\/span><\/span><\/span><\/span>\n<\/p>\n<p><span class=\"wpcf7-form-control-wrap\" data-name=\"flipp\"><span class=\"wpcf7-form-control wpcf7-checkbox\"><span class=\"wpcf7-list-item first last\"><input type=\"checkbox\" name=\"flipp[]\" value=\"Flipchart\" \/><span class=\"wpcf7-list-item-label\">Flipchart<\/span><\/span><\/span><\/span>\n<\/p>\n<p><span class=\"wpcf7-form-control-wrap\" data-name=\"pinp\"><span class=\"wpcf7-form-control wpcf7-checkbox\"><span class=\"wpcf7-list-item first last\"><input type=\"checkbox\" name=\"pinp[]\" value=\"Pinwand\" \/><span class=\"wpcf7-list-item-label\">Pinwand<\/span><\/span><\/span><\/span>\n<\/p>\n<p>sonstiges:\n<\/p>\n<p><span class=\"wpcf7-form-control-wrap\" data-name=\"divp\"><input size=\"40\" maxlength=\"400\" class=\"wpcf7-form-control wpcf7-text\" aria-invalid=\"false\" value=\"\" type=\"text\" name=\"divp\" \/><\/span>\n<\/p>\n<div class=\"clear line\">\n<\/div>\n<p>Weitere Nachricht:\n<\/p>\n<p><span class=\"wpcf7-form-control-wrap\" data-name=\"reg-message\"><textarea cols=\"40\" rows=\"10\" maxlength=\"2000\" class=\"wpcf7-form-control wpcf7-textarea\" aria-invalid=\"false\" name=\"reg-message\"><\/textarea><\/span>\n<\/p>\n<div class=\"clear line\">\n<\/div>\n<p><strong>Wichtig: Aufgrund der DSGVO bitten wir um Freigabe folgender Daten f\u00fcr unser \u00f6ffentliches Programm<\/strong>\n<\/p>\n<p><span class=\"wpcf7-form-control-wrap\" data-name=\"reg-program-list1\"><span class=\"wpcf7-form-control wpcf7-checkbox\"><span class=\"wpcf7-list-item first last\"><input type=\"checkbox\" name=\"reg-program-list1[]\" value=\"Ich bin mit der Aufnahme des Firmennamens in die Programmliste einverstanden\" \/><span class=\"wpcf7-list-item-label\">Ich bin mit der Aufnahme des Firmennamens in die Programmliste einverstanden<\/span><\/span><\/span><\/span>\n<\/p>\n<p><span class=\"wpcf7-form-control-wrap\" data-name=\"reg-program-list2\"><span class=\"wpcf7-form-control wpcf7-checkbox\"><span class=\"wpcf7-list-item first last\"><input type=\"checkbox\" name=\"reg-program-list2[]\" value=\"Ich bin mit der Aufnahme meines Namens in die Programmliste einverstanden\" \/><span class=\"wpcf7-list-item-label\">Ich bin mit der Aufnahme meines Namens in die Programmliste einverstanden<\/span><\/span><\/span><\/span>\n<\/p>\n<div class=\"clear line\">\n<\/div>\n<div class=\"web-visible\">\n\t<p>Mit dem Absenden der Anmeldung akzeptiere ich die Allgemeinen Gesch\u00e4ftsbedingungen der Firma Spreewind GmbH.\n\t<\/p>\n\t<div class=\"clear line\">\n\t<\/div>\n\t<p><span class=\"wpcf7-form-control-wrap\" data-name=\"acceptance-539\"><span class=\"wpcf7-form-control wpcf7-acceptance\"><span class=\"wpcf7-list-item\"><label><input type=\"checkbox\" name=\"acceptance-539\" value=\"1\" aria-invalid=\"false\" \/><span class=\"wpcf7-list-item-label\">Mit der Nutzung dieses Formulars erkl\u00e4ren Sie sich mit der Speicherung und Verarbeitung Ihrer Daten durch diese Website einverstanden. <a target=\"_blank\" href=\"https:\/\/windenergietage.de\/2020\/datenschutz\/\">Datenschutzerkl\u00e4rung<\/a><\/span><\/label><\/span><\/span><\/span>\n\t<\/p>\n\t<div class=\"clear divider-10\">\n\t<\/div>\n\t<p><p><span class=\"wpcf7-form-control-wrap\"><input type=\"hidden\" name=\"php_start_time\" value=\"1777388522.5049\" \/><input type=\"hidden\" name=\"js_end_time\" class=\"js_end_time\" value=\"\" \/><input type=\"hidden\" name=\"js_start_time\" class=\"js_start_time\" value=\"\" \/><div class=\"f12t\"><input type=\"hidden\" class=\"f12_timer\" name=\"f12_timer\" value=\"$2y$12$Be5GpOowGcW7dxVtthlkGOhWrSpgGAX5WUXtdCCyAlTBvf9L7mCom\"\/><\/div><input id=\"f12_captcha\" type=\"text\" style=\"visibility:hidden!important; opacity:1!important; height:0!important; width:0!important; margin:0!important; padding:0!important;\" name=\"f12_captcha\" value=\"\"\/><input type=\"hidden\" name=\"behavior_nonce\" value=\"\" \/><script>\r\n(function(){\r\n\tvar el = document.currentScript;\r\n\tif (!el) return;\r\n\tvar form = el.closest(\"form\");\r\n\tif (!form || form.dataset.ssInit === \"1\") return;\r\n\tform.dataset.ssInit = \"1\";\r\n\tform.dataset.ssMode = \"protect\";\r\n\tform.dataset.ssSource = \"rule\";\r\n})();\r\n<\/script><\/span><\/p><input class=\"wpcf7-form-control wpcf7-submit has-spinner\" type=\"submit\" value=\"Anmeldung absenden\" \/>\n\t<\/p>\n<\/div>\n<div class=\"print-visible\">\n\t<p>Mit meiner Unterschrift akzeptiere ich die Allgemeinen Gesch\u00e4ftsbedingungen der Firma Spreewind GmbH.\n\t<\/p>\n\t<div class=\"clear divider-10\">\n\t<\/div>\n\t<div class=\"clear divider-20\">\n\t<\/div>\n\t<div class=\"col-2 col-left\">\n\t\t<p><strong>Datum<\/strong>\n\t\t<\/p>\n\t<\/div>\n\t<div class=\"col-2 col-right\">\n\t\t<p><strong>Unterschrift<\/strong>\n\t\t<\/p>\n\t<\/div>\n\t<div class=\"clear\">\n\t<\/div>\n<\/div><div class=\"wpcf7-response-output\" aria-hidden=\"true\"><\/div>\n<\/form>\n<\/div>\n\n","protected":false},"excerpt":{"rendered":"<p>Hier k\u00f6nnen Sie Ihre Vortrags- und Forumsw\u00fcnsche eintragen. Wir haben Ihnen vorab schon mal die wichtigsten Informationen zusammengestellt: Information f\u00fcr Vortr\u00e4ge Information f\u00fcr Foren Zus\u00e4tzlich zu dieser Anmeldung m\u00fcssen die&#8230;<\/p>\n","protected":false},"author":5,"featured_media":0,"parent":0,"menu_order":0,"comment_status":"closed","ping_status":"closed","template":"","meta":{"_acf_changed":false,"footnotes":""},"class_list":["post-6004","page","type-page","status-publish","hentry"],"acf":[],"_links":{"self":[{"href":"https:\/\/windenergietage.de\/2026\/wp-json\/wp\/v2\/pages\/6004","targetHints":{"allow":["GET"]}}],"collection":[{"href":"https:\/\/windenergietage.de\/2026\/wp-json\/wp\/v2\/pages"}],"about":[{"href":"https:\/\/windenergietage.de\/2026\/wp-json\/wp\/v2\/types\/page"}],"author":[{"embeddable":true,"href":"https:\/\/windenergietage.de\/2026\/wp-json\/wp\/v2\/users\/5"}],"replies":[{"embeddable":true,"href":"https:\/\/windenergietage.de\/2026\/wp-json\/wp\/v2\/comments?post=6004"}],"version-history":[{"count":6,"href":"https:\/\/windenergietage.de\/2026\/wp-json\/wp\/v2\/pages\/6004\/revisions"}],"predecessor-version":[{"id":6053,"href":"https:\/\/windenergietage.de\/2026\/wp-json\/wp\/v2\/pages\/6004\/revisions\/6053"}],"wp:attachment":[{"href":"https:\/\/windenergietage.de\/2026\/wp-json\/wp\/v2\/media?parent=6004"}],"curies":[{"name":"wp","href":"https:\/\/api.w.org\/{rel}","templated":true}]}}