{"id":679,"date":"2016-09-19T13:08:53","date_gmt":"2016-09-19T11:08:53","guid":{"rendered":"http:\/\/www.windenergietage.de\/?page_id=679"},"modified":"2025-10-31T16:03:24","modified_gmt":"2025-10-31T15:03:24","slug":"unterstuetzerkatalog","status":"publish","type":"page","link":"https:\/\/windenergietage.de\/2026\/unterstuetzerkatalog\/","title":{"rendered":"Unterst\u00fctzer"},"content":{"rendered":"<h5>UNTERST\u00dcTZER KATALOG: IHRE W\u00dcNSCHE &#8211; ALLE M\u00d6GLICHKEITEN<\/h5>\n<p>Der Unterst\u00fctzerkatalog ist demn\u00e4chst verf\u00fcgbar.<\/p>\n","protected":false},"excerpt":{"rendered":"<p>UNTERST\u00dcTZER KATALOG: IHRE W\u00dcNSCHE &#8211; ALLE M\u00d6GLICHKEITEN Der Unterst\u00fctzerkatalog ist demn\u00e4chst verf\u00fcgbar.<\/p>\n","protected":false},"author":1,"featured_media":0,"parent":0,"menu_order":0,"comment_status":"closed","ping_status":"closed","template":"","meta":{"_acf_changed":false,"footnotes":""},"class_list":["post-679","page","type-page","status-publish","hentry"],"acf":[],"_links":{"self":[{"href":"https:\/\/windenergietage.de\/2026\/wp-json\/wp\/v2\/pages\/679","targetHints":{"allow":["GET"]}}],"collection":[{"href":"https:\/\/windenergietage.de\/2026\/wp-json\/wp\/v2\/pages"}],"about":[{"href":"https:\/\/windenergietage.de\/2026\/wp-json\/wp\/v2\/types\/page"}],"author":[{"embeddable":true,"href":"https:\/\/windenergietage.de\/2026\/wp-json\/wp\/v2\/users\/1"}],"replies":[{"embeddable":true,"href":"https:\/\/windenergietage.de\/2026\/wp-json\/wp\/v2\/comments?post=679"}],"version-history":[{"count":2,"href":"https:\/\/windenergietage.de\/2026\/wp-json\/wp\/v2\/pages\/679\/revisions"}],"predecessor-version":[{"id":5959,"href":"https:\/\/windenergietage.de\/2026\/wp-json\/wp\/v2\/pages\/679\/revisions\/5959"}],"wp:attachment":[{"href":"https:\/\/windenergietage.de\/2026\/wp-json\/wp\/v2\/media?parent=679"}],"curies":[{"name":"wp","href":"https:\/\/api.w.org\/{rel}","templated":true}]}}